{"id":901,"date":"2022-07-20T00:30:24","date_gmt":"2022-07-20T00:30:24","guid":{"rendered":"https:\/\/visionestrategica.elcolombiano.com\/?page_id=901"},"modified":"2022-09-01T19:31:32","modified_gmt":"2022-09-01T19:31:32","slug":"articulos-destacados-2","status":"publish","type":"page","link":"https:\/\/visionestrategica.elcolombiano.com\/index.php\/articulos-destacados-2\/","title":{"rendered":"Art\u00edculos destacados"},"content":{"rendered":"\t\t<div data-elementor-type=\"wp-page\" data-elementor-id=\"901\" class=\"elementor elementor-901\">\n\t\t\t\t\t\t\t\t\t<section class=\"elementor-section elementor-top-section elementor-element elementor-element-27344d41 elementor-section-height-min-height elementor-section-content-middle elementor-section-boxed elementor-section-height-default elementor-section-items-middle\" data-id=\"27344d41\" data-element_type=\"section\" data-settings=\"{&quot;background_background&quot;:&quot;classic&quot;}\">\n\t\t\t\t\t\t\t<div class=\"elementor-background-overlay\"><\/div>\n\t\t\t\t\t\t\t<div class=\"elementor-container elementor-column-gap-no\">\n\t\t\t\t\t<div class=\"elementor-column elementor-col-100 elementor-top-column elementor-element elementor-element-51db2364\" data-id=\"51db2364\" data-element_type=\"column\">\n\t\t\t<div class=\"elementor-widget-wrap elementor-element-populated\">\n\t\t\t\t\t\t\t\t<div class=\"elementor-element elementor-element-d21fc20 elementor-widget elementor-widget-heading\" data-id=\"d21fc20\" data-element_type=\"widget\" data-widget_type=\"heading.default\">\n\t\t\t\t<div class=\"elementor-widget-container\">\n\t\t\t<style>\/*! elementor - v3.16.0 - 20-09-2023 *\/\n.elementor-heading-title{padding:0;margin:0;line-height:1}.elementor-widget-heading .elementor-heading-title[class*=elementor-size-]>a{color:inherit;font-size:inherit;line-height:inherit}.elementor-widget-heading .elementor-heading-title.elementor-size-small{font-size:15px}.elementor-widget-heading .elementor-heading-title.elementor-size-medium{font-size:19px}.elementor-widget-heading .elementor-heading-title.elementor-size-large{font-size:29px}.elementor-widget-heading .elementor-heading-title.elementor-size-xl{font-size:39px}.elementor-widget-heading .elementor-heading-title.elementor-size-xxl{font-size:59px}<\/style><h2 class=\"elementor-heading-title elementor-size-default\">ART\u00cdCULOS DESTACADOS<\/h2>\t\t<\/div>\n\t\t\t\t<\/div>\n\t\t\t\t<div class=\"elementor-element elementor-element-4030237f elementor-widget elementor-widget-text-editor\" data-id=\"4030237f\" data-element_type=\"widget\" data-widget_type=\"text-editor.default\">\n\t\t\t\t<div class=\"elementor-widget-container\">\n\t\t\t<style>\/*! elementor - v3.16.0 - 20-09-2023 *\/\n.elementor-widget-text-editor.elementor-drop-cap-view-stacked .elementor-drop-cap{background-color:#69727d;color:#fff}.elementor-widget-text-editor.elementor-drop-cap-view-framed .elementor-drop-cap{color:#69727d;border:3px solid;background-color:transparent}.elementor-widget-text-editor:not(.elementor-drop-cap-view-default) .elementor-drop-cap{margin-top:8px}.elementor-widget-text-editor:not(.elementor-drop-cap-view-default) .elementor-drop-cap-letter{width:1em;height:1em}.elementor-widget-text-editor .elementor-drop-cap{float:left;text-align:center;line-height:1;font-size:50px}.elementor-widget-text-editor .elementor-drop-cap-letter{display:inline-block}<\/style>\t\t\t\t<p><b>Los que m\u00e1s saben de innovaci\u00f3n dan sus consejos para que su empresa se atreva a innovar y tenga una mayor posibilidad de \u00e9xito a futuro.<\/b><\/p>\t\t\t\t\t\t<\/div>\n\t\t\t\t<\/div>\n\t\t\t\t\t<\/div>\n\t\t<\/div>\n\t\t\t\t\t\t\t<\/div>\n\t\t<\/section>\n\t\t\t\t<section class=\"elementor-section elementor-top-section elementor-element elementor-element-72766ab elementor-section-boxed elementor-section-height-default elementor-section-height-default\" data-id=\"72766ab\" data-element_type=\"section\">\n\t\t\t\t\t\t<div class=\"elementor-container elementor-column-gap-default\">\n\t\t\t\t\t<div class=\"elementor-column elementor-col-100 elementor-top-column elementor-element elementor-element-6a3d909\" data-id=\"6a3d909\" data-element_type=\"column\">\n\t\t\t<div class=\"elementor-widget-wrap elementor-element-populated\">\n\t\t\t\t\t\t\t\t<div class=\"elementor-element elementor-element-df13715 elementor-widget__width-inherit elementor-widget elementor-widget-htmega-postgrid-addons\" data-id=\"df13715\" data-element_type=\"widget\" data-settings=\"{&quot;grid_post_type&quot;:&quot;post&quot;}\" data-widget_type=\"htmega-postgrid-addons.default\">\n\t\t\t\t<div class=\"elementor-widget-container\">\n\t\t\t            \n        <div class=\"htmega-post-grid-area htmega-post-grid-layout-4\">\n            <div class=\"htb-col\">\n                <div class=\"row--10 htb-row\">\n                    \n                                                    <div class=\"htb-col-lg-4 htb-col-sm-6 htb-col-12\">\n                                <div class=\"ht-post black-overlay mt--30\">\n                                        <div class=\"thumb\">\n                                            <a href=\"https:\/\/visionestrategica.elcolombiano.com\/index.php\/2022\/07\/20\/la-urgencia-de-innovar\/\">\n                                                <img loading=\"lazy\" width=\"2560\" height=\"1248\" src=\"https:\/\/visionestrategica.elcolombiano.com\/wp-content\/uploads\/2022\/07\/LA-URGENCIA-DE-INNOVAR-01-scaled.jpg\" class=\"attachment-full size-full wp-post-image\" alt=\"\" decoding=\"async\" srcset=\"https:\/\/visionestrategica.elcolombiano.com\/wp-content\/uploads\/2022\/07\/LA-URGENCIA-DE-INNOVAR-01-scaled.jpg 2560w, https:\/\/visionestrategica.elcolombiano.com\/wp-content\/uploads\/2022\/07\/LA-URGENCIA-DE-INNOVAR-01-300x146.jpg 300w, https:\/\/visionestrategica.elcolombiano.com\/wp-content\/uploads\/2022\/07\/LA-URGENCIA-DE-INNOVAR-01-1024x499.jpg 1024w, https:\/\/visionestrategica.elcolombiano.com\/wp-content\/uploads\/2022\/07\/LA-URGENCIA-DE-INNOVAR-01-768x375.jpg 768w, https:\/\/visionestrategica.elcolombiano.com\/wp-content\/uploads\/2022\/07\/LA-URGENCIA-DE-INNOVAR-01-1536x749.jpg 1536w, https:\/\/visionestrategica.elcolombiano.com\/wp-content\/uploads\/2022\/07\/LA-URGENCIA-DE-INNOVAR-01-2048x999.jpg 2048w\" sizes=\"(max-width: 2560px) 100vw, 2560px\" \/>                                            <\/a>\n                                        <\/div>\n                                                                    <\/div>\n                            <\/div>\n\n                        \n                        \n                                                    <div class=\"htb-col-lg-4 htb-col-sm-6 htb-col-12\">\n                                <div class=\"ht-post black-overlay mt--30\">\n                                        <div class=\"thumb\">\n                                            <a href=\"https:\/\/visionestrategica.elcolombiano.com\/index.php\/2022\/07\/22\/europa-marca-la-senda-de-innovacion\/\">\n                                                <img loading=\"lazy\" width=\"720\" height=\"351\" src=\"https:\/\/visionestrategica.elcolombiano.com\/wp-content\/uploads\/2022\/08\/IMAGENES-DESTACADOS-04.jpg\" class=\"attachment-full size-full wp-post-image\" alt=\"\" decoding=\"async\" srcset=\"https:\/\/visionestrategica.elcolombiano.com\/wp-content\/uploads\/2022\/08\/IMAGENES-DESTACADOS-04.jpg 720w, https:\/\/visionestrategica.elcolombiano.com\/wp-content\/uploads\/2022\/08\/IMAGENES-DESTACADOS-04-300x146.jpg 300w\" sizes=\"(max-width: 720px) 100vw, 720px\" \/>                                            <\/a>\n                                        <\/div>\n                                                                    <\/div>\n                            <\/div>\n\n                        \n                        \n                                                    <div class=\"htb-col-lg-4 htb-col-sm-6 htb-col-12\">\n                                <div class=\"ht-post black-overlay mt--30\">\n                                        <div class=\"thumb\">\n                                            <a href=\"https:\/\/visionestrategica.elcolombiano.com\/index.php\/2022\/07\/24\/investigar-y-desarrollar-la-deuda-de-a-latina\/\">\n                                                <img loading=\"lazy\" width=\"720\" height=\"351\" src=\"https:\/\/visionestrategica.elcolombiano.com\/wp-content\/uploads\/2022\/08\/IMAGENES-DESTACADOS-05.jpg\" class=\"attachment-full size-full wp-post-image\" alt=\"\" decoding=\"async\" srcset=\"https:\/\/visionestrategica.elcolombiano.com\/wp-content\/uploads\/2022\/08\/IMAGENES-DESTACADOS-05.jpg 720w, https:\/\/visionestrategica.elcolombiano.com\/wp-content\/uploads\/2022\/08\/IMAGENES-DESTACADOS-05-300x146.jpg 300w\" sizes=\"(max-width: 720px) 100vw, 720px\" \/>                                            <\/a>\n                                        <\/div>\n                                                                    <\/div>\n                            <\/div>\n\n                        \n                        \n                                                    <div class=\"htb-col-lg-4 htb-col-sm-6 htb-col-12\">\n                                <div class=\"ht-post black-overlay mt--30\">\n                                        <div class=\"thumb\">\n                                            <a href=\"https:\/\/visionestrategica.elcolombiano.com\/index.php\/2022\/07\/26\/en-colombia-la-tarea-es-mejorar-los-indicadores-de-innovacion\/\">\n                                                <img loading=\"lazy\" width=\"720\" height=\"351\" src=\"https:\/\/visionestrategica.elcolombiano.com\/wp-content\/uploads\/2022\/08\/colombia.jpg\" class=\"attachment-full size-full wp-post-image\" alt=\"\" decoding=\"async\" srcset=\"https:\/\/visionestrategica.elcolombiano.com\/wp-content\/uploads\/2022\/08\/colombia.jpg 720w, https:\/\/visionestrategica.elcolombiano.com\/wp-content\/uploads\/2022\/08\/colombia-300x146.jpg 300w\" sizes=\"(max-width: 720px) 100vw, 720px\" \/>                                            <\/a>\n                                        <\/div>\n                                                                    <\/div>\n                            <\/div>\n\n                        \n                        \n                                                    <div class=\"htb-col-lg-4 htb-col-sm-6 htb-col-12\">\n                                <div class=\"ht-post black-overlay mt--30\">\n                                        <div class=\"thumb\">\n                                            <a href=\"https:\/\/visionestrategica.elcolombiano.com\/index.php\/2022\/07\/28\/medellin-innovo-para-no-morir\/\">\n                                                <img loading=\"lazy\" width=\"720\" height=\"351\" src=\"https:\/\/visionestrategica.elcolombiano.com\/wp-content\/uploads\/2022\/08\/Medellin.jpg\" class=\"attachment-full size-full wp-post-image\" alt=\"\" decoding=\"async\" srcset=\"https:\/\/visionestrategica.elcolombiano.com\/wp-content\/uploads\/2022\/08\/Medellin.jpg 720w, https:\/\/visionestrategica.elcolombiano.com\/wp-content\/uploads\/2022\/08\/Medellin-300x146.jpg 300w\" sizes=\"(max-width: 720px) 100vw, 720px\" \/>                                            <\/a>\n                                        <\/div>\n                                                                    <\/div>\n                            <\/div>\n\n                        \n                        \n                                                    <div class=\"htb-col-lg-4 htb-col-sm-6 htb-col-12\">\n                                <div class=\"ht-post black-overlay mt--30\">\n                                        <div class=\"thumb\">\n                                            <a href=\"https:\/\/visionestrategica.elcolombiano.com\/index.php\/2022\/07\/30\/israel-lleva-50-anos-invirtiendo-en-innovacion-antes-de-que-fuera-moda\/\">\n                                                <img loading=\"lazy\" width=\"720\" height=\"351\" src=\"https:\/\/visionestrategica.elcolombiano.com\/wp-content\/uploads\/2022\/08\/Israel.jpg\" class=\"attachment-full size-full wp-post-image\" alt=\"\" decoding=\"async\" srcset=\"https:\/\/visionestrategica.elcolombiano.com\/wp-content\/uploads\/2022\/08\/Israel.jpg 720w, https:\/\/visionestrategica.elcolombiano.com\/wp-content\/uploads\/2022\/08\/Israel-300x146.jpg 300w\" sizes=\"(max-width: 720px) 100vw, 720px\" \/>                                            <\/a>\n                                        <\/div>\n                                                                    <\/div>\n                            <\/div>\n\n                        \n                        \n                                                    <div class=\"htb-col-lg-4 htb-col-sm-6 htb-col-12\">\n                                <div class=\"ht-post black-overlay mt--30\">\n                                        <div class=\"thumb\">\n                                            <a href=\"https:\/\/visionestrategica.elcolombiano.com\/index.php\/2022\/08\/01\/laboratorio-de-innovacion\/\">\n                                                <img loading=\"lazy\" width=\"720\" height=\"351\" src=\"https:\/\/visionestrategica.elcolombiano.com\/wp-content\/uploads\/2022\/07\/IMA\u0301GENES-DESTACADOS-02.png\" class=\"attachment-full size-full wp-post-image\" alt=\"\" decoding=\"async\" srcset=\"https:\/\/visionestrategica.elcolombiano.com\/wp-content\/uploads\/2022\/07\/IMA\u0301GENES-DESTACADOS-02.png 720w, https:\/\/visionestrategica.elcolombiano.com\/wp-content\/uploads\/2022\/07\/IMA\u0301GENES-DESTACADOS-02-300x146.png 300w\" sizes=\"(max-width: 720px) 100vw, 720px\" \/>                                            <\/a>\n                                        <\/div>\n                                                                    <\/div>\n                            <\/div>\n\n                        \n                                        <\/div>\n            <\/div>\n        <\/div>\n\n        \t\t<\/div>\n\t\t\t\t<\/div>\n\t\t\t\t\t<\/div>\n\t\t<\/div>\n\t\t\t\t\t\t\t<\/div>\n\t\t<\/section>\n\t\t\t\t\t\t\t<\/div>\n\t\t","protected":false},"excerpt":{"rendered":"<p>ART\u00cdCULOS DESTACADOS Los que m\u00e1s saben de innovaci\u00f3n dan sus consejos para que su empresa se atreva a innovar y tenga una mayor posibilidad de \u00e9xito a futuro.<\/p>\n","protected":false},"author":3,"featured_media":0,"parent":0,"menu_order":0,"comment_status":"closed","ping_status":"closed","template":"elementor_header_footer","meta":{"footnotes":""},"yoast_head":"<!-- This site is optimized with the Yoast SEO plugin v21.2 - https:\/\/yoast.com\/wordpress\/plugins\/seo\/ -->\n<title>Art\u00edculos destacados - Visi\u00f3n Estrat\u00e9gica l El Colombiano<\/title>\n<meta name=\"robots\" content=\"index, follow, max-snippet:-1, max-image-preview:large, max-video-preview:-1\" \/>\n<link rel=\"canonical\" href=\"https:\/\/visionestrategica.elcolombiano.com\/index.php\/articulos-destacados-2\/\" \/>\n<meta property=\"og:locale\" content=\"es_ES\" \/>\n<meta property=\"og:type\" content=\"article\" \/>\n<meta property=\"og:title\" content=\"Art\u00edculos destacados - Visi\u00f3n Estrat\u00e9gica l El Colombiano\" \/>\n<meta property=\"og:description\" content=\"ART\u00cdCULOS DESTACADOS Los que m\u00e1s saben de innovaci\u00f3n dan sus consejos para que su empresa se atreva a innovar y tenga una mayor posibilidad de \u00e9xito a futuro.\" \/>\n<meta property=\"og:url\" content=\"https:\/\/visionestrategica.elcolombiano.com\/index.php\/articulos-destacados-2\/\" \/>\n<meta property=\"og:site_name\" content=\"Visi\u00f3n Estrat\u00e9gica l El Colombiano\" \/>\n<meta property=\"article:modified_time\" content=\"2022-09-01T19:31:32+00:00\" \/>\n<meta property=\"og:image\" content=\"https:\/\/visionestrategica.elcolombiano.com\/wp-content\/uploads\/2022\/07\/LA-URGENCIA-DE-INNOVAR-01-scaled.jpg\" \/>\n<meta name=\"twitter:card\" content=\"summary_large_image\" \/>\n<meta name=\"twitter:label1\" content=\"Tiempo de lectura\" \/>\n\t<meta name=\"twitter:data1\" content=\"2 minutos\" \/>\n<script type=\"application\/ld+json\" class=\"yoast-schema-graph\">{\"@context\":\"https:\/\/schema.org\",\"@graph\":[{\"@type\":\"WebPage\",\"@id\":\"https:\/\/visionestrategica.elcolombiano.com\/index.php\/articulos-destacados-2\/\",\"url\":\"https:\/\/visionestrategica.elcolombiano.com\/index.php\/articulos-destacados-2\/\",\"name\":\"Art\u00edculos destacados - Visi\u00f3n Estrat\u00e9gica l El Colombiano\",\"isPartOf\":{\"@id\":\"https:\/\/visionestrategica.elcolombiano.com\/#website\"},\"datePublished\":\"2022-07-20T00:30:24+00:00\",\"dateModified\":\"2022-09-01T19:31:32+00:00\",\"breadcrumb\":{\"@id\":\"https:\/\/visionestrategica.elcolombiano.com\/index.php\/articulos-destacados-2\/#breadcrumb\"},\"inLanguage\":\"es\",\"potentialAction\":[{\"@type\":\"ReadAction\",\"target\":[\"https:\/\/visionestrategica.elcolombiano.com\/index.php\/articulos-destacados-2\/\"]}]},{\"@type\":\"BreadcrumbList\",\"@id\":\"https:\/\/visionestrategica.elcolombiano.com\/index.php\/articulos-destacados-2\/#breadcrumb\",\"itemListElement\":[{\"@type\":\"ListItem\",\"position\":1,\"name\":\"Home\",\"item\":\"https:\/\/visionestrategica.elcolombiano.com\/\"},{\"@type\":\"ListItem\",\"position\":2,\"name\":\"Art\u00edculos destacados\"}]},{\"@type\":\"WebSite\",\"@id\":\"https:\/\/visionestrategica.elcolombiano.com\/#website\",\"url\":\"https:\/\/visionestrategica.elcolombiano.com\/\",\"name\":\"Visi\u00f3n Estrat\u00e9gica l El Colombiano\",\"description\":\"Visi\u00f3n Estrat\u00e9gica l El Colombiano\",\"publisher\":{\"@id\":\"https:\/\/visionestrategica.elcolombiano.com\/#organization\"},\"potentialAction\":[{\"@type\":\"SearchAction\",\"target\":{\"@type\":\"EntryPoint\",\"urlTemplate\":\"https:\/\/visionestrategica.elcolombiano.com\/?s={search_term_string}\"},\"query-input\":\"required name=search_term_string\"}],\"inLanguage\":\"es\"},{\"@type\":\"Organization\",\"@id\":\"https:\/\/visionestrategica.elcolombiano.com\/#organization\",\"name\":\"Visi\u00f3n Estrat\u00e9gica l El Colombiano\",\"url\":\"https:\/\/visionestrategica.elcolombiano.com\/\",\"logo\":{\"@type\":\"ImageObject\",\"inLanguage\":\"es\",\"@id\":\"https:\/\/visionestrategica.elcolombiano.com\/#\/schema\/logo\/image\/\",\"url\":\"https:\/\/visionestrategica.elcolombiano.com\/wp-content\/uploads\/2022\/07\/cropped-Recurso-1-1.png\",\"contentUrl\":\"https:\/\/visionestrategica.elcolombiano.com\/wp-content\/uploads\/2022\/07\/cropped-Recurso-1-1.png\",\"width\":288,\"height\":107,\"caption\":\"Visi\u00f3n Estrat\u00e9gica l El Colombiano\"},\"image\":{\"@id\":\"https:\/\/visionestrategica.elcolombiano.com\/#\/schema\/logo\/image\/\"}}]}<\/script>\n<!-- \/ Yoast SEO plugin. -->","yoast_head_json":{"title":"Art\u00edculos destacados - Visi\u00f3n Estrat\u00e9gica l El Colombiano","robots":{"index":"index","follow":"follow","max-snippet":"max-snippet:-1","max-image-preview":"max-image-preview:large","max-video-preview":"max-video-preview:-1"},"canonical":"https:\/\/visionestrategica.elcolombiano.com\/index.php\/articulos-destacados-2\/","og_locale":"es_ES","og_type":"article","og_title":"Art\u00edculos destacados - Visi\u00f3n Estrat\u00e9gica l El Colombiano","og_description":"ART\u00cdCULOS DESTACADOS Los que m\u00e1s saben de innovaci\u00f3n dan sus consejos para que su empresa se atreva a innovar y tenga una mayor posibilidad de \u00e9xito a futuro.","og_url":"https:\/\/visionestrategica.elcolombiano.com\/index.php\/articulos-destacados-2\/","og_site_name":"Visi\u00f3n Estrat\u00e9gica l El Colombiano","article_modified_time":"2022-09-01T19:31:32+00:00","og_image":[{"url":"https:\/\/visionestrategica.elcolombiano.com\/wp-content\/uploads\/2022\/07\/LA-URGENCIA-DE-INNOVAR-01-scaled.jpg"}],"twitter_card":"summary_large_image","twitter_misc":{"Tiempo de lectura":"2 minutos"},"schema":{"@context":"https:\/\/schema.org","@graph":[{"@type":"WebPage","@id":"https:\/\/visionestrategica.elcolombiano.com\/index.php\/articulos-destacados-2\/","url":"https:\/\/visionestrategica.elcolombiano.com\/index.php\/articulos-destacados-2\/","name":"Art\u00edculos destacados - Visi\u00f3n Estrat\u00e9gica l El Colombiano","isPartOf":{"@id":"https:\/\/visionestrategica.elcolombiano.com\/#website"},"datePublished":"2022-07-20T00:30:24+00:00","dateModified":"2022-09-01T19:31:32+00:00","breadcrumb":{"@id":"https:\/\/visionestrategica.elcolombiano.com\/index.php\/articulos-destacados-2\/#breadcrumb"},"inLanguage":"es","potentialAction":[{"@type":"ReadAction","target":["https:\/\/visionestrategica.elcolombiano.com\/index.php\/articulos-destacados-2\/"]}]},{"@type":"BreadcrumbList","@id":"https:\/\/visionestrategica.elcolombiano.com\/index.php\/articulos-destacados-2\/#breadcrumb","itemListElement":[{"@type":"ListItem","position":1,"name":"Home","item":"https:\/\/visionestrategica.elcolombiano.com\/"},{"@type":"ListItem","position":2,"name":"Art\u00edculos destacados"}]},{"@type":"WebSite","@id":"https:\/\/visionestrategica.elcolombiano.com\/#website","url":"https:\/\/visionestrategica.elcolombiano.com\/","name":"Visi\u00f3n Estrat\u00e9gica l El Colombiano","description":"Visi\u00f3n Estrat\u00e9gica l El Colombiano","publisher":{"@id":"https:\/\/visionestrategica.elcolombiano.com\/#organization"},"potentialAction":[{"@type":"SearchAction","target":{"@type":"EntryPoint","urlTemplate":"https:\/\/visionestrategica.elcolombiano.com\/?s={search_term_string}"},"query-input":"required name=search_term_string"}],"inLanguage":"es"},{"@type":"Organization","@id":"https:\/\/visionestrategica.elcolombiano.com\/#organization","name":"Visi\u00f3n Estrat\u00e9gica l El Colombiano","url":"https:\/\/visionestrategica.elcolombiano.com\/","logo":{"@type":"ImageObject","inLanguage":"es","@id":"https:\/\/visionestrategica.elcolombiano.com\/#\/schema\/logo\/image\/","url":"https:\/\/visionestrategica.elcolombiano.com\/wp-content\/uploads\/2022\/07\/cropped-Recurso-1-1.png","contentUrl":"https:\/\/visionestrategica.elcolombiano.com\/wp-content\/uploads\/2022\/07\/cropped-Recurso-1-1.png","width":288,"height":107,"caption":"Visi\u00f3n Estrat\u00e9gica l El Colombiano"},"image":{"@id":"https:\/\/visionestrategica.elcolombiano.com\/#\/schema\/logo\/image\/"}}]}},"_links":{"self":[{"href":"https:\/\/visionestrategica.elcolombiano.com\/index.php\/wp-json\/wp\/v2\/pages\/901"}],"collection":[{"href":"https:\/\/visionestrategica.elcolombiano.com\/index.php\/wp-json\/wp\/v2\/pages"}],"about":[{"href":"https:\/\/visionestrategica.elcolombiano.com\/index.php\/wp-json\/wp\/v2\/types\/page"}],"author":[{"embeddable":true,"href":"https:\/\/visionestrategica.elcolombiano.com\/index.php\/wp-json\/wp\/v2\/users\/3"}],"replies":[{"embeddable":true,"href":"https:\/\/visionestrategica.elcolombiano.com\/index.php\/wp-json\/wp\/v2\/comments?post=901"}],"version-history":[{"count":74,"href":"https:\/\/visionestrategica.elcolombiano.com\/index.php\/wp-json\/wp\/v2\/pages\/901\/revisions"}],"predecessor-version":[{"id":2306,"href":"https:\/\/visionestrategica.elcolombiano.com\/index.php\/wp-json\/wp\/v2\/pages\/901\/revisions\/2306"}],"wp:attachment":[{"href":"https:\/\/visionestrategica.elcolombiano.com\/index.php\/wp-json\/wp\/v2\/media?parent=901"}],"curies":[{"name":"wp","href":"https:\/\/api.w.org\/{rel}","templated":true}]}}