{"id":759,"date":"2022-07-19T03:01:57","date_gmt":"2022-07-19T03:01:57","guid":{"rendered":"https:\/\/visionestrategica.elcolombiano.com\/?page_id=759"},"modified":"2022-07-24T16:32:51","modified_gmt":"2022-07-24T16:32:51","slug":"50-empresas-mas-innovadoras","status":"publish","type":"page","link":"https:\/\/visionestrategica.elcolombiano.com\/index.php\/50-empresas-mas-innovadoras\/","title":{"rendered":"50 empresas m\u00e1s innovadoras"},"content":{"rendered":"\t\t<div data-elementor-type=\"wp-page\" data-elementor-id=\"759\" class=\"elementor elementor-759\">\n\t\t\t\t\t\t\t\t\t<section class=\"elementor-section elementor-top-section elementor-element elementor-element-8e3ee10 elementor-section-height-min-height elementor-section-content-middle elementor-section-full_width elementor-section-height-default elementor-section-items-middle\" data-id=\"8e3ee10\" data-element_type=\"section\" data-settings=\"{&quot;background_background&quot;:&quot;classic&quot;}\">\n\t\t\t\t\t\t\t<div class=\"elementor-background-overlay\"><\/div>\n\t\t\t\t\t\t\t<div class=\"elementor-container elementor-column-gap-no\">\n\t\t\t\t\t<div class=\"elementor-column elementor-col-100 elementor-top-column elementor-element elementor-element-db0a906\" data-id=\"db0a906\" data-element_type=\"column\">\n\t\t\t<div class=\"elementor-widget-wrap elementor-element-populated\">\n\t\t\t\t\t\t\t\t<div class=\"elementor-element elementor-element-2ed8c85 elementor-widget elementor-widget-heading\" data-id=\"2ed8c85\" data-element_type=\"widget\" data-widget_type=\"heading.default\">\n\t\t\t\t<div class=\"elementor-widget-container\">\n\t\t\t<style>\/*! elementor - v3.16.0 - 20-09-2023 *\/\n.elementor-heading-title{padding:0;margin:0;line-height:1}.elementor-widget-heading .elementor-heading-title[class*=elementor-size-]>a{color:inherit;font-size:inherit;line-height:inherit}.elementor-widget-heading .elementor-heading-title.elementor-size-small{font-size:15px}.elementor-widget-heading .elementor-heading-title.elementor-size-medium{font-size:19px}.elementor-widget-heading .elementor-heading-title.elementor-size-large{font-size:29px}.elementor-widget-heading .elementor-heading-title.elementor-size-xl{font-size:39px}.elementor-widget-heading .elementor-heading-title.elementor-size-xxl{font-size:59px}<\/style><h2 class=\"elementor-heading-title elementor-size-default\">Las 50 empresas m\u00e1s innovadoras del mundo: tecnol\u00f3gicas y farmac\u00e9uticas lideran<\/h2>\t\t<\/div>\n\t\t\t\t<\/div>\n\t\t\t\t\t<\/div>\n\t\t<\/div>\n\t\t\t\t\t\t\t<\/div>\n\t\t<\/section>\n\t\t\t\t<section class=\"elementor-section elementor-top-section elementor-element elementor-element-ceb2846 elementor-section-boxed elementor-section-height-default elementor-section-height-default\" data-id=\"ceb2846\" data-element_type=\"section\" data-settings=\"{&quot;background_background&quot;:&quot;classic&quot;}\">\n\t\t\t\t\t\t<div class=\"elementor-container elementor-column-gap-default\">\n\t\t\t\t\t<div class=\"elementor-column elementor-col-100 elementor-top-column elementor-element elementor-element-0c66eaa\" data-id=\"0c66eaa\" data-element_type=\"column\">\n\t\t\t<div class=\"elementor-widget-wrap elementor-element-populated\">\n\t\t\t\t\t\t\t\t<div class=\"elementor-element elementor-element-4e348fc elementor-widget elementor-widget-text-editor\" data-id=\"4e348fc\" data-element_type=\"widget\" data-widget_type=\"text-editor.default\">\n\t\t\t\t<div class=\"elementor-widget-container\">\n\t\t\t<style>\/*! elementor - v3.16.0 - 20-09-2023 *\/\n.elementor-widget-text-editor.elementor-drop-cap-view-stacked .elementor-drop-cap{background-color:#69727d;color:#fff}.elementor-widget-text-editor.elementor-drop-cap-view-framed .elementor-drop-cap{color:#69727d;border:3px solid;background-color:transparent}.elementor-widget-text-editor:not(.elementor-drop-cap-view-default) .elementor-drop-cap{margin-top:8px}.elementor-widget-text-editor:not(.elementor-drop-cap-view-default) .elementor-drop-cap-letter{width:1em;height:1em}.elementor-widget-text-editor .elementor-drop-cap{float:left;text-align:center;line-height:1;font-size:50px}.elementor-widget-text-editor .elementor-drop-cap-letter{display:inline-block}<\/style>\t\t\t\t<p>La firma Boston Consulting Group publica cada a\u00f1o la clasificaci\u00f3n de las empresas m\u00e1s innovadoras del mundo a partir de una encuesta que realiza con m\u00e1s de 1.600 ejecutivos que hacen parte del mundo corporativo global.<\/p><p>La actual clasificaci\u00f3n muestra el impacto que ha tenido la pandemia por covid-19 y el posicionamiento de empresas tecnol\u00f3gicas y farmac\u00e9uticas en el ranking a ra\u00edz de sus procesos de investigaci\u00f3n y desarrollos durante este tiempo.<\/p><p>Boston Consulting Group destac\u00f3 como eje para la clasificaci\u00f3n de las empresas m\u00e1s innovadoras de 2021 la pregunta: \u00bfqu\u00e9 se produce antes: la diversidad o la innovaci\u00f3n?<\/p><p>Su an\u00e1lisis detect\u00f3 una evidencia clara de que la diversidad impulsa la innovaci\u00f3n, y no tanto de que las empresas m\u00e1s innovadoras atraigan m\u00e1s diversidad.<\/p><p>De esta manera, el ranking es liderado por Apple y Alphabet (empresa matriz de Google). Amazon y Microsoft contin\u00faan como el a\u00f1o pasado en tercer y cuarto lugar, respectivamente.<\/p><p>Le siguen Tesla, en quinta posici\u00f3n, Samsung, IBM y Huawei. Completan el top 10 Sony y Pzifer, que aparecen por primera vez en este listado.<\/p><p>De las 50 compa\u00f1\u00edas del listado, 33 empresas repiten con respecto a la clasificaci\u00f3n de 2020, 12 volvieron despu\u00e9s de una ausencia de por lo menos un a\u00f1o y cinco son nuevas en el ranking.<\/p><p>La clasificaci\u00f3n completa es la siguiente:<\/p>\t\t\t\t\t\t<\/div>\n\t\t\t\t<\/div>\n\t\t\t\t\t<\/div>\n\t\t<\/div>\n\t\t\t\t\t\t\t<\/div>\n\t\t<\/section>\n\t\t\t\t<section class=\"elementor-section elementor-top-section elementor-element elementor-element-3f763ec elementor-section-boxed elementor-section-height-default elementor-section-height-default\" data-id=\"3f763ec\" data-element_type=\"section\" data-settings=\"{&quot;background_background&quot;:&quot;classic&quot;}\">\n\t\t\t\t\t\t<div class=\"elementor-container elementor-column-gap-default\">\n\t\t\t\t\t<div class=\"elementor-column elementor-col-100 elementor-top-column elementor-element elementor-element-18a4a43\" data-id=\"18a4a43\" data-element_type=\"column\">\n\t\t\t<div class=\"elementor-widget-wrap elementor-element-populated\">\n\t\t\t\t\t\t\t\t<div class=\"elementor-element elementor-element-a653d91 elementor-widget elementor-widget-html\" data-id=\"a653d91\" data-element_type=\"widget\" data-widget_type=\"html.default\">\n\t\t\t\t<div class=\"elementor-widget-container\">\n\t\t\t\n<table id=\"tablepress-3\" class=\"tablepress tablepress-id-3 tablepress-responsive\">\n<thead>\n<tr class=\"row-1 odd\">\n\t<th class=\"column-1\">Puesto<\/th><th class=\"column-2\">Empresa<\/th><th class=\"column-3\">Sector<\/th><th class=\"column-4\">Pa\u00eds<\/th>\n<\/tr>\n<\/thead>\n<tbody class=\"row-hover\">\n<tr class=\"row-2 even\">\n\t<td class=\"column-1\">1<\/td><td class=\"column-2\">Apple<\/td><td class=\"column-3\">Tecnolog\u00eda<\/td><td class=\"column-4\">EE. UU.<\/td>\n<\/tr>\n<tr class=\"row-3 odd\">\n\t<td class=\"column-1\">2<\/td><td class=\"column-2\">Alphabet<\/td><td class=\"column-3\">Tecnolog\u00eda<\/td><td class=\"column-4\">EE. UU.<\/td>\n<\/tr>\n<tr class=\"row-4 even\">\n\t<td class=\"column-1\">3<\/td><td class=\"column-2\">Amazon<\/td><td class=\"column-3\">Tecnolog\u00eda<\/td><td class=\"column-4\">EE. UU.<\/td>\n<\/tr>\n<tr class=\"row-5 odd\">\n\t<td class=\"column-1\">4<\/td><td class=\"column-2\">Microsoft<\/td><td class=\"column-3\">Tecnolog\u00eda<\/td><td class=\"column-4\">EE. UU.<\/td>\n<\/tr>\n<tr class=\"row-6 even\">\n\t<td class=\"column-1\">5<\/td><td class=\"column-2\">Tesla<\/td><td class=\"column-3\">Automotriz<\/td><td class=\"column-4\">EE. UU.<\/td>\n<\/tr>\n<tr class=\"row-7 odd\">\n\t<td class=\"column-1\">6<\/td><td class=\"column-2\">Samsung<\/td><td class=\"column-3\">Tecnolog\u00eda<\/td><td class=\"column-4\">Corea del Sur<\/td>\n<\/tr>\n<tr class=\"row-8 even\">\n\t<td class=\"column-1\">7<\/td><td class=\"column-2\">IBM<\/td><td class=\"column-3\">Tecnolog\u00eda<\/td><td class=\"column-4\">EE. UU.<\/td>\n<\/tr>\n<tr class=\"row-9 odd\">\n\t<td class=\"column-1\">8<\/td><td class=\"column-2\">Huawei<\/td><td class=\"column-3\">Tecnolog\u00eda<\/td><td class=\"column-4\">China<\/td>\n<\/tr>\n<tr class=\"row-10 even\">\n\t<td class=\"column-1\">9<\/td><td class=\"column-2\">Sony<\/td><td class=\"column-3\">Tecnolog\u00eda<\/td><td class=\"column-4\">Jap\u00f3n<\/td>\n<\/tr>\n<tr class=\"row-11 odd\">\n\t<td class=\"column-1\">10<\/td><td class=\"column-2\">Pfizer<\/td><td class=\"column-3\">Farmac\u00e9utico<\/td><td class=\"column-4\">EE. UU.<\/td>\n<\/tr>\n<tr class=\"row-12 even\">\n\t<td class=\"column-1\">11<\/td><td class=\"column-2\">Siemens<\/td><td class=\"column-3\">Tecnolog\u00eda\/Industrial<\/td><td class=\"column-4\">Alemania<\/td>\n<\/tr>\n<tr class=\"row-13 odd\">\n\t<td class=\"column-1\">12<\/td><td class=\"column-2\">LG<\/td><td class=\"column-3\">Tecnolog\u00eda<\/td><td class=\"column-4\">Corea del Sur<\/td>\n<\/tr>\n<tr class=\"row-14 even\">\n\t<td class=\"column-1\">13<\/td><td class=\"column-2\">Facebook<\/td><td class=\"column-3\">Tecnolog\u00eda<\/td><td class=\"column-4\">EE. UU.<\/td>\n<\/tr>\n<tr class=\"row-15 odd\">\n\t<td class=\"column-1\">14<\/td><td class=\"column-2\">Alibaba<\/td><td class=\"column-3\">Tecnolog\u00eda<\/td><td class=\"column-4\">China<\/td>\n<\/tr>\n<tr class=\"row-16 even\">\n\t<td class=\"column-1\">15<\/td><td class=\"column-2\">Oracle<\/td><td class=\"column-3\">Tecnolog\u00eda<\/td><td class=\"column-4\">EE. UU.<\/td>\n<\/tr>\n<tr class=\"row-17 odd\">\n\t<td class=\"column-1\">16<\/td><td class=\"column-2\">Dell<\/td><td class=\"column-3\">Tecnolog\u00eda<\/td><td class=\"column-4\">EE. UU.<\/td>\n<\/tr>\n<tr class=\"row-18 even\">\n\t<td class=\"column-1\">17<\/td><td class=\"column-2\">Cisco<\/td><td class=\"column-3\">Tecnolog\u00eda<\/td><td class=\"column-4\">EE. UU.<\/td>\n<\/tr>\n<tr class=\"row-19 odd\">\n\t<td class=\"column-1\">18<\/td><td class=\"column-2\">Target<\/td><td class=\"column-3\">Retail<\/td><td class=\"column-4\">EE. UU.<\/td>\n<\/tr>\n<tr class=\"row-20 even\">\n\t<td class=\"column-1\">19<\/td><td class=\"column-2\">HP<\/td><td class=\"column-3\">Tecnolog\u00eda<\/td><td class=\"column-4\">EE. UU.<\/td>\n<\/tr>\n<tr class=\"row-21 odd\">\n\t<td class=\"column-1\">20<\/td><td class=\"column-2\">Johnson &amp; Johnson<\/td><td class=\"column-3\">Farmac\u00e9utico<\/td><td class=\"column-4\">EE. UU.<\/td>\n<\/tr>\n<tr class=\"row-22 even\">\n\t<td class=\"column-1\">21<\/td><td class=\"column-2\">Toyota<\/td><td class=\"column-3\">Automotriz<\/td><td class=\"column-4\">Jap\u00f3n<\/td>\n<\/tr>\n<tr class=\"row-23 odd\">\n\t<td class=\"column-1\">22<\/td><td class=\"column-2\">salesforce<\/td><td class=\"column-3\">Tecnolog\u00eda<\/td><td class=\"column-4\">EE. UU.<\/td>\n<\/tr>\n<tr class=\"row-24 even\">\n\t<td class=\"column-1\">23<\/td><td class=\"column-2\">Walmart<\/td><td class=\"column-3\">Retail<\/td><td class=\"column-4\">EE. UU.<\/td>\n<\/tr>\n<tr class=\"row-25 odd\">\n\t<td class=\"column-1\">24<\/td><td class=\"column-2\">Nike<\/td><td class=\"column-3\">Vestuario<\/td><td class=\"column-4\">EE. UU.<\/td>\n<\/tr>\n<tr class=\"row-26 even\">\n\t<td class=\"column-1\">25<\/td><td class=\"column-2\">Lenovo<\/td><td class=\"column-3\">Tecnolog\u00eda<\/td><td class=\"column-4\">China<\/td>\n<\/tr>\n<tr class=\"row-27 odd\">\n\t<td class=\"column-1\">26<\/td><td class=\"column-2\">Tencent<\/td><td class=\"column-3\">Tecnolog\u00eda<\/td><td class=\"column-4\">China<\/td>\n<\/tr>\n<tr class=\"row-28 even\">\n\t<td class=\"column-1\">27<\/td><td class=\"column-2\">P&amp;G<\/td><td class=\"column-3\">Bienes de consumo<\/td><td class=\"column-4\">EE. UU.<\/td>\n<\/tr>\n<tr class=\"row-29 odd\">\n\t<td class=\"column-1\">28<\/td><td class=\"column-2\">Coca-Cola<\/td><td class=\"column-3\">Alimentos y bebidas<\/td><td class=\"column-4\">EE. UU.<\/td>\n<\/tr>\n<tr class=\"row-30 even\">\n\t<td class=\"column-1\">29<\/td><td class=\"column-2\">Abbott<\/td><td class=\"column-3\">Farmac\u00e9utico<\/td><td class=\"column-4\">EE. UU.<\/td>\n<\/tr>\n<tr class=\"row-31 odd\">\n\t<td class=\"column-1\">30<\/td><td class=\"column-2\">Bosch<\/td><td class=\"column-3\">Tecnolog\u00eda<\/td><td class=\"column-4\">Alemania<\/td>\n<\/tr>\n<tr class=\"row-32 even\">\n\t<td class=\"column-1\">31<\/td><td class=\"column-2\">Xiaomi<\/td><td class=\"column-3\">Tecnolog\u00eda<\/td><td class=\"column-4\">China<\/td>\n<\/tr>\n<tr class=\"row-33 odd\">\n\t<td class=\"column-1\">32<\/td><td class=\"column-2\">IKEA<\/td><td class=\"column-3\">Manufactura\/Retail<\/td><td class=\"column-4\">Suecia<\/td>\n<\/tr>\n<tr class=\"row-34 even\">\n\t<td class=\"column-1\">33<\/td><td class=\"column-2\">Fast Retailing<\/td><td class=\"column-3\">Retail<\/td><td class=\"column-4\">Jap\u00f3n<\/td>\n<\/tr>\n<tr class=\"row-35 odd\">\n\t<td class=\"column-1\">34<\/td><td class=\"column-2\">Adidas<\/td><td class=\"column-3\">Vestuario<\/td><td class=\"column-4\">Alemania<\/td>\n<\/tr>\n<tr class=\"row-36 even\">\n\t<td class=\"column-1\">35<\/td><td class=\"column-2\">Merck<\/td><td class=\"column-3\">Qu\u00edmico\/Farmac\u00e9utico<\/td><td class=\"column-4\">Alemania<\/td>\n<\/tr>\n<tr class=\"row-37 odd\">\n\t<td class=\"column-1\">36<\/td><td class=\"column-2\">Novartis<\/td><td class=\"column-3\">Farmac\u00e9utico<\/td><td class=\"column-4\">Suiza<\/td>\n<\/tr>\n<tr class=\"row-38 even\">\n\t<td class=\"column-1\">37<\/td><td class=\"column-2\">ebay<\/td><td class=\"column-3\">Tecnolog\u00eda<\/td><td class=\"column-4\">EE. UU.<\/td>\n<\/tr>\n<tr class=\"row-39 odd\">\n\t<td class=\"column-1\">38<\/td><td class=\"column-2\">Pepsico<\/td><td class=\"column-3\">Alimentos y bebidas<\/td><td class=\"column-4\">EE. UU.<\/td>\n<\/tr>\n<tr class=\"row-40 even\">\n\t<td class=\"column-1\">39<\/td><td class=\"column-2\">Hyundai<\/td><td class=\"column-3\">Automotriz<\/td><td class=\"column-4\">Corea del Sur<\/td>\n<\/tr>\n<tr class=\"row-41 odd\">\n\t<td class=\"column-1\">40<\/td><td class=\"column-2\">SAP<\/td><td class=\"column-3\">Tecnolog\u00eda<\/td><td class=\"column-4\">Alemania<\/td>\n<\/tr>\n<tr class=\"row-42 even\">\n\t<td class=\"column-1\">41<\/td><td class=\"column-2\">Inditex<\/td><td class=\"column-3\">Vestuario<\/td><td class=\"column-4\">Espa\u00f1a<\/td>\n<\/tr>\n<tr class=\"row-43 odd\">\n\t<td class=\"column-1\">42<\/td><td class=\"column-2\">Moderna<\/td><td class=\"column-3\">Farmac\u00e9utico<\/td><td class=\"column-4\">EE. UU.<\/td>\n<\/tr>\n<tr class=\"row-44 even\">\n\t<td class=\"column-1\">43<\/td><td class=\"column-2\">Philips<\/td><td class=\"column-3\">Tecnolog\u00eda<\/td><td class=\"column-4\">Pa\u00edses Bajos<\/td>\n<\/tr>\n<tr class=\"row-45 odd\">\n\t<td class=\"column-1\">44<\/td><td class=\"column-2\">Disney<\/td><td class=\"column-3\">Medios de comunicaci\u00f3n\/Entretenimiento<\/td><td class=\"column-4\">EE. UU.<\/td>\n<\/tr>\n<tr class=\"row-46 even\">\n\t<td class=\"column-1\">45<\/td><td class=\"column-2\">Mitsubishi<\/td><td class=\"column-3\">Automotriz<\/td><td class=\"column-4\">Jap\u00f3n<\/td>\n<\/tr>\n<tr class=\"row-47 odd\">\n\t<td class=\"column-1\">46<\/td><td class=\"column-2\">Comcast<\/td><td class=\"column-3\">Medios de comunicaci\u00f3n<\/td><td class=\"column-4\">EE. UU.<\/td>\n<\/tr>\n<tr class=\"row-48 even\">\n\t<td class=\"column-1\">47<\/td><td class=\"column-2\">General Electric<\/td><td class=\"column-3\">Tecnolog\u00eda\/Industrial<\/td><td class=\"column-4\">EE. UU.<\/td>\n<\/tr>\n<tr class=\"row-49 odd\">\n\t<td class=\"column-1\">48<\/td><td class=\"column-2\">Roche<\/td><td class=\"column-3\">Farmac\u00e9utico<\/td><td class=\"column-4\">Francia<\/td>\n<\/tr>\n<tr class=\"row-50 even\">\n\t<td class=\"column-1\">49<\/td><td class=\"column-2\">Astrazeneca<\/td><td class=\"column-3\">Farmac\u00e9utico<\/td><td class=\"column-4\">Reino Unido<\/td>\n<\/tr>\n<tr class=\"row-51 odd\">\n\t<td class=\"column-1\">50<\/td><td class=\"column-2\">Bayer<\/td><td class=\"column-3\">Qu\u00edmico\/Farmac\u00e9utico<\/td><td class=\"column-4\">Alemania<\/td>\n<\/tr>\n<\/tbody>\n<\/table>\n<!-- #tablepress-3 from cache -->\t\t<\/div>\n\t\t\t\t<\/div>\n\t\t\t\t\t<\/div>\n\t\t<\/div>\n\t\t\t\t\t\t\t<\/div>\n\t\t<\/section>\n\t\t\t\t\t\t\t<\/div>\n\t\t","protected":false},"excerpt":{"rendered":"<p>Las 50 empresas m\u00e1s innovadoras del mundo: tecnol\u00f3gicas y farmac\u00e9uticas lideran La firma Boston Consulting Group publica cada a\u00f1o la clasificaci\u00f3n de las empresas m\u00e1s innovadoras del mundo a partir de una encuesta que realiza con m\u00e1s de 1.600 ejecutivos que hacen parte del mundo corporativo global. La actual clasificaci\u00f3n muestra el impacto que ha [&hellip;]<\/p>\n","protected":false},"author":3,"featured_media":0,"parent":0,"menu_order":0,"comment_status":"closed","ping_status":"closed","template":"elementor_header_footer","meta":{"footnotes":""},"yoast_head":"<!-- This site is optimized with the Yoast SEO plugin v21.2 - https:\/\/yoast.com\/wordpress\/plugins\/seo\/ -->\n<title>50 empresas m\u00e1s innovadoras - Visi\u00f3n Estrat\u00e9gica l El Colombiano<\/title>\n<meta name=\"robots\" content=\"index, follow, max-snippet:-1, max-image-preview:large, max-video-preview:-1\" \/>\n<link rel=\"canonical\" href=\"https:\/\/visionestrategica.elcolombiano.com\/index.php\/50-empresas-mas-innovadoras\/\" \/>\n<meta property=\"og:locale\" content=\"es_ES\" \/>\n<meta property=\"og:type\" content=\"article\" \/>\n<meta property=\"og:title\" content=\"50 empresas m\u00e1s innovadoras - Visi\u00f3n Estrat\u00e9gica l El Colombiano\" \/>\n<meta property=\"og:description\" content=\"Las 50 empresas m\u00e1s innovadoras del mundo: tecnol\u00f3gicas y farmac\u00e9uticas lideran La firma Boston Consulting Group publica cada a\u00f1o la clasificaci\u00f3n de las empresas m\u00e1s innovadoras del mundo a partir de una encuesta que realiza con m\u00e1s de 1.600 ejecutivos que hacen parte del mundo corporativo global. La actual clasificaci\u00f3n muestra el impacto que ha [&hellip;]\" \/>\n<meta property=\"og:url\" content=\"https:\/\/visionestrategica.elcolombiano.com\/index.php\/50-empresas-mas-innovadoras\/\" \/>\n<meta property=\"og:site_name\" content=\"Visi\u00f3n Estrat\u00e9gica l El Colombiano\" \/>\n<meta property=\"article:modified_time\" content=\"2022-07-24T16:32:51+00:00\" \/>\n<meta name=\"twitter:card\" content=\"summary_large_image\" \/>\n<meta name=\"twitter:label1\" content=\"Tiempo de lectura\" \/>\n\t<meta name=\"twitter:data1\" content=\"2 minutos\" \/>\n<script type=\"application\/ld+json\" class=\"yoast-schema-graph\">{\"@context\":\"https:\/\/schema.org\",\"@graph\":[{\"@type\":\"WebPage\",\"@id\":\"https:\/\/visionestrategica.elcolombiano.com\/index.php\/50-empresas-mas-innovadoras\/\",\"url\":\"https:\/\/visionestrategica.elcolombiano.com\/index.php\/50-empresas-mas-innovadoras\/\",\"name\":\"50 empresas m\u00e1s innovadoras - Visi\u00f3n Estrat\u00e9gica l El Colombiano\",\"isPartOf\":{\"@id\":\"https:\/\/visionestrategica.elcolombiano.com\/#website\"},\"datePublished\":\"2022-07-19T03:01:57+00:00\",\"dateModified\":\"2022-07-24T16:32:51+00:00\",\"breadcrumb\":{\"@id\":\"https:\/\/visionestrategica.elcolombiano.com\/index.php\/50-empresas-mas-innovadoras\/#breadcrumb\"},\"inLanguage\":\"es\",\"potentialAction\":[{\"@type\":\"ReadAction\",\"target\":[\"https:\/\/visionestrategica.elcolombiano.com\/index.php\/50-empresas-mas-innovadoras\/\"]}]},{\"@type\":\"BreadcrumbList\",\"@id\":\"https:\/\/visionestrategica.elcolombiano.com\/index.php\/50-empresas-mas-innovadoras\/#breadcrumb\",\"itemListElement\":[{\"@type\":\"ListItem\",\"position\":1,\"name\":\"Home\",\"item\":\"https:\/\/visionestrategica.elcolombiano.com\/\"},{\"@type\":\"ListItem\",\"position\":2,\"name\":\"50 empresas m\u00e1s innovadoras\"}]},{\"@type\":\"WebSite\",\"@id\":\"https:\/\/visionestrategica.elcolombiano.com\/#website\",\"url\":\"https:\/\/visionestrategica.elcolombiano.com\/\",\"name\":\"Visi\u00f3n Estrat\u00e9gica l El Colombiano\",\"description\":\"Visi\u00f3n Estrat\u00e9gica l El Colombiano\",\"publisher\":{\"@id\":\"https:\/\/visionestrategica.elcolombiano.com\/#organization\"},\"potentialAction\":[{\"@type\":\"SearchAction\",\"target\":{\"@type\":\"EntryPoint\",\"urlTemplate\":\"https:\/\/visionestrategica.elcolombiano.com\/?s={search_term_string}\"},\"query-input\":\"required name=search_term_string\"}],\"inLanguage\":\"es\"},{\"@type\":\"Organization\",\"@id\":\"https:\/\/visionestrategica.elcolombiano.com\/#organization\",\"name\":\"Visi\u00f3n Estrat\u00e9gica l El Colombiano\",\"url\":\"https:\/\/visionestrategica.elcolombiano.com\/\",\"logo\":{\"@type\":\"ImageObject\",\"inLanguage\":\"es\",\"@id\":\"https:\/\/visionestrategica.elcolombiano.com\/#\/schema\/logo\/image\/\",\"url\":\"https:\/\/visionestrategica.elcolombiano.com\/wp-content\/uploads\/2022\/07\/cropped-Recurso-1-1.png\",\"contentUrl\":\"https:\/\/visionestrategica.elcolombiano.com\/wp-content\/uploads\/2022\/07\/cropped-Recurso-1-1.png\",\"width\":288,\"height\":107,\"caption\":\"Visi\u00f3n Estrat\u00e9gica l El Colombiano\"},\"image\":{\"@id\":\"https:\/\/visionestrategica.elcolombiano.com\/#\/schema\/logo\/image\/\"}}]}<\/script>\n<!-- \/ Yoast SEO plugin. -->","yoast_head_json":{"title":"50 empresas m\u00e1s innovadoras - Visi\u00f3n Estrat\u00e9gica l El Colombiano","robots":{"index":"index","follow":"follow","max-snippet":"max-snippet:-1","max-image-preview":"max-image-preview:large","max-video-preview":"max-video-preview:-1"},"canonical":"https:\/\/visionestrategica.elcolombiano.com\/index.php\/50-empresas-mas-innovadoras\/","og_locale":"es_ES","og_type":"article","og_title":"50 empresas m\u00e1s innovadoras - Visi\u00f3n Estrat\u00e9gica l El Colombiano","og_description":"Las 50 empresas m\u00e1s innovadoras del mundo: tecnol\u00f3gicas y farmac\u00e9uticas lideran La firma Boston Consulting Group publica cada a\u00f1o la clasificaci\u00f3n de las empresas m\u00e1s innovadoras del mundo a partir de una encuesta que realiza con m\u00e1s de 1.600 ejecutivos que hacen parte del mundo corporativo global. La actual clasificaci\u00f3n muestra el impacto que ha [&hellip;]","og_url":"https:\/\/visionestrategica.elcolombiano.com\/index.php\/50-empresas-mas-innovadoras\/","og_site_name":"Visi\u00f3n Estrat\u00e9gica l El Colombiano","article_modified_time":"2022-07-24T16:32:51+00:00","twitter_card":"summary_large_image","twitter_misc":{"Tiempo de lectura":"2 minutos"},"schema":{"@context":"https:\/\/schema.org","@graph":[{"@type":"WebPage","@id":"https:\/\/visionestrategica.elcolombiano.com\/index.php\/50-empresas-mas-innovadoras\/","url":"https:\/\/visionestrategica.elcolombiano.com\/index.php\/50-empresas-mas-innovadoras\/","name":"50 empresas m\u00e1s innovadoras - Visi\u00f3n Estrat\u00e9gica l El Colombiano","isPartOf":{"@id":"https:\/\/visionestrategica.elcolombiano.com\/#website"},"datePublished":"2022-07-19T03:01:57+00:00","dateModified":"2022-07-24T16:32:51+00:00","breadcrumb":{"@id":"https:\/\/visionestrategica.elcolombiano.com\/index.php\/50-empresas-mas-innovadoras\/#breadcrumb"},"inLanguage":"es","potentialAction":[{"@type":"ReadAction","target":["https:\/\/visionestrategica.elcolombiano.com\/index.php\/50-empresas-mas-innovadoras\/"]}]},{"@type":"BreadcrumbList","@id":"https:\/\/visionestrategica.elcolombiano.com\/index.php\/50-empresas-mas-innovadoras\/#breadcrumb","itemListElement":[{"@type":"ListItem","position":1,"name":"Home","item":"https:\/\/visionestrategica.elcolombiano.com\/"},{"@type":"ListItem","position":2,"name":"50 empresas m\u00e1s innovadoras"}]},{"@type":"WebSite","@id":"https:\/\/visionestrategica.elcolombiano.com\/#website","url":"https:\/\/visionestrategica.elcolombiano.com\/","name":"Visi\u00f3n Estrat\u00e9gica l El Colombiano","description":"Visi\u00f3n Estrat\u00e9gica l El Colombiano","publisher":{"@id":"https:\/\/visionestrategica.elcolombiano.com\/#organization"},"potentialAction":[{"@type":"SearchAction","target":{"@type":"EntryPoint","urlTemplate":"https:\/\/visionestrategica.elcolombiano.com\/?s={search_term_string}"},"query-input":"required name=search_term_string"}],"inLanguage":"es"},{"@type":"Organization","@id":"https:\/\/visionestrategica.elcolombiano.com\/#organization","name":"Visi\u00f3n Estrat\u00e9gica l El Colombiano","url":"https:\/\/visionestrategica.elcolombiano.com\/","logo":{"@type":"ImageObject","inLanguage":"es","@id":"https:\/\/visionestrategica.elcolombiano.com\/#\/schema\/logo\/image\/","url":"https:\/\/visionestrategica.elcolombiano.com\/wp-content\/uploads\/2022\/07\/cropped-Recurso-1-1.png","contentUrl":"https:\/\/visionestrategica.elcolombiano.com\/wp-content\/uploads\/2022\/07\/cropped-Recurso-1-1.png","width":288,"height":107,"caption":"Visi\u00f3n Estrat\u00e9gica l El Colombiano"},"image":{"@id":"https:\/\/visionestrategica.elcolombiano.com\/#\/schema\/logo\/image\/"}}]}},"_links":{"self":[{"href":"https:\/\/visionestrategica.elcolombiano.com\/index.php\/wp-json\/wp\/v2\/pages\/759"}],"collection":[{"href":"https:\/\/visionestrategica.elcolombiano.com\/index.php\/wp-json\/wp\/v2\/pages"}],"about":[{"href":"https:\/\/visionestrategica.elcolombiano.com\/index.php\/wp-json\/wp\/v2\/types\/page"}],"author":[{"embeddable":true,"href":"https:\/\/visionestrategica.elcolombiano.com\/index.php\/wp-json\/wp\/v2\/users\/3"}],"replies":[{"embeddable":true,"href":"https:\/\/visionestrategica.elcolombiano.com\/index.php\/wp-json\/wp\/v2\/comments?post=759"}],"version-history":[{"count":76,"href":"https:\/\/visionestrategica.elcolombiano.com\/index.php\/wp-json\/wp\/v2\/pages\/759\/revisions"}],"predecessor-version":[{"id":1667,"href":"https:\/\/visionestrategica.elcolombiano.com\/index.php\/wp-json\/wp\/v2\/pages\/759\/revisions\/1667"}],"wp:attachment":[{"href":"https:\/\/visionestrategica.elcolombiano.com\/index.php\/wp-json\/wp\/v2\/media?parent=759"}],"curies":[{"name":"wp","href":"https:\/\/api.w.org\/{rel}","templated":true}]}}