{"id":405,"date":"2022-07-10T00:18:56","date_gmt":"2022-07-10T00:18:56","guid":{"rendered":"https:\/\/visionestrategica.elcolombiano.com\/?page_id=405"},"modified":"2022-09-01T20:42:39","modified_gmt":"2022-09-01T20:42:39","slug":"ecopetrol","status":"publish","type":"page","link":"https:\/\/visionestrategica.elcolombiano.com\/index.php\/ecopetrol\/","title":{"rendered":"Ecopetrol"},"content":{"rendered":"\t\t<div data-elementor-type=\"wp-page\" data-elementor-id=\"405\" class=\"elementor elementor-405\">\n\t\t\t\t\t\t\t\t\t<section class=\"elementor-section elementor-top-section elementor-element elementor-element-444c815 elementor-section-height-min-height elementor-section-content-middle elementor-section-boxed elementor-section-height-default elementor-section-items-middle\" data-id=\"444c815\" data-element_type=\"section\" data-settings=\"{&quot;background_background&quot;:&quot;classic&quot;}\">\n\t\t\t\t\t\t\t<div class=\"elementor-background-overlay\"><\/div>\n\t\t\t\t\t\t\t<div class=\"elementor-container elementor-column-gap-no\">\n\t\t\t\t\t<div class=\"elementor-column elementor-col-100 elementor-top-column elementor-element elementor-element-cf1df3e\" data-id=\"cf1df3e\" data-element_type=\"column\">\n\t\t\t<div class=\"elementor-widget-wrap elementor-element-populated\">\n\t\t\t\t\t\t\t\t<div class=\"elementor-element elementor-element-d54ae2b elementor-headline--style-rotate elementor-widget elementor-widget-animated-headline\" data-id=\"d54ae2b\" data-element_type=\"widget\" data-settings=\"{&quot;headline_style&quot;:&quot;rotate&quot;,&quot;animation_type&quot;:&quot;slide&quot;,&quot;rotating_text&quot;:&quot;Ecopetrol&quot;,&quot;loop&quot;:&quot;yes&quot;,&quot;rotate_iteration_delay&quot;:2500}\" data-widget_type=\"animated-headline.default\">\n\t\t\t\t<div class=\"elementor-widget-container\">\n\t\t\t<link rel=\"stylesheet\" href=\"https:\/\/visionestrategica.elcolombiano.com\/wp-content\/plugins\/elementor-pro\/assets\/css\/widget-animated-headline.min.css\">\t\t<h2 class=\"elementor-headline elementor-headline-animation-type-slide\">\n\t\t\t\t<span class=\"elementor-headline-dynamic-wrapper elementor-headline-text-wrapper\">\n\t\t\t\t\t<span class=\"elementor-headline-dynamic-text elementor-headline-text-active\">\n\t\t\t\tEcopetrol\t\t\t<\/span>\n\t\t\t\t\t\t<\/span>\n\t\t\t\t<\/h2>\n\t\t\t\t<\/div>\n\t\t\t\t<\/div>\n\t\t\t\t\t<\/div>\n\t\t<\/div>\n\t\t\t\t\t\t\t<\/div>\n\t\t<\/section>\n\t\t\t\t<section class=\"elementor-section elementor-top-section elementor-element elementor-element-ed92bda elementor-section-boxed elementor-section-height-default elementor-section-height-default\" data-id=\"ed92bda\" data-element_type=\"section\" data-settings=\"{&quot;background_background&quot;:&quot;classic&quot;}\">\n\t\t\t\t\t\t<div class=\"elementor-container elementor-column-gap-default\">\n\t\t\t\t\t<div class=\"elementor-column elementor-col-100 elementor-top-column elementor-element elementor-element-25e3d8a\" data-id=\"25e3d8a\" data-element_type=\"column\">\n\t\t\t<div class=\"elementor-widget-wrap elementor-element-populated\">\n\t\t\t\t\t\t\t\t<div class=\"elementor-element elementor-element-965d765 elementor-widget elementor-widget-heading\" data-id=\"965d765\" data-element_type=\"widget\" data-widget_type=\"heading.default\">\n\t\t\t\t<div class=\"elementor-widget-container\">\n\t\t\t<style>\/*! elementor - v3.16.0 - 20-09-2023 *\/\n.elementor-heading-title{padding:0;margin:0;line-height:1}.elementor-widget-heading .elementor-heading-title[class*=elementor-size-]>a{color:inherit;font-size:inherit;line-height:inherit}.elementor-widget-heading .elementor-heading-title.elementor-size-small{font-size:15px}.elementor-widget-heading .elementor-heading-title.elementor-size-medium{font-size:19px}.elementor-widget-heading .elementor-heading-title.elementor-size-large{font-size:29px}.elementor-widget-heading .elementor-heading-title.elementor-size-xl{font-size:39px}.elementor-widget-heading .elementor-heading-title.elementor-size-xxl{font-size:59px}<\/style><h2 class=\"elementor-heading-title elementor-size-default\">Con Hidr\u00f3geno verde, busca liderar la transici\u00f3n\u00a0<\/h2>\t\t<\/div>\n\t\t\t\t<\/div>\n\t\t\t\t<div class=\"elementor-element elementor-element-c69c843 elementor-widget elementor-widget-text-editor\" data-id=\"c69c843\" data-element_type=\"widget\" data-widget_type=\"text-editor.default\">\n\t\t\t\t<div class=\"elementor-widget-container\">\n\t\t\t<style>\/*! elementor - v3.16.0 - 20-09-2023 *\/\n.elementor-widget-text-editor.elementor-drop-cap-view-stacked .elementor-drop-cap{background-color:#69727d;color:#fff}.elementor-widget-text-editor.elementor-drop-cap-view-framed .elementor-drop-cap{color:#69727d;border:3px solid;background-color:transparent}.elementor-widget-text-editor:not(.elementor-drop-cap-view-default) .elementor-drop-cap{margin-top:8px}.elementor-widget-text-editor:not(.elementor-drop-cap-view-default) .elementor-drop-cap-letter{width:1em;height:1em}.elementor-widget-text-editor .elementor-drop-cap{float:left;text-align:center;line-height:1;font-size:50px}.elementor-widget-text-editor .elementor-drop-cap-letter{display:inline-block}<\/style>\t\t\t\t<p><b><span data-contrast=\"none\">En su camino hacia la transici\u00f3n energ\u00e9tica, Ecopetrol entendi\u00f3 que la adaptaci\u00f3n del conocimiento internacional y la reproducci\u00f3n de este en el pa\u00eds es lo que <\/span><\/b>\u00a0<br \/><b><span data-contrast=\"none\">consolidar\u00e1 el cambio.<\/span><\/b><span data-ccp-props=\"{&quot;201341983&quot;:0,&quot;335551550&quot;:6,&quot;335551620&quot;:6,&quot;335559739&quot;:200,&quot;335559740&quot;:276}\">\u00a0<\/span><\/p><p><span data-contrast=\"none\">\u201cLa innovaci\u00f3n en Ecopetrol no es sentarnos en una mesa a tratar de resolver el problema, sino abrirnos al mundo para aprender, entender y participar\u201d, as\u00ed define Ernesto Guti\u00e9rrez de Pi\u00f1eres, vicepresidente de Ciencia, Tecnolog\u00eda e Innovaci\u00f3n de la petrolera, los esfuerzos que hacen para darle dinamismo al negocio; por ejemplo, quieren lograr que a 2050 el 50% del Ebitda se genere a partir de energ\u00edas renovables.<\/span><span data-ccp-props=\"{&quot;201341983&quot;:0,&quot;335551550&quot;:6,&quot;335551620&quot;:6,&quot;335559739&quot;:0,&quot;335559740&quot;:240}\">\u00a0<\/span><\/p><p><span data-contrast=\"none\">En ese camino, uno de los recursos m\u00e1s importantes y que han centrado la atenci\u00f3n de Ecopetrol es el hidr\u00f3geno verde o renovable, que se ha potenciado desde marzo con una producci\u00f3n en la refiner\u00eda de Cartagena.<\/span><span data-ccp-props=\"{&quot;201341983&quot;:0,&quot;335551550&quot;:6,&quot;335551620&quot;:6,&quot;335559739&quot;:0,&quot;335559740&quot;:240}\">\u00a0<\/span><\/p><p><span data-contrast=\"none\">A pesar de que a\u00fan el volumen es muy bajo, la compa\u00f1\u00eda encontr\u00f3 una t\u00e9cnica en el mundo, llamada electro-fotocat\u00e1lisis, que acelerar\u00eda esa hoja de ruta. Y es que, aprovechando acuerdos bilaterales con Alemania, Ecopetrol inaugurar\u00e1 en los pr\u00f3ximos meses un centro para la innovaci\u00f3n energ\u00e9tica en Cartagena.<\/span><span data-ccp-props=\"{&quot;201341983&quot;:0,&quot;335551550&quot;:6,&quot;335551620&quot;:6,&quot;335559739&quot;:0,&quot;335559740&quot;:240}\">\u00a0<\/span><\/p><p><span data-contrast=\"none\">Ese centro vendr\u00e1 dotado de un electrolizador, un parque de energ\u00eda fotovoltaica y un parque de movilidad, para avanzar en las pruebas de movilidad a base del compuesto.<\/span><span data-ccp-props=\"{&quot;201341983&quot;:0,&quot;335551550&quot;:6,&quot;335551620&quot;:6,&quot;335559739&quot;:0,&quot;335559740&quot;:240}\">\u00a0<\/span><\/p><p><span data-contrast=\"none\">Con los primeros resultados que se produzcan, el objetivo es fomentar sistemas acu\u00e1ticos en Cartagena que funcionen con hidr\u00f3geno o coches tur\u00edsticos que no sean a base de caballos, sino de este compuesto.<\/span><span data-ccp-props=\"{&quot;201341983&quot;:0,&quot;335551550&quot;:6,&quot;335551620&quot;:6,&quot;335559739&quot;:0,&quot;335559740&quot;:240}\">\u00a0<\/span><\/p><p><span data-contrast=\"none\">\u201cCuando hablamos de transici\u00f3n energ\u00e9tica, la costa Caribe colombiana tiene una ventaja competitiva. En Cartagena hay una cementera, sider\u00fargicas, compa\u00f1\u00edas de fertilizantes y una refiner\u00eda. Todo un enclave industrial susceptible del uso de esas energ\u00edas\u201d, explic\u00f3 Guti\u00e9rrez.<\/span><span data-ccp-props=\"{&quot;201341983&quot;:0,&quot;335551550&quot;:6,&quot;335551620&quot;:6,&quot;335559739&quot;:0,&quot;335559740&quot;:240}\">\u00a0<\/span><\/p><p><span data-contrast=\"none\">Pero, sumado a esto y entendiendo que los retos de la empresa, y en general del pa\u00eds, se expanden m\u00e1s all\u00e1, la estrategia de Ecopetrol hacia la transici\u00f3n integral contempla otros cuatro centros: dos que ya operan, uno en Bogot\u00e1 para la quinta revoluci\u00f3n industrial, el cual se reinaugurar\u00e1 este a\u00f1o, y otro en Santander, que funciona para temas de activos industriales resilientes.<\/span><span data-ccp-props=\"{&quot;201341983&quot;:0,&quot;335551550&quot;:6,&quot;335551620&quot;:6,&quot;335559739&quot;:0,&quot;335559740&quot;:240}\">\u00a0<\/span><\/p><p><span data-contrast=\"none\">Adem\u00e1s, se prev\u00e9 que en el primer trimestre de 2023 se lance el de los Llanos orientales, para biodiversidad y sostenibilidad, y, m\u00e1s adelante, el de Antioquia, enfocado en transmisi\u00f3n energ\u00e9tica y v\u00edas.<\/span><span data-ccp-props=\"{&quot;201341983&quot;:0,&quot;335551550&quot;:6,&quot;335551620&quot;:6,&quot;335559739&quot;:200,&quot;335559740&quot;:276}\">\u00a0<\/span><\/p>\t\t\t\t\t\t<\/div>\n\t\t\t\t<\/div>\n\t\t\t\t\t<\/div>\n\t\t<\/div>\n\t\t\t\t\t\t\t<\/div>\n\t\t<\/section>\n\t\t\t\t<section class=\"elementor-section elementor-top-section elementor-element elementor-element-e9c7334 elementor-section-boxed elementor-section-height-default elementor-section-height-default\" data-id=\"e9c7334\" data-element_type=\"section\" data-settings=\"{&quot;background_background&quot;:&quot;classic&quot;}\">\n\t\t\t\t\t\t<div class=\"elementor-container elementor-column-gap-default\">\n\t\t\t\t\t<div class=\"elementor-column elementor-col-50 elementor-top-column elementor-element elementor-element-32e86f1\" data-id=\"32e86f1\" data-element_type=\"column\">\n\t\t\t<div class=\"elementor-widget-wrap elementor-element-populated\">\n\t\t\t\t\t\t\t\t<div class=\"elementor-element elementor-element-f7fdf16 elementor-widget elementor-widget-image\" data-id=\"f7fdf16\" data-element_type=\"widget\" data-widget_type=\"image.default\">\n\t\t\t\t<div class=\"elementor-widget-container\">\n\t\t\t<style>\/*! elementor - v3.16.0 - 20-09-2023 *\/\n.elementor-widget-image{text-align:center}.elementor-widget-image a{display:inline-block}.elementor-widget-image a img[src$=\".svg\"]{width:48px}.elementor-widget-image img{vertical-align:middle;display:inline-block}<\/style>\t\t\t\t\t\t\t\t\t<figure class=\"wp-caption\">\n\t\t\t\t\t\t\t\t\t\t<img decoding=\"async\" loading=\"lazy\" width=\"764\" height=\"1024\" src=\"https:\/\/visionestrategica.elcolombiano.com\/wp-content\/uploads\/2022\/08\/Ernesto-Gutierrez-ECOPETRO-764x1024.jpg\" class=\"attachment-large size-large wp-image-2268\" alt=\"Ernesto Guti\u00e9rrez\" srcset=\"https:\/\/visionestrategica.elcolombiano.com\/wp-content\/uploads\/2022\/08\/Ernesto-Gutierrez-ECOPETRO-764x1024.jpg 764w, https:\/\/visionestrategica.elcolombiano.com\/wp-content\/uploads\/2022\/08\/Ernesto-Gutierrez-ECOPETRO-224x300.jpg 224w, https:\/\/visionestrategica.elcolombiano.com\/wp-content\/uploads\/2022\/08\/Ernesto-Gutierrez-ECOPETRO-768x1029.jpg 768w, https:\/\/visionestrategica.elcolombiano.com\/wp-content\/uploads\/2022\/08\/Ernesto-Gutierrez-ECOPETRO-1147x1536.jpg 1147w, https:\/\/visionestrategica.elcolombiano.com\/wp-content\/uploads\/2022\/08\/Ernesto-Gutierrez-ECOPETRO-1529x2048.jpg 1529w, https:\/\/visionestrategica.elcolombiano.com\/wp-content\/uploads\/2022\/08\/Ernesto-Gutierrez-ECOPETRO.jpg 1772w\" sizes=\"(max-width: 764px) 100vw, 764px\" \/>\t\t\t\t\t\t\t\t\t\t\t<figcaption class=\"widget-image-caption wp-caption-text\">Ernesto Guti\u00e9rrez, vpdte. Ciencia, Tecnolog\u00eda e Innovaci\u00f3n de Ecopetrol.<\/figcaption>\n\t\t\t\t\t\t\t\t\t\t<\/figure>\n\t\t\t\t\t\t\t\t\t<\/div>\n\t\t\t\t<\/div>\n\t\t\t\t\t<\/div>\n\t\t<\/div>\n\t\t\t\t<div class=\"elementor-column elementor-col-50 elementor-top-column elementor-element elementor-element-a754eef\" data-id=\"a754eef\" data-element_type=\"column\">\n\t\t\t<div class=\"elementor-widget-wrap elementor-element-populated\">\n\t\t\t\t\t\t\t\t<div class=\"elementor-element elementor-element-4b202a1 elementor-widget elementor-widget-heading\" data-id=\"4b202a1\" data-element_type=\"widget\" data-widget_type=\"heading.default\">\n\t\t\t\t<div class=\"elementor-widget-container\">\n\t\t\t<h2 class=\"elementor-heading-title elementor-size-default\">Columna de opini\u00f3n<\/h2>\t\t<\/div>\n\t\t\t\t<\/div>\n\t\t\t\t<div class=\"elementor-element elementor-element-1154705 elementor-widget elementor-widget-text-editor\" data-id=\"1154705\" data-element_type=\"widget\" data-widget_type=\"text-editor.default\">\n\t\t\t\t<div class=\"elementor-widget-container\">\n\t\t\t\t\t\t\t<p><span data-contrast=\"none\">\u00abLa estrategia a 2040, Energ\u00eda que transforma, del Grupo Ecopetrol se enfoca en los retos de la transici\u00f3n energ\u00e9tica, el cambio clim\u00e1tico y la descarbonizaci\u00f3n. Y para superarlos apostamos fuerte a la ciencia, la tecnolog\u00eda y la innovaci\u00f3n (CT+i) con una estrategia comprometida con la generaci\u00f3n de un Ebitda incremental de entre 20 y 30 billones de d\u00f3lares a 2040.<\/span><span data-ccp-props=\"{&quot;201341983&quot;:0,&quot;335551550&quot;:6,&quot;335551620&quot;:6,&quot;335559739&quot;:0,&quot;335559740&quot;:240}\">\u00a0<\/span><\/p><p><span data-contrast=\"none\">Entre 2022 y 2024 invertiremos m\u00e1s de 240 millones de d\u00f3lares en proyectos de innovaci\u00f3n, tecnolog\u00eda y evoluci\u00f3n digital. Esto fortalecer\u00e1 nuestra competitividad y sostenibilidad en el largo plazo.<\/span><span data-ccp-props=\"{&quot;201341983&quot;:0,&quot;335551550&quot;:6,&quot;335551620&quot;:6,&quot;335559739&quot;:0,&quot;335559740&quot;:240}\">\u00a0<\/span><\/p><p><span data-contrast=\"none\">Para el Grupo Ecopetrol, los criterios de medio ambiente, sociedad y gobierno corporativo (ESG, por sus siglas en ingl\u00e9s) tienen un componente adicional que bautizamos en la empresa como sosTECnibilidad, un concepto donde ponemos a la tecnolog\u00eda en el coraz\u00f3n de la estrategia, porque acelerar\u00e1 los cambios en los frentes mencionados.<\/span><span data-ccp-props=\"{&quot;201341983&quot;:0,&quot;335551550&quot;:6,&quot;335551620&quot;:6,&quot;335559739&quot;:0,&quot;335559740&quot;:240}\">\u00a0<\/span><\/p><p><span data-contrast=\"none\">Y no lo hacemos solos. Estamos consolidando un ecosistema EnergyTech al servicio de la industria, el pa\u00eds y la regi\u00f3n con programas de innovaci\u00f3n abierta. A la fecha hemos lanzados 45 retos y creado m\u00e1s de 300 empleos indirectos. En la red CEmprende abrimos dos centros de innovaci\u00f3n y tecnolog\u00eda regionales (Bogot\u00e1 y Bucaramanga) y pronto inauguraremos el tercero en el Caribe. Tambi\u00e9n tenemos aliados de talla mundial, como Plug and Play, Tecnalia y la Autoridad en Innovaci\u00f3n de Israel.<\/span><span data-ccp-props=\"{&quot;201341983&quot;:0,&quot;335551550&quot;:6,&quot;335551620&quot;:6,&quot;335559739&quot;:0,&quot;335559740&quot;:240}\">\u00a0<\/span><\/p><p><span data-contrast=\"none\">A eso le apostamos, a adelantar el futuro con una estrategia de CT+i robusta cuyo foco principal est\u00e1 en las personas. La innovaci\u00f3n en s\u00ed misma es una manera distinta de ver la vida y de buscar soluciones para entregarle a Colombia los mejores resultados. La iguana es y ser\u00e1 de todos, para todos<\/span><span data-ccp-props=\"{&quot;201341983&quot;:0,&quot;335551550&quot;:6,&quot;335551620&quot;:6,&quot;335559739&quot;:0,&quot;335559740&quot;:240}\">\u00ab.<\/span><\/p>\t\t\t\t\t\t<\/div>\n\t\t\t\t<\/div>\n\t\t\t\t\t<\/div>\n\t\t<\/div>\n\t\t\t\t\t\t\t<\/div>\n\t\t<\/section>\n\t\t\t\t\t\t\t<\/div>\n\t\t","protected":false},"excerpt":{"rendered":"<p>Ecopetrol Con Hidr\u00f3geno verde, busca liderar la transici\u00f3n\u00a0 En su camino hacia la transici\u00f3n energ\u00e9tica, Ecopetrol entendi\u00f3 que la adaptaci\u00f3n del conocimiento internacional y la reproducci\u00f3n de este en el pa\u00eds es lo que \u00a0consolidar\u00e1 el cambio.\u00a0 \u201cLa innovaci\u00f3n en Ecopetrol no es sentarnos en una mesa a tratar de resolver el problema, sino abrirnos [&hellip;]<\/p>\n","protected":false},"author":3,"featured_media":0,"parent":0,"menu_order":0,"comment_status":"closed","ping_status":"closed","template":"elementor_header_footer","meta":{"footnotes":""},"yoast_head":"<!-- This site is optimized with the Yoast SEO plugin v21.2 - https:\/\/yoast.com\/wordpress\/plugins\/seo\/ -->\n<title>Ecopetrol - Visi\u00f3n Estrat\u00e9gica l El Colombiano<\/title>\n<meta name=\"robots\" content=\"index, follow, max-snippet:-1, max-image-preview:large, max-video-preview:-1\" \/>\n<link rel=\"canonical\" href=\"https:\/\/visionestrategica.elcolombiano.com\/index.php\/ecopetrol\/\" \/>\n<meta property=\"og:locale\" content=\"es_ES\" \/>\n<meta property=\"og:type\" content=\"article\" \/>\n<meta property=\"og:title\" content=\"Ecopetrol - Visi\u00f3n Estrat\u00e9gica l El Colombiano\" \/>\n<meta property=\"og:description\" content=\"Ecopetrol Con Hidr\u00f3geno verde, busca liderar la transici\u00f3n\u00a0 En su camino hacia la transici\u00f3n energ\u00e9tica, Ecopetrol entendi\u00f3 que la adaptaci\u00f3n del conocimiento internacional y la reproducci\u00f3n de este en el pa\u00eds es lo que \u00a0consolidar\u00e1 el cambio.\u00a0 \u201cLa innovaci\u00f3n en Ecopetrol no es sentarnos en una mesa a tratar de resolver el problema, sino abrirnos [&hellip;]\" \/>\n<meta property=\"og:url\" content=\"https:\/\/visionestrategica.elcolombiano.com\/index.php\/ecopetrol\/\" \/>\n<meta property=\"og:site_name\" content=\"Visi\u00f3n Estrat\u00e9gica l El Colombiano\" \/>\n<meta property=\"article:modified_time\" content=\"2022-09-01T20:42:39+00:00\" \/>\n<meta property=\"og:image\" content=\"https:\/\/visionestrategica.elcolombiano.com\/wp-content\/uploads\/2022\/08\/Ernesto-Gutierrez-ECOPETRO-764x1024.jpg\" \/>\n<meta name=\"twitter:card\" content=\"summary_large_image\" \/>\n<meta name=\"twitter:label1\" content=\"Tiempo de lectura\" \/>\n\t<meta name=\"twitter:data1\" content=\"4 minutos\" \/>\n<script type=\"application\/ld+json\" class=\"yoast-schema-graph\">{\"@context\":\"https:\/\/schema.org\",\"@graph\":[{\"@type\":\"WebPage\",\"@id\":\"https:\/\/visionestrategica.elcolombiano.com\/index.php\/ecopetrol\/\",\"url\":\"https:\/\/visionestrategica.elcolombiano.com\/index.php\/ecopetrol\/\",\"name\":\"Ecopetrol - Visi\u00f3n Estrat\u00e9gica l El Colombiano\",\"isPartOf\":{\"@id\":\"https:\/\/visionestrategica.elcolombiano.com\/#website\"},\"datePublished\":\"2022-07-10T00:18:56+00:00\",\"dateModified\":\"2022-09-01T20:42:39+00:00\",\"breadcrumb\":{\"@id\":\"https:\/\/visionestrategica.elcolombiano.com\/index.php\/ecopetrol\/#breadcrumb\"},\"inLanguage\":\"es\",\"potentialAction\":[{\"@type\":\"ReadAction\",\"target\":[\"https:\/\/visionestrategica.elcolombiano.com\/index.php\/ecopetrol\/\"]}]},{\"@type\":\"BreadcrumbList\",\"@id\":\"https:\/\/visionestrategica.elcolombiano.com\/index.php\/ecopetrol\/#breadcrumb\",\"itemListElement\":[{\"@type\":\"ListItem\",\"position\":1,\"name\":\"Home\",\"item\":\"https:\/\/visionestrategica.elcolombiano.com\/\"},{\"@type\":\"ListItem\",\"position\":2,\"name\":\"Ecopetrol\"}]},{\"@type\":\"WebSite\",\"@id\":\"https:\/\/visionestrategica.elcolombiano.com\/#website\",\"url\":\"https:\/\/visionestrategica.elcolombiano.com\/\",\"name\":\"Visi\u00f3n Estrat\u00e9gica l El Colombiano\",\"description\":\"Visi\u00f3n Estrat\u00e9gica l El Colombiano\",\"publisher\":{\"@id\":\"https:\/\/visionestrategica.elcolombiano.com\/#organization\"},\"potentialAction\":[{\"@type\":\"SearchAction\",\"target\":{\"@type\":\"EntryPoint\",\"urlTemplate\":\"https:\/\/visionestrategica.elcolombiano.com\/?s={search_term_string}\"},\"query-input\":\"required name=search_term_string\"}],\"inLanguage\":\"es\"},{\"@type\":\"Organization\",\"@id\":\"https:\/\/visionestrategica.elcolombiano.com\/#organization\",\"name\":\"Visi\u00f3n Estrat\u00e9gica l El Colombiano\",\"url\":\"https:\/\/visionestrategica.elcolombiano.com\/\",\"logo\":{\"@type\":\"ImageObject\",\"inLanguage\":\"es\",\"@id\":\"https:\/\/visionestrategica.elcolombiano.com\/#\/schema\/logo\/image\/\",\"url\":\"https:\/\/visionestrategica.elcolombiano.com\/wp-content\/uploads\/2022\/07\/cropped-Recurso-1-1.png\",\"contentUrl\":\"https:\/\/visionestrategica.elcolombiano.com\/wp-content\/uploads\/2022\/07\/cropped-Recurso-1-1.png\",\"width\":288,\"height\":107,\"caption\":\"Visi\u00f3n Estrat\u00e9gica l El Colombiano\"},\"image\":{\"@id\":\"https:\/\/visionestrategica.elcolombiano.com\/#\/schema\/logo\/image\/\"}}]}<\/script>\n<!-- \/ Yoast SEO plugin. -->","yoast_head_json":{"title":"Ecopetrol - Visi\u00f3n Estrat\u00e9gica l El Colombiano","robots":{"index":"index","follow":"follow","max-snippet":"max-snippet:-1","max-image-preview":"max-image-preview:large","max-video-preview":"max-video-preview:-1"},"canonical":"https:\/\/visionestrategica.elcolombiano.com\/index.php\/ecopetrol\/","og_locale":"es_ES","og_type":"article","og_title":"Ecopetrol - Visi\u00f3n Estrat\u00e9gica l El Colombiano","og_description":"Ecopetrol Con Hidr\u00f3geno verde, busca liderar la transici\u00f3n\u00a0 En su camino hacia la transici\u00f3n energ\u00e9tica, Ecopetrol entendi\u00f3 que la adaptaci\u00f3n del conocimiento internacional y la reproducci\u00f3n de este en el pa\u00eds es lo que \u00a0consolidar\u00e1 el cambio.\u00a0 \u201cLa innovaci\u00f3n en Ecopetrol no es sentarnos en una mesa a tratar de resolver el problema, sino abrirnos [&hellip;]","og_url":"https:\/\/visionestrategica.elcolombiano.com\/index.php\/ecopetrol\/","og_site_name":"Visi\u00f3n Estrat\u00e9gica l El Colombiano","article_modified_time":"2022-09-01T20:42:39+00:00","og_image":[{"url":"https:\/\/visionestrategica.elcolombiano.com\/wp-content\/uploads\/2022\/08\/Ernesto-Gutierrez-ECOPETRO-764x1024.jpg"}],"twitter_card":"summary_large_image","twitter_misc":{"Tiempo de lectura":"4 minutos"},"schema":{"@context":"https:\/\/schema.org","@graph":[{"@type":"WebPage","@id":"https:\/\/visionestrategica.elcolombiano.com\/index.php\/ecopetrol\/","url":"https:\/\/visionestrategica.elcolombiano.com\/index.php\/ecopetrol\/","name":"Ecopetrol - Visi\u00f3n Estrat\u00e9gica l El Colombiano","isPartOf":{"@id":"https:\/\/visionestrategica.elcolombiano.com\/#website"},"datePublished":"2022-07-10T00:18:56+00:00","dateModified":"2022-09-01T20:42:39+00:00","breadcrumb":{"@id":"https:\/\/visionestrategica.elcolombiano.com\/index.php\/ecopetrol\/#breadcrumb"},"inLanguage":"es","potentialAction":[{"@type":"ReadAction","target":["https:\/\/visionestrategica.elcolombiano.com\/index.php\/ecopetrol\/"]}]},{"@type":"BreadcrumbList","@id":"https:\/\/visionestrategica.elcolombiano.com\/index.php\/ecopetrol\/#breadcrumb","itemListElement":[{"@type":"ListItem","position":1,"name":"Home","item":"https:\/\/visionestrategica.elcolombiano.com\/"},{"@type":"ListItem","position":2,"name":"Ecopetrol"}]},{"@type":"WebSite","@id":"https:\/\/visionestrategica.elcolombiano.com\/#website","url":"https:\/\/visionestrategica.elcolombiano.com\/","name":"Visi\u00f3n Estrat\u00e9gica l El Colombiano","description":"Visi\u00f3n Estrat\u00e9gica l El Colombiano","publisher":{"@id":"https:\/\/visionestrategica.elcolombiano.com\/#organization"},"potentialAction":[{"@type":"SearchAction","target":{"@type":"EntryPoint","urlTemplate":"https:\/\/visionestrategica.elcolombiano.com\/?s={search_term_string}"},"query-input":"required name=search_term_string"}],"inLanguage":"es"},{"@type":"Organization","@id":"https:\/\/visionestrategica.elcolombiano.com\/#organization","name":"Visi\u00f3n Estrat\u00e9gica l El Colombiano","url":"https:\/\/visionestrategica.elcolombiano.com\/","logo":{"@type":"ImageObject","inLanguage":"es","@id":"https:\/\/visionestrategica.elcolombiano.com\/#\/schema\/logo\/image\/","url":"https:\/\/visionestrategica.elcolombiano.com\/wp-content\/uploads\/2022\/07\/cropped-Recurso-1-1.png","contentUrl":"https:\/\/visionestrategica.elcolombiano.com\/wp-content\/uploads\/2022\/07\/cropped-Recurso-1-1.png","width":288,"height":107,"caption":"Visi\u00f3n Estrat\u00e9gica l El Colombiano"},"image":{"@id":"https:\/\/visionestrategica.elcolombiano.com\/#\/schema\/logo\/image\/"}}]}},"_links":{"self":[{"href":"https:\/\/visionestrategica.elcolombiano.com\/index.php\/wp-json\/wp\/v2\/pages\/405"}],"collection":[{"href":"https:\/\/visionestrategica.elcolombiano.com\/index.php\/wp-json\/wp\/v2\/pages"}],"about":[{"href":"https:\/\/visionestrategica.elcolombiano.com\/index.php\/wp-json\/wp\/v2\/types\/page"}],"author":[{"embeddable":true,"href":"https:\/\/visionestrategica.elcolombiano.com\/index.php\/wp-json\/wp\/v2\/users\/3"}],"replies":[{"embeddable":true,"href":"https:\/\/visionestrategica.elcolombiano.com\/index.php\/wp-json\/wp\/v2\/comments?post=405"}],"version-history":[{"count":17,"href":"https:\/\/visionestrategica.elcolombiano.com\/index.php\/wp-json\/wp\/v2\/pages\/405\/revisions"}],"predecessor-version":[{"id":2336,"href":"https:\/\/visionestrategica.elcolombiano.com\/index.php\/wp-json\/wp\/v2\/pages\/405\/revisions\/2336"}],"wp:attachment":[{"href":"https:\/\/visionestrategica.elcolombiano.com\/index.php\/wp-json\/wp\/v2\/media?parent=405"}],"curies":[{"name":"wp","href":"https:\/\/api.w.org\/{rel}","templated":true}]}}