{"id":397,"date":"2022-07-10T00:05:48","date_gmt":"2022-07-10T00:05:48","guid":{"rendered":"https:\/\/visionestrategica.elcolombiano.com\/?page_id=397"},"modified":"2022-08-02T10:34:57","modified_gmt":"2022-08-02T10:34:57","slug":"region-1","status":"publish","type":"page","link":"https:\/\/visionestrategica.elcolombiano.com\/index.php\/region-1\/","title":{"rendered":"Region 1"},"content":{"rendered":"\t\t<div data-elementor-type=\"wp-page\" data-elementor-id=\"397\" class=\"elementor elementor-397\">\n\t\t\t\t\t\t\t\t\t<section class=\"elementor-section elementor-top-section elementor-element elementor-element-444c815 elementor-section-height-min-height elementor-section-content-middle elementor-section-boxed elementor-section-height-default elementor-section-items-middle\" data-id=\"444c815\" data-element_type=\"section\" data-settings=\"{&quot;background_background&quot;:&quot;classic&quot;}\">\n\t\t\t\t\t\t\t<div class=\"elementor-background-overlay\"><\/div>\n\t\t\t\t\t\t\t<div class=\"elementor-container elementor-column-gap-no\">\n\t\t\t\t\t<div class=\"elementor-column elementor-col-100 elementor-top-column elementor-element elementor-element-cf1df3e\" data-id=\"cf1df3e\" data-element_type=\"column\">\n\t\t\t<div class=\"elementor-widget-wrap elementor-element-populated\">\n\t\t\t\t\t\t\t\t<div class=\"elementor-element elementor-element-d54ae2b elementor-headline--style-rotate elementor-widget elementor-widget-animated-headline\" data-id=\"d54ae2b\" data-element_type=\"widget\" data-settings=\"{&quot;headline_style&quot;:&quot;rotate&quot;,&quot;animation_type&quot;:&quot;slide&quot;,&quot;rotating_text&quot;:&quot;ANTIOQUIA&quot;,&quot;loop&quot;:&quot;yes&quot;,&quot;rotate_iteration_delay&quot;:2500}\" data-widget_type=\"animated-headline.default\">\n\t\t\t\t<div class=\"elementor-widget-container\">\n\t\t\t<link rel=\"stylesheet\" href=\"https:\/\/visionestrategica.elcolombiano.com\/wp-content\/plugins\/elementor-pro\/assets\/css\/widget-animated-headline.min.css\">\t\t<h2 class=\"elementor-headline elementor-headline-animation-type-slide\">\n\t\t\t\t<span class=\"elementor-headline-dynamic-wrapper elementor-headline-text-wrapper\">\n\t\t\t\t\t<span class=\"elementor-headline-dynamic-text elementor-headline-text-active\">\n\t\t\t\tANTIOQUIA\t\t\t<\/span>\n\t\t\t\t\t\t<\/span>\n\t\t\t\t<\/h2>\n\t\t\t\t<\/div>\n\t\t\t\t<\/div>\n\t\t\t\t\t<\/div>\n\t\t<\/div>\n\t\t\t\t\t\t\t<\/div>\n\t\t<\/section>\n\t\t\t\t<section class=\"elementor-section elementor-top-section elementor-element elementor-element-ed92bda elementor-section-boxed elementor-section-height-default elementor-section-height-default\" data-id=\"ed92bda\" data-element_type=\"section\" data-settings=\"{&quot;background_background&quot;:&quot;classic&quot;}\">\n\t\t\t\t\t\t<div class=\"elementor-container elementor-column-gap-default\">\n\t\t\t\t\t<div class=\"elementor-column elementor-col-100 elementor-top-column elementor-element elementor-element-25e3d8a\" data-id=\"25e3d8a\" data-element_type=\"column\">\n\t\t\t<div class=\"elementor-widget-wrap elementor-element-populated\">\n\t\t\t\t\t\t\t\t<div class=\"elementor-element elementor-element-c69c843 elementor-widget elementor-widget-text-editor\" data-id=\"c69c843\" data-element_type=\"widget\" data-widget_type=\"text-editor.default\">\n\t\t\t\t<div class=\"elementor-widget-container\">\n\t\t\t<style>\/*! elementor - v3.16.0 - 20-09-2023 *\/\n.elementor-widget-text-editor.elementor-drop-cap-view-stacked .elementor-drop-cap{background-color:#69727d;color:#fff}.elementor-widget-text-editor.elementor-drop-cap-view-framed .elementor-drop-cap{color:#69727d;border:3px solid;background-color:transparent}.elementor-widget-text-editor:not(.elementor-drop-cap-view-default) .elementor-drop-cap{margin-top:8px}.elementor-widget-text-editor:not(.elementor-drop-cap-view-default) .elementor-drop-cap-letter{width:1em;height:1em}.elementor-widget-text-editor .elementor-drop-cap{float:left;text-align:center;line-height:1;font-size:50px}.elementor-widget-text-editor .elementor-drop-cap-letter{display:inline-block}<\/style>\t\t\t\t<p>An\u00e1lisis Antioquia: Entre las 1.000 empresas m\u00e1s grandes de Colombia en 2021, Antioquia increment\u00f3 su participaci\u00f3n al sumar tres compa\u00f1\u00edas m\u00e1s para totalizar 186. Estas consolidaron al departamento como la segunda regi\u00f3n con mayor presencia en este listado por cantidad de organizaciones e ingresos.<\/p><p>A su vez, la evoluci\u00f3n para las empresas de Antioquia en el top es diferencial pues desde 2019, y a pesar del impacto de la pandemia de Covid-19, ha mejorado sus cifras a\u00f1o a a\u00f1o tanto en n\u00famero de organizaciones como en ingresos operacionales.<\/p><p>Antioquia marca su presencia por su fuerte industria manufacturera como el principal sector del departamento, seguido por comercio y servicios en igual cantidad.<\/p>\t\t\t\t\t\t<\/div>\n\t\t\t\t<\/div>\n\t\t\t\t\t<\/div>\n\t\t<\/div>\n\t\t\t\t\t\t\t<\/div>\n\t\t<\/section>\n\t\t\t\t<section class=\"elementor-section elementor-top-section elementor-element elementor-element-bf56f81 elementor-section-boxed elementor-section-height-default elementor-section-height-default\" data-id=\"bf56f81\" data-element_type=\"section\" data-settings=\"{&quot;background_background&quot;:&quot;classic&quot;}\">\n\t\t\t\t\t\t<div class=\"elementor-container elementor-column-gap-default\">\n\t\t\t\t\t<div class=\"elementor-column elementor-col-50 elementor-top-column elementor-element elementor-element-697ae39\" data-id=\"697ae39\" data-element_type=\"column\">\n\t\t\t<div class=\"elementor-widget-wrap elementor-element-populated\">\n\t\t\t\t\t\t\t\t<div class=\"elementor-element elementor-element-3f64553 elementor-widget elementor-widget-image\" data-id=\"3f64553\" data-element_type=\"widget\" data-widget_type=\"image.default\">\n\t\t\t\t<div class=\"elementor-widget-container\">\n\t\t\t<style>\/*! elementor - v3.16.0 - 20-09-2023 *\/\n.elementor-widget-image{text-align:center}.elementor-widget-image a{display:inline-block}.elementor-widget-image a img[src$=\".svg\"]{width:48px}.elementor-widget-image img{vertical-align:middle;display:inline-block}<\/style>\t\t\t\t\t\t\t\t\t\t\t\t<img decoding=\"async\" loading=\"lazy\" width=\"800\" height=\"723\" src=\"https:\/\/visionestrategica.elcolombiano.com\/wp-content\/uploads\/2022\/08\/antioquia1.jpg\" class=\"attachment-large size-large wp-image-1875\" alt=\"\" srcset=\"https:\/\/visionestrategica.elcolombiano.com\/wp-content\/uploads\/2022\/08\/antioquia1.jpg 941w, https:\/\/visionestrategica.elcolombiano.com\/wp-content\/uploads\/2022\/08\/antioquia1-300x271.jpg 300w, https:\/\/visionestrategica.elcolombiano.com\/wp-content\/uploads\/2022\/08\/antioquia1-768x694.jpg 768w\" sizes=\"(max-width: 800px) 100vw, 800px\" \/>\t\t\t\t\t\t\t\t\t\t\t\t\t\t\t<\/div>\n\t\t\t\t<\/div>\n\t\t\t\t\t<\/div>\n\t\t<\/div>\n\t\t\t\t<div class=\"elementor-column elementor-col-50 elementor-top-column elementor-element elementor-element-cdfb66d\" data-id=\"cdfb66d\" data-element_type=\"column\">\n\t\t\t<div class=\"elementor-widget-wrap elementor-element-populated\">\n\t\t\t\t\t\t\t\t<div class=\"elementor-element elementor-element-91296b5 elementor-widget elementor-widget-image\" data-id=\"91296b5\" data-element_type=\"widget\" data-widget_type=\"image.default\">\n\t\t\t\t<div class=\"elementor-widget-container\">\n\t\t\t\t\t\t\t\t\t\t\t\t\t\t\t<img decoding=\"async\" loading=\"lazy\" width=\"800\" height=\"723\" src=\"https:\/\/visionestrategica.elcolombiano.com\/wp-content\/uploads\/2022\/08\/antioquia2.jpg\" class=\"attachment-large size-large wp-image-1876\" alt=\"\" srcset=\"https:\/\/visionestrategica.elcolombiano.com\/wp-content\/uploads\/2022\/08\/antioquia2.jpg 941w, https:\/\/visionestrategica.elcolombiano.com\/wp-content\/uploads\/2022\/08\/antioquia2-300x271.jpg 300w, https:\/\/visionestrategica.elcolombiano.com\/wp-content\/uploads\/2022\/08\/antioquia2-768x694.jpg 768w\" sizes=\"(max-width: 800px) 100vw, 800px\" \/>\t\t\t\t\t\t\t\t\t\t\t\t\t\t\t<\/div>\n\t\t\t\t<\/div>\n\t\t\t\t\t<\/div>\n\t\t<\/div>\n\t\t\t\t\t\t\t<\/div>\n\t\t<\/section>\n\t\t\t\t<section class=\"elementor-section elementor-top-section elementor-element elementor-element-126868b elementor-section-boxed elementor-section-height-default elementor-section-height-default\" data-id=\"126868b\" data-element_type=\"section\">\n\t\t\t\t\t\t<div class=\"elementor-container elementor-column-gap-default\">\n\t\t\t\t\t<div class=\"elementor-column elementor-col-100 elementor-top-column elementor-element elementor-element-0d0e0fe\" data-id=\"0d0e0fe\" data-element_type=\"column\">\n\t\t\t<div class=\"elementor-widget-wrap elementor-element-populated\">\n\t\t\t\t\t\t\t\t<div class=\"elementor-element elementor-element-c9d39fa elementor-widget-divider--view-line elementor-widget elementor-widget-divider\" data-id=\"c9d39fa\" data-element_type=\"widget\" data-widget_type=\"divider.default\">\n\t\t\t\t<div class=\"elementor-widget-container\">\n\t\t\t<style>\/*! elementor - v3.16.0 - 20-09-2023 *\/\n.elementor-widget-divider{--divider-border-style:none;--divider-border-width:1px;--divider-color:#0c0d0e;--divider-icon-size:20px;--divider-element-spacing:10px;--divider-pattern-height:24px;--divider-pattern-size:20px;--divider-pattern-url:none;--divider-pattern-repeat:repeat-x}.elementor-widget-divider .elementor-divider{display:flex}.elementor-widget-divider .elementor-divider__text{font-size:15px;line-height:1;max-width:95%}.elementor-widget-divider .elementor-divider__element{margin:0 var(--divider-element-spacing);flex-shrink:0}.elementor-widget-divider .elementor-icon{font-size:var(--divider-icon-size)}.elementor-widget-divider .elementor-divider-separator{display:flex;margin:0;direction:ltr}.elementor-widget-divider--view-line_icon .elementor-divider-separator,.elementor-widget-divider--view-line_text .elementor-divider-separator{align-items:center}.elementor-widget-divider--view-line_icon .elementor-divider-separator:after,.elementor-widget-divider--view-line_icon .elementor-divider-separator:before,.elementor-widget-divider--view-line_text .elementor-divider-separator:after,.elementor-widget-divider--view-line_text .elementor-divider-separator:before{display:block;content:\"\";border-bottom:0;flex-grow:1;border-top:var(--divider-border-width) var(--divider-border-style) var(--divider-color)}.elementor-widget-divider--element-align-left .elementor-divider .elementor-divider-separator>.elementor-divider__svg:first-of-type{flex-grow:0;flex-shrink:100}.elementor-widget-divider--element-align-left .elementor-divider-separator:before{content:none}.elementor-widget-divider--element-align-left .elementor-divider__element{margin-left:0}.elementor-widget-divider--element-align-right .elementor-divider .elementor-divider-separator>.elementor-divider__svg:last-of-type{flex-grow:0;flex-shrink:100}.elementor-widget-divider--element-align-right .elementor-divider-separator:after{content:none}.elementor-widget-divider--element-align-right .elementor-divider__element{margin-right:0}.elementor-widget-divider:not(.elementor-widget-divider--view-line_text):not(.elementor-widget-divider--view-line_icon) .elementor-divider-separator{border-top:var(--divider-border-width) var(--divider-border-style) var(--divider-color)}.elementor-widget-divider--separator-type-pattern{--divider-border-style:none}.elementor-widget-divider--separator-type-pattern.elementor-widget-divider--view-line .elementor-divider-separator,.elementor-widget-divider--separator-type-pattern:not(.elementor-widget-divider--view-line) .elementor-divider-separator:after,.elementor-widget-divider--separator-type-pattern:not(.elementor-widget-divider--view-line) .elementor-divider-separator:before,.elementor-widget-divider--separator-type-pattern:not([class*=elementor-widget-divider--view]) .elementor-divider-separator{width:100%;min-height:var(--divider-pattern-height);-webkit-mask-size:var(--divider-pattern-size) 100%;mask-size:var(--divider-pattern-size) 100%;-webkit-mask-repeat:var(--divider-pattern-repeat);mask-repeat:var(--divider-pattern-repeat);background-color:var(--divider-color);-webkit-mask-image:var(--divider-pattern-url);mask-image:var(--divider-pattern-url)}.elementor-widget-divider--no-spacing{--divider-pattern-size:auto}.elementor-widget-divider--bg-round{--divider-pattern-repeat:round}.rtl .elementor-widget-divider .elementor-divider__text{direction:rtl}.e-con-inner>.elementor-widget-divider,.e-con>.elementor-widget-divider{width:var(--container-widget-width,100%);--flex-grow:var(--container-widget-flex-grow)}<\/style>\t\t<div class=\"elementor-divider\">\n\t\t\t<span class=\"elementor-divider-separator\">\n\t\t\t\t\t\t<\/span>\n\t\t<\/div>\n\t\t\t\t<\/div>\n\t\t\t\t<\/div>\n\t\t\t\t<div class=\"elementor-element elementor-element-f5c7648 elementor-widget elementor-widget-heading\" data-id=\"f5c7648\" data-element_type=\"widget\" data-widget_type=\"heading.default\">\n\t\t\t\t<div class=\"elementor-widget-container\">\n\t\t\t<style>\/*! elementor - v3.16.0 - 20-09-2023 *\/\n.elementor-heading-title{padding:0;margin:0;line-height:1}.elementor-widget-heading .elementor-heading-title[class*=elementor-size-]>a{color:inherit;font-size:inherit;line-height:inherit}.elementor-widget-heading .elementor-heading-title.elementor-size-small{font-size:15px}.elementor-widget-heading .elementor-heading-title.elementor-size-medium{font-size:19px}.elementor-widget-heading .elementor-heading-title.elementor-size-large{font-size:29px}.elementor-widget-heading .elementor-heading-title.elementor-size-xl{font-size:39px}.elementor-widget-heading .elementor-heading-title.elementor-size-xxl{font-size:59px}<\/style><h2 class=\"elementor-heading-title elementor-size-default\">Empresas<\/h2>\t\t<\/div>\n\t\t\t\t<\/div>\n\t\t\t\t\t<\/div>\n\t\t<\/div>\n\t\t\t\t\t\t\t<\/div>\n\t\t<\/section>\n\t\t\t\t<section class=\"elementor-section elementor-top-section elementor-element elementor-element-be01cde elementor-section-boxed elementor-section-height-default elementor-section-height-default\" data-id=\"be01cde\" data-element_type=\"section\">\n\t\t\t\t\t\t<div class=\"elementor-container elementor-column-gap-default\">\n\t\t\t\t\t<div class=\"elementor-column elementor-col-25 elementor-top-column elementor-element elementor-element-92fe856\" data-id=\"92fe856\" data-element_type=\"column\">\n\t\t\t<div class=\"elementor-widget-wrap elementor-element-populated\">\n\t\t\t\t\t\t\t\t<div class=\"elementor-element elementor-element-bcd4775 elementor-widget elementor-widget-image\" data-id=\"bcd4775\" data-element_type=\"widget\" data-widget_type=\"image.default\">\n\t\t\t\t<div class=\"elementor-widget-container\">\n\t\t\t\t\t\t\t\t\t\t\t\t\t\t\t<img decoding=\"async\" loading=\"lazy\" width=\"800\" height=\"496\" src=\"https:\/\/visionestrategica.elcolombiano.com\/wp-content\/uploads\/2022\/07\/Corona-1024x635.jpg\" class=\"attachment-large size-large wp-image-1186\" alt=\"\" srcset=\"https:\/\/visionestrategica.elcolombiano.com\/wp-content\/uploads\/2022\/07\/Corona-1024x635.jpg 1024w, https:\/\/visionestrategica.elcolombiano.com\/wp-content\/uploads\/2022\/07\/Corona-300x186.jpg 300w, https:\/\/visionestrategica.elcolombiano.com\/wp-content\/uploads\/2022\/07\/Corona-768x476.jpg 768w, https:\/\/visionestrategica.elcolombiano.com\/wp-content\/uploads\/2022\/07\/Corona-1536x952.jpg 1536w, https:\/\/visionestrategica.elcolombiano.com\/wp-content\/uploads\/2022\/07\/Corona-2048x1270.jpg 2048w\" sizes=\"(max-width: 800px) 100vw, 800px\" \/>\t\t\t\t\t\t\t\t\t\t\t\t\t\t\t<\/div>\n\t\t\t\t<\/div>\n\t\t\t\t<div class=\"elementor-element elementor-element-57458a2 elementor-widget elementor-widget-heading\" data-id=\"57458a2\" data-element_type=\"widget\" data-widget_type=\"heading.default\">\n\t\t\t\t<div class=\"elementor-widget-container\">\n\t\t\t<h2 class=\"elementor-heading-title elementor-size-default\">Corona<\/h2>\t\t<\/div>\n\t\t\t\t<\/div>\n\t\t\t\t\t<\/div>\n\t\t<\/div>\n\t\t\t\t<div class=\"elementor-column elementor-col-25 elementor-top-column elementor-element elementor-element-a35de91\" data-id=\"a35de91\" data-element_type=\"column\">\n\t\t\t<div class=\"elementor-widget-wrap elementor-element-populated\">\n\t\t\t\t\t\t\t\t<div class=\"elementor-element elementor-element-590e576 elementor-widget elementor-widget-image\" data-id=\"590e576\" data-element_type=\"widget\" data-widget_type=\"image.default\">\n\t\t\t\t<div class=\"elementor-widget-container\">\n\t\t\t\t\t\t\t\t\t\t\t\t\t\t\t<img decoding=\"async\" loading=\"lazy\" width=\"800\" height=\"493\" src=\"https:\/\/visionestrategica.elcolombiano.com\/wp-content\/uploads\/2022\/07\/Nutresa-1024x631.jpg\" class=\"attachment-large size-large wp-image-1187\" alt=\"\" srcset=\"https:\/\/visionestrategica.elcolombiano.com\/wp-content\/uploads\/2022\/07\/Nutresa-1024x631.jpg 1024w, https:\/\/visionestrategica.elcolombiano.com\/wp-content\/uploads\/2022\/07\/Nutresa-300x185.jpg 300w, https:\/\/visionestrategica.elcolombiano.com\/wp-content\/uploads\/2022\/07\/Nutresa-768x473.jpg 768w, https:\/\/visionestrategica.elcolombiano.com\/wp-content\/uploads\/2022\/07\/Nutresa-1536x947.jpg 1536w, https:\/\/visionestrategica.elcolombiano.com\/wp-content\/uploads\/2022\/07\/Nutresa-2048x1263.jpg 2048w\" sizes=\"(max-width: 800px) 100vw, 800px\" \/>\t\t\t\t\t\t\t\t\t\t\t\t\t\t\t<\/div>\n\t\t\t\t<\/div>\n\t\t\t\t<div class=\"elementor-element elementor-element-906a79a elementor-widget elementor-widget-heading\" data-id=\"906a79a\" data-element_type=\"widget\" data-widget_type=\"heading.default\">\n\t\t\t\t<div class=\"elementor-widget-container\">\n\t\t\t<h2 class=\"elementor-heading-title elementor-size-default\">Nutresa<\/h2>\t\t<\/div>\n\t\t\t\t<\/div>\n\t\t\t\t\t<\/div>\n\t\t<\/div>\n\t\t\t\t<div class=\"elementor-column elementor-col-25 elementor-top-column elementor-element elementor-element-aaaa9f3\" data-id=\"aaaa9f3\" data-element_type=\"column\">\n\t\t\t<div class=\"elementor-widget-wrap\">\n\t\t\t\t\t\t\t\t\t<\/div>\n\t\t<\/div>\n\t\t\t\t<div class=\"elementor-column elementor-col-25 elementor-top-column elementor-element elementor-element-b78a037\" data-id=\"b78a037\" data-element_type=\"column\">\n\t\t\t<div class=\"elementor-widget-wrap\">\n\t\t\t\t\t\t\t\t\t<\/div>\n\t\t<\/div>\n\t\t\t\t\t\t\t<\/div>\n\t\t<\/section>\n\t\t\t\t\t\t\t<\/div>\n\t\t","protected":false},"excerpt":{"rendered":"<p>ANTIOQUIA An\u00e1lisis Antioquia: Entre las 1.000 empresas m\u00e1s grandes de Colombia en 2021, Antioquia increment\u00f3 su participaci\u00f3n al sumar tres compa\u00f1\u00edas m\u00e1s para totalizar 186. Estas consolidaron al departamento como la segunda regi\u00f3n con mayor presencia en este listado por cantidad de organizaciones e ingresos. A su vez, la evoluci\u00f3n para las empresas de Antioquia [&hellip;]<\/p>\n","protected":false},"author":3,"featured_media":0,"parent":0,"menu_order":0,"comment_status":"closed","ping_status":"closed","template":"elementor_header_footer","meta":{"footnotes":""},"yoast_head":"<!-- This site is optimized with the Yoast SEO plugin v21.2 - https:\/\/yoast.com\/wordpress\/plugins\/seo\/ -->\n<title>Region 1 - Visi\u00f3n Estrat\u00e9gica l El Colombiano<\/title>\n<meta name=\"robots\" content=\"index, follow, max-snippet:-1, max-image-preview:large, max-video-preview:-1\" \/>\n<link rel=\"canonical\" href=\"https:\/\/visionestrategica.elcolombiano.com\/index.php\/region-1\/\" \/>\n<meta property=\"og:locale\" content=\"es_ES\" \/>\n<meta property=\"og:type\" content=\"article\" \/>\n<meta property=\"og:title\" content=\"Region 1 - Visi\u00f3n Estrat\u00e9gica l El Colombiano\" \/>\n<meta property=\"og:description\" content=\"ANTIOQUIA An\u00e1lisis Antioquia: Entre las 1.000 empresas m\u00e1s grandes de Colombia en 2021, Antioquia increment\u00f3 su participaci\u00f3n al sumar tres compa\u00f1\u00edas m\u00e1s para totalizar 186. Estas consolidaron al departamento como la segunda regi\u00f3n con mayor presencia en este listado por cantidad de organizaciones e ingresos. A su vez, la evoluci\u00f3n para las empresas de Antioquia [&hellip;]\" \/>\n<meta property=\"og:url\" content=\"https:\/\/visionestrategica.elcolombiano.com\/index.php\/region-1\/\" \/>\n<meta property=\"og:site_name\" content=\"Visi\u00f3n Estrat\u00e9gica l El Colombiano\" \/>\n<meta property=\"article:modified_time\" content=\"2022-08-02T10:34:57+00:00\" \/>\n<meta property=\"og:image\" content=\"https:\/\/visionestrategica.elcolombiano.com\/wp-content\/uploads\/2022\/08\/antioquia1.jpg\" \/>\n<meta name=\"twitter:card\" content=\"summary_large_image\" \/>\n<meta name=\"twitter:label1\" content=\"Tiempo de lectura\" \/>\n\t<meta name=\"twitter:data1\" content=\"2 minutos\" \/>\n<script type=\"application\/ld+json\" class=\"yoast-schema-graph\">{\"@context\":\"https:\/\/schema.org\",\"@graph\":[{\"@type\":\"WebPage\",\"@id\":\"https:\/\/visionestrategica.elcolombiano.com\/index.php\/region-1\/\",\"url\":\"https:\/\/visionestrategica.elcolombiano.com\/index.php\/region-1\/\",\"name\":\"Region 1 - Visi\u00f3n Estrat\u00e9gica l El Colombiano\",\"isPartOf\":{\"@id\":\"https:\/\/visionestrategica.elcolombiano.com\/#website\"},\"datePublished\":\"2022-07-10T00:05:48+00:00\",\"dateModified\":\"2022-08-02T10:34:57+00:00\",\"breadcrumb\":{\"@id\":\"https:\/\/visionestrategica.elcolombiano.com\/index.php\/region-1\/#breadcrumb\"},\"inLanguage\":\"es\",\"potentialAction\":[{\"@type\":\"ReadAction\",\"target\":[\"https:\/\/visionestrategica.elcolombiano.com\/index.php\/region-1\/\"]}]},{\"@type\":\"BreadcrumbList\",\"@id\":\"https:\/\/visionestrategica.elcolombiano.com\/index.php\/region-1\/#breadcrumb\",\"itemListElement\":[{\"@type\":\"ListItem\",\"position\":1,\"name\":\"Home\",\"item\":\"https:\/\/visionestrategica.elcolombiano.com\/\"},{\"@type\":\"ListItem\",\"position\":2,\"name\":\"Region 1\"}]},{\"@type\":\"WebSite\",\"@id\":\"https:\/\/visionestrategica.elcolombiano.com\/#website\",\"url\":\"https:\/\/visionestrategica.elcolombiano.com\/\",\"name\":\"Visi\u00f3n Estrat\u00e9gica l El Colombiano\",\"description\":\"Visi\u00f3n Estrat\u00e9gica l El Colombiano\",\"publisher\":{\"@id\":\"https:\/\/visionestrategica.elcolombiano.com\/#organization\"},\"potentialAction\":[{\"@type\":\"SearchAction\",\"target\":{\"@type\":\"EntryPoint\",\"urlTemplate\":\"https:\/\/visionestrategica.elcolombiano.com\/?s={search_term_string}\"},\"query-input\":\"required name=search_term_string\"}],\"inLanguage\":\"es\"},{\"@type\":\"Organization\",\"@id\":\"https:\/\/visionestrategica.elcolombiano.com\/#organization\",\"name\":\"Visi\u00f3n Estrat\u00e9gica l El Colombiano\",\"url\":\"https:\/\/visionestrategica.elcolombiano.com\/\",\"logo\":{\"@type\":\"ImageObject\",\"inLanguage\":\"es\",\"@id\":\"https:\/\/visionestrategica.elcolombiano.com\/#\/schema\/logo\/image\/\",\"url\":\"https:\/\/visionestrategica.elcolombiano.com\/wp-content\/uploads\/2022\/07\/cropped-Recurso-1-1.png\",\"contentUrl\":\"https:\/\/visionestrategica.elcolombiano.com\/wp-content\/uploads\/2022\/07\/cropped-Recurso-1-1.png\",\"width\":288,\"height\":107,\"caption\":\"Visi\u00f3n Estrat\u00e9gica l El Colombiano\"},\"image\":{\"@id\":\"https:\/\/visionestrategica.elcolombiano.com\/#\/schema\/logo\/image\/\"}}]}<\/script>\n<!-- \/ Yoast SEO plugin. -->","yoast_head_json":{"title":"Region 1 - Visi\u00f3n Estrat\u00e9gica l El Colombiano","robots":{"index":"index","follow":"follow","max-snippet":"max-snippet:-1","max-image-preview":"max-image-preview:large","max-video-preview":"max-video-preview:-1"},"canonical":"https:\/\/visionestrategica.elcolombiano.com\/index.php\/region-1\/","og_locale":"es_ES","og_type":"article","og_title":"Region 1 - Visi\u00f3n Estrat\u00e9gica l El Colombiano","og_description":"ANTIOQUIA An\u00e1lisis Antioquia: Entre las 1.000 empresas m\u00e1s grandes de Colombia en 2021, Antioquia increment\u00f3 su participaci\u00f3n al sumar tres compa\u00f1\u00edas m\u00e1s para totalizar 186. Estas consolidaron al departamento como la segunda regi\u00f3n con mayor presencia en este listado por cantidad de organizaciones e ingresos. A su vez, la evoluci\u00f3n para las empresas de Antioquia [&hellip;]","og_url":"https:\/\/visionestrategica.elcolombiano.com\/index.php\/region-1\/","og_site_name":"Visi\u00f3n Estrat\u00e9gica l El Colombiano","article_modified_time":"2022-08-02T10:34:57+00:00","og_image":[{"url":"https:\/\/visionestrategica.elcolombiano.com\/wp-content\/uploads\/2022\/08\/antioquia1.jpg"}],"twitter_card":"summary_large_image","twitter_misc":{"Tiempo de lectura":"2 minutos"},"schema":{"@context":"https:\/\/schema.org","@graph":[{"@type":"WebPage","@id":"https:\/\/visionestrategica.elcolombiano.com\/index.php\/region-1\/","url":"https:\/\/visionestrategica.elcolombiano.com\/index.php\/region-1\/","name":"Region 1 - Visi\u00f3n Estrat\u00e9gica l El Colombiano","isPartOf":{"@id":"https:\/\/visionestrategica.elcolombiano.com\/#website"},"datePublished":"2022-07-10T00:05:48+00:00","dateModified":"2022-08-02T10:34:57+00:00","breadcrumb":{"@id":"https:\/\/visionestrategica.elcolombiano.com\/index.php\/region-1\/#breadcrumb"},"inLanguage":"es","potentialAction":[{"@type":"ReadAction","target":["https:\/\/visionestrategica.elcolombiano.com\/index.php\/region-1\/"]}]},{"@type":"BreadcrumbList","@id":"https:\/\/visionestrategica.elcolombiano.com\/index.php\/region-1\/#breadcrumb","itemListElement":[{"@type":"ListItem","position":1,"name":"Home","item":"https:\/\/visionestrategica.elcolombiano.com\/"},{"@type":"ListItem","position":2,"name":"Region 1"}]},{"@type":"WebSite","@id":"https:\/\/visionestrategica.elcolombiano.com\/#website","url":"https:\/\/visionestrategica.elcolombiano.com\/","name":"Visi\u00f3n Estrat\u00e9gica l El Colombiano","description":"Visi\u00f3n Estrat\u00e9gica l El Colombiano","publisher":{"@id":"https:\/\/visionestrategica.elcolombiano.com\/#organization"},"potentialAction":[{"@type":"SearchAction","target":{"@type":"EntryPoint","urlTemplate":"https:\/\/visionestrategica.elcolombiano.com\/?s={search_term_string}"},"query-input":"required name=search_term_string"}],"inLanguage":"es"},{"@type":"Organization","@id":"https:\/\/visionestrategica.elcolombiano.com\/#organization","name":"Visi\u00f3n Estrat\u00e9gica l El Colombiano","url":"https:\/\/visionestrategica.elcolombiano.com\/","logo":{"@type":"ImageObject","inLanguage":"es","@id":"https:\/\/visionestrategica.elcolombiano.com\/#\/schema\/logo\/image\/","url":"https:\/\/visionestrategica.elcolombiano.com\/wp-content\/uploads\/2022\/07\/cropped-Recurso-1-1.png","contentUrl":"https:\/\/visionestrategica.elcolombiano.com\/wp-content\/uploads\/2022\/07\/cropped-Recurso-1-1.png","width":288,"height":107,"caption":"Visi\u00f3n Estrat\u00e9gica l El Colombiano"},"image":{"@id":"https:\/\/visionestrategica.elcolombiano.com\/#\/schema\/logo\/image\/"}}]}},"_links":{"self":[{"href":"https:\/\/visionestrategica.elcolombiano.com\/index.php\/wp-json\/wp\/v2\/pages\/397"}],"collection":[{"href":"https:\/\/visionestrategica.elcolombiano.com\/index.php\/wp-json\/wp\/v2\/pages"}],"about":[{"href":"https:\/\/visionestrategica.elcolombiano.com\/index.php\/wp-json\/wp\/v2\/types\/page"}],"author":[{"embeddable":true,"href":"https:\/\/visionestrategica.elcolombiano.com\/index.php\/wp-json\/wp\/v2\/users\/3"}],"replies":[{"embeddable":true,"href":"https:\/\/visionestrategica.elcolombiano.com\/index.php\/wp-json\/wp\/v2\/comments?post=397"}],"version-history":[{"count":77,"href":"https:\/\/visionestrategica.elcolombiano.com\/index.php\/wp-json\/wp\/v2\/pages\/397\/revisions"}],"predecessor-version":[{"id":2151,"href":"https:\/\/visionestrategica.elcolombiano.com\/index.php\/wp-json\/wp\/v2\/pages\/397\/revisions\/2151"}],"wp:attachment":[{"href":"https:\/\/visionestrategica.elcolombiano.com\/index.php\/wp-json\/wp\/v2\/media?parent=397"}],"curies":[{"name":"wp","href":"https:\/\/api.w.org\/{rel}","templated":true}]}}