{"id":30,"date":"2022-07-06T16:56:43","date_gmt":"2022-07-06T16:56:43","guid":{"rendered":"https:\/\/visionestrategica.elcolombiano.com\/index.php\/workshop-1\/"},"modified":"2022-07-23T15:34:11","modified_gmt":"2022-07-23T15:34:11","slug":"gurus","status":"publish","type":"page","link":"https:\/\/visionestrategica.elcolombiano.com\/index.php\/gurus\/","title":{"rendered":"Gur\u00fas"},"content":{"rendered":"\t\t<div data-elementor-type=\"wp-page\" data-elementor-id=\"30\" class=\"elementor elementor-30\">\n\t\t\t\t\t\t\t\t\t<section class=\"elementor-section elementor-top-section elementor-element elementor-element-27344d41 elementor-section-height-min-height elementor-section-content-middle elementor-section-boxed elementor-section-height-default elementor-section-items-middle\" data-id=\"27344d41\" data-element_type=\"section\" data-settings=\"{&quot;background_background&quot;:&quot;classic&quot;}\">\n\t\t\t\t\t\t\t<div class=\"elementor-background-overlay\"><\/div>\n\t\t\t\t\t\t\t<div class=\"elementor-container elementor-column-gap-no\">\n\t\t\t\t\t<div class=\"elementor-column elementor-col-100 elementor-top-column elementor-element elementor-element-51db2364\" data-id=\"51db2364\" data-element_type=\"column\">\n\t\t\t<div class=\"elementor-widget-wrap elementor-element-populated\">\n\t\t\t\t\t\t\t\t<div class=\"elementor-element elementor-element-7681ae0 elementor-widget elementor-widget-heading\" data-id=\"7681ae0\" data-element_type=\"widget\" data-widget_type=\"heading.default\">\n\t\t\t\t<div class=\"elementor-widget-container\">\n\t\t\t<style>\/*! elementor - v3.16.0 - 20-09-2023 *\/\n.elementor-heading-title{padding:0;margin:0;line-height:1}.elementor-widget-heading .elementor-heading-title[class*=elementor-size-]>a{color:inherit;font-size:inherit;line-height:inherit}.elementor-widget-heading .elementor-heading-title.elementor-size-small{font-size:15px}.elementor-widget-heading .elementor-heading-title.elementor-size-medium{font-size:19px}.elementor-widget-heading .elementor-heading-title.elementor-size-large{font-size:29px}.elementor-widget-heading .elementor-heading-title.elementor-size-xl{font-size:39px}.elementor-widget-heading .elementor-heading-title.elementor-size-xxl{font-size:59px}<\/style><h2 class=\"elementor-heading-title elementor-size-default\">GUR\u00daS<\/h2>\t\t<\/div>\n\t\t\t\t<\/div>\n\t\t\t\t<div class=\"elementor-element elementor-element-4030237f elementor-widget elementor-widget-text-editor\" data-id=\"4030237f\" data-element_type=\"widget\" data-widget_type=\"text-editor.default\">\n\t\t\t\t<div class=\"elementor-widget-container\">\n\t\t\t<style>\/*! elementor - v3.16.0 - 20-09-2023 *\/\n.elementor-widget-text-editor.elementor-drop-cap-view-stacked .elementor-drop-cap{background-color:#69727d;color:#fff}.elementor-widget-text-editor.elementor-drop-cap-view-framed .elementor-drop-cap{color:#69727d;border:3px solid;background-color:transparent}.elementor-widget-text-editor:not(.elementor-drop-cap-view-default) .elementor-drop-cap{margin-top:8px}.elementor-widget-text-editor:not(.elementor-drop-cap-view-default) .elementor-drop-cap-letter{width:1em;height:1em}.elementor-widget-text-editor .elementor-drop-cap{float:left;text-align:center;line-height:1;font-size:50px}.elementor-widget-text-editor .elementor-drop-cap-letter{display:inline-block}<\/style>\t\t\t\t<p><b>Los que m\u00e1s saben de innovaci\u00f3n dan sus consejos para que su empresa se atreva a innovar y tenga una mayor posibilidad de \u00e9xito a futuro.<\/b><\/p>\t\t\t\t\t\t<\/div>\n\t\t\t\t<\/div>\n\t\t\t\t\t<\/div>\n\t\t<\/div>\n\t\t\t\t\t\t\t<\/div>\n\t\t<\/section>\n\t\t\t\t<section class=\"elementor-section elementor-top-section elementor-element elementor-element-3d3daf2 elementor-section-boxed elementor-section-height-default elementor-section-height-default\" data-id=\"3d3daf2\" data-element_type=\"section\">\n\t\t\t\t\t\t<div class=\"elementor-container elementor-column-gap-default\">\n\t\t\t\t\t<div class=\"elementor-column elementor-col-100 elementor-top-column elementor-element elementor-element-75583d8\" data-id=\"75583d8\" data-element_type=\"column\">\n\t\t\t<div class=\"elementor-widget-wrap elementor-element-populated\">\n\t\t\t\t\t\t\t\t<div class=\"elementor-element elementor-element-d70156e elementor-widget elementor-widget-htmega-postgrid-addons\" data-id=\"d70156e\" data-element_type=\"widget\" data-settings=\"{&quot;grid_post_type&quot;:&quot;post&quot;}\" data-widget_type=\"htmega-postgrid-addons.default\">\n\t\t\t\t<div class=\"elementor-widget-container\">\n\t\t\t            \n        <div class=\"htmega-post-grid-area htmega-post-grid-layout-3\">\n            <div class=\"htb-col\">\n                <div class=\"row-1 htb-row\">\n                    \n                                                                                    <div class=\"htb-col-lg-6 htb-col-sm-6 htb-col-12\">\n                                    <div class=\"ht-post\">\n                                        <div class=\"thumb\">\n                                            <a href=\"https:\/\/visionestrategica.elcolombiano.com\/index.php\/2022\/07\/06\/para-innovar-hay-que-enamorarse-del-problema\/\">\n                                                <img loading=\"lazy\" width=\"1280\" height=\"853\" src=\"https:\/\/visionestrategica.elcolombiano.com\/wp-content\/uploads\/2022\/07\/WhatsApp-Image-2022-07-16-at-8.45.53-PM-1.jpeg\" class=\"attachment-full size-full wp-post-image\" alt=\"\" decoding=\"async\" srcset=\"https:\/\/visionestrategica.elcolombiano.com\/wp-content\/uploads\/2022\/07\/WhatsApp-Image-2022-07-16-at-8.45.53-PM-1.jpeg 1280w, https:\/\/visionestrategica.elcolombiano.com\/wp-content\/uploads\/2022\/07\/WhatsApp-Image-2022-07-16-at-8.45.53-PM-1-300x200.jpeg 300w, https:\/\/visionestrategica.elcolombiano.com\/wp-content\/uploads\/2022\/07\/WhatsApp-Image-2022-07-16-at-8.45.53-PM-1-1024x682.jpeg 1024w, https:\/\/visionestrategica.elcolombiano.com\/wp-content\/uploads\/2022\/07\/WhatsApp-Image-2022-07-16-at-8.45.53-PM-1-768x512.jpeg 768w\" sizes=\"(max-width: 1280px) 100vw, 1280px\" \/>                                            <\/a>\n                                        <\/div>\n                                                                                    <div class=\"post-content\">\n                                                <div class=\"content\">\n                                                    <h4 class=\"htmega-post-g-title\"><a href='https:\/\/visionestrategica.elcolombiano.com\/index.php\/2022\/07\/06\/para-innovar-hay-que-enamorarse-del-problema\/'>Para innovar hay que enamorarse del problema<\/a><\/h4>                                                        <div class=\"meta\">\n                                                            <span class=\"meta-item date\"><i class=\"fa fa-clock-o\"><\/i> \n                                                                06 julio 2022                                                            <\/span>\n                                                        <\/div>\n                                                                                                                                                        <\/div>\n                                            <\/div>\n                                                                                <\/div>\n                                <\/div>\n\n                                <div class=\"htb-col-lg-6 htb-col-sm-6 htb-col-12\">\n                                    <div class=\"htb-row row-1\">\n                            \n                                    \n                                                                \n                        \n                                        <\/div>\n            <\/div>\n        <\/div>\n\n        \t\t<\/div>\n\t\t\t\t<\/div>\n\t\t\t\t\t<\/div>\n\t\t<\/div>\n\t\t\t\t\t\t\t<\/div>\n\t\t<\/section>\n\t\t\t\t\t\t\t<\/div>\n\t\t","protected":false},"excerpt":{"rendered":"<p>GUR\u00daS Los que m\u00e1s saben de innovaci\u00f3n dan sus consejos para que su empresa se atreva a innovar y tenga una mayor posibilidad de \u00e9xito a futuro. Para innovar hay que enamorarse del problema 06 julio 2022<\/p>\n","protected":false},"author":3,"featured_media":0,"parent":0,"menu_order":0,"comment_status":"closed","ping_status":"closed","template":"elementor_header_footer","meta":{"footnotes":""},"yoast_head":"<!-- This site is optimized with the Yoast SEO plugin v21.2 - https:\/\/yoast.com\/wordpress\/plugins\/seo\/ -->\n<title>Gur\u00fas - Visi\u00f3n Estrat\u00e9gica l El Colombiano<\/title>\n<meta name=\"robots\" content=\"index, follow, max-snippet:-1, max-image-preview:large, max-video-preview:-1\" \/>\n<link rel=\"canonical\" href=\"https:\/\/visionestrategica.elcolombiano.com\/index.php\/gurus\/\" \/>\n<meta property=\"og:locale\" content=\"es_ES\" \/>\n<meta property=\"og:type\" content=\"article\" \/>\n<meta property=\"og:title\" content=\"Gur\u00fas - Visi\u00f3n Estrat\u00e9gica l El Colombiano\" \/>\n<meta property=\"og:description\" content=\"GUR\u00daS Los que m\u00e1s saben de innovaci\u00f3n dan sus consejos para que su empresa se atreva a innovar y tenga una mayor posibilidad de \u00e9xito a futuro. Para innovar hay que enamorarse del problema 06 julio 2022\" \/>\n<meta property=\"og:url\" content=\"https:\/\/visionestrategica.elcolombiano.com\/index.php\/gurus\/\" \/>\n<meta property=\"og:site_name\" content=\"Visi\u00f3n Estrat\u00e9gica l El Colombiano\" \/>\n<meta property=\"article:modified_time\" content=\"2022-07-23T15:34:11+00:00\" \/>\n<meta property=\"og:image\" content=\"https:\/\/visionestrategica.elcolombiano.com\/wp-content\/uploads\/2022\/07\/WhatsApp-Image-2022-07-16-at-8.45.53-PM-1.jpeg\" \/>\n<meta name=\"twitter:card\" content=\"summary_large_image\" \/>\n<meta name=\"twitter:label1\" content=\"Tiempo de lectura\" \/>\n\t<meta name=\"twitter:data1\" content=\"1 minuto\" \/>\n<script type=\"application\/ld+json\" class=\"yoast-schema-graph\">{\"@context\":\"https:\/\/schema.org\",\"@graph\":[{\"@type\":\"WebPage\",\"@id\":\"https:\/\/visionestrategica.elcolombiano.com\/index.php\/gurus\/\",\"url\":\"https:\/\/visionestrategica.elcolombiano.com\/index.php\/gurus\/\",\"name\":\"Gur\u00fas - Visi\u00f3n Estrat\u00e9gica l El Colombiano\",\"isPartOf\":{\"@id\":\"https:\/\/visionestrategica.elcolombiano.com\/#website\"},\"datePublished\":\"2022-07-06T16:56:43+00:00\",\"dateModified\":\"2022-07-23T15:34:11+00:00\",\"breadcrumb\":{\"@id\":\"https:\/\/visionestrategica.elcolombiano.com\/index.php\/gurus\/#breadcrumb\"},\"inLanguage\":\"es\",\"potentialAction\":[{\"@type\":\"ReadAction\",\"target\":[\"https:\/\/visionestrategica.elcolombiano.com\/index.php\/gurus\/\"]}]},{\"@type\":\"BreadcrumbList\",\"@id\":\"https:\/\/visionestrategica.elcolombiano.com\/index.php\/gurus\/#breadcrumb\",\"itemListElement\":[{\"@type\":\"ListItem\",\"position\":1,\"name\":\"Home\",\"item\":\"https:\/\/visionestrategica.elcolombiano.com\/\"},{\"@type\":\"ListItem\",\"position\":2,\"name\":\"Gur\u00fas\"}]},{\"@type\":\"WebSite\",\"@id\":\"https:\/\/visionestrategica.elcolombiano.com\/#website\",\"url\":\"https:\/\/visionestrategica.elcolombiano.com\/\",\"name\":\"Visi\u00f3n Estrat\u00e9gica l El Colombiano\",\"description\":\"Visi\u00f3n Estrat\u00e9gica l El Colombiano\",\"publisher\":{\"@id\":\"https:\/\/visionestrategica.elcolombiano.com\/#organization\"},\"potentialAction\":[{\"@type\":\"SearchAction\",\"target\":{\"@type\":\"EntryPoint\",\"urlTemplate\":\"https:\/\/visionestrategica.elcolombiano.com\/?s={search_term_string}\"},\"query-input\":\"required name=search_term_string\"}],\"inLanguage\":\"es\"},{\"@type\":\"Organization\",\"@id\":\"https:\/\/visionestrategica.elcolombiano.com\/#organization\",\"name\":\"Visi\u00f3n Estrat\u00e9gica l El Colombiano\",\"url\":\"https:\/\/visionestrategica.elcolombiano.com\/\",\"logo\":{\"@type\":\"ImageObject\",\"inLanguage\":\"es\",\"@id\":\"https:\/\/visionestrategica.elcolombiano.com\/#\/schema\/logo\/image\/\",\"url\":\"https:\/\/visionestrategica.elcolombiano.com\/wp-content\/uploads\/2022\/07\/cropped-Recurso-1-1.png\",\"contentUrl\":\"https:\/\/visionestrategica.elcolombiano.com\/wp-content\/uploads\/2022\/07\/cropped-Recurso-1-1.png\",\"width\":288,\"height\":107,\"caption\":\"Visi\u00f3n Estrat\u00e9gica l El Colombiano\"},\"image\":{\"@id\":\"https:\/\/visionestrategica.elcolombiano.com\/#\/schema\/logo\/image\/\"}}]}<\/script>\n<!-- \/ Yoast SEO plugin. -->","yoast_head_json":{"title":"Gur\u00fas - Visi\u00f3n Estrat\u00e9gica l El Colombiano","robots":{"index":"index","follow":"follow","max-snippet":"max-snippet:-1","max-image-preview":"max-image-preview:large","max-video-preview":"max-video-preview:-1"},"canonical":"https:\/\/visionestrategica.elcolombiano.com\/index.php\/gurus\/","og_locale":"es_ES","og_type":"article","og_title":"Gur\u00fas - Visi\u00f3n Estrat\u00e9gica l El Colombiano","og_description":"GUR\u00daS Los que m\u00e1s saben de innovaci\u00f3n dan sus consejos para que su empresa se atreva a innovar y tenga una mayor posibilidad de \u00e9xito a futuro. Para innovar hay que enamorarse del problema 06 julio 2022","og_url":"https:\/\/visionestrategica.elcolombiano.com\/index.php\/gurus\/","og_site_name":"Visi\u00f3n Estrat\u00e9gica l El Colombiano","article_modified_time":"2022-07-23T15:34:11+00:00","og_image":[{"url":"https:\/\/visionestrategica.elcolombiano.com\/wp-content\/uploads\/2022\/07\/WhatsApp-Image-2022-07-16-at-8.45.53-PM-1.jpeg"}],"twitter_card":"summary_large_image","twitter_misc":{"Tiempo de lectura":"1 minuto"},"schema":{"@context":"https:\/\/schema.org","@graph":[{"@type":"WebPage","@id":"https:\/\/visionestrategica.elcolombiano.com\/index.php\/gurus\/","url":"https:\/\/visionestrategica.elcolombiano.com\/index.php\/gurus\/","name":"Gur\u00fas - Visi\u00f3n Estrat\u00e9gica l El Colombiano","isPartOf":{"@id":"https:\/\/visionestrategica.elcolombiano.com\/#website"},"datePublished":"2022-07-06T16:56:43+00:00","dateModified":"2022-07-23T15:34:11+00:00","breadcrumb":{"@id":"https:\/\/visionestrategica.elcolombiano.com\/index.php\/gurus\/#breadcrumb"},"inLanguage":"es","potentialAction":[{"@type":"ReadAction","target":["https:\/\/visionestrategica.elcolombiano.com\/index.php\/gurus\/"]}]},{"@type":"BreadcrumbList","@id":"https:\/\/visionestrategica.elcolombiano.com\/index.php\/gurus\/#breadcrumb","itemListElement":[{"@type":"ListItem","position":1,"name":"Home","item":"https:\/\/visionestrategica.elcolombiano.com\/"},{"@type":"ListItem","position":2,"name":"Gur\u00fas"}]},{"@type":"WebSite","@id":"https:\/\/visionestrategica.elcolombiano.com\/#website","url":"https:\/\/visionestrategica.elcolombiano.com\/","name":"Visi\u00f3n Estrat\u00e9gica l El Colombiano","description":"Visi\u00f3n Estrat\u00e9gica l El Colombiano","publisher":{"@id":"https:\/\/visionestrategica.elcolombiano.com\/#organization"},"potentialAction":[{"@type":"SearchAction","target":{"@type":"EntryPoint","urlTemplate":"https:\/\/visionestrategica.elcolombiano.com\/?s={search_term_string}"},"query-input":"required name=search_term_string"}],"inLanguage":"es"},{"@type":"Organization","@id":"https:\/\/visionestrategica.elcolombiano.com\/#organization","name":"Visi\u00f3n Estrat\u00e9gica l El Colombiano","url":"https:\/\/visionestrategica.elcolombiano.com\/","logo":{"@type":"ImageObject","inLanguage":"es","@id":"https:\/\/visionestrategica.elcolombiano.com\/#\/schema\/logo\/image\/","url":"https:\/\/visionestrategica.elcolombiano.com\/wp-content\/uploads\/2022\/07\/cropped-Recurso-1-1.png","contentUrl":"https:\/\/visionestrategica.elcolombiano.com\/wp-content\/uploads\/2022\/07\/cropped-Recurso-1-1.png","width":288,"height":107,"caption":"Visi\u00f3n Estrat\u00e9gica l El Colombiano"},"image":{"@id":"https:\/\/visionestrategica.elcolombiano.com\/#\/schema\/logo\/image\/"}}]}},"_links":{"self":[{"href":"https:\/\/visionestrategica.elcolombiano.com\/index.php\/wp-json\/wp\/v2\/pages\/30"}],"collection":[{"href":"https:\/\/visionestrategica.elcolombiano.com\/index.php\/wp-json\/wp\/v2\/pages"}],"about":[{"href":"https:\/\/visionestrategica.elcolombiano.com\/index.php\/wp-json\/wp\/v2\/types\/page"}],"author":[{"embeddable":true,"href":"https:\/\/visionestrategica.elcolombiano.com\/index.php\/wp-json\/wp\/v2\/users\/3"}],"replies":[{"embeddable":true,"href":"https:\/\/visionestrategica.elcolombiano.com\/index.php\/wp-json\/wp\/v2\/comments?post=30"}],"version-history":[{"count":99,"href":"https:\/\/visionestrategica.elcolombiano.com\/index.php\/wp-json\/wp\/v2\/pages\/30\/revisions"}],"predecessor-version":[{"id":1623,"href":"https:\/\/visionestrategica.elcolombiano.com\/index.php\/wp-json\/wp\/v2\/pages\/30\/revisions\/1623"}],"wp:attachment":[{"href":"https:\/\/visionestrategica.elcolombiano.com\/index.php\/wp-json\/wp\/v2\/media?parent=30"}],"curies":[{"name":"wp","href":"https:\/\/api.w.org\/{rel}","templated":true}]}}