{"id":252,"date":"2022-07-07T00:02:37","date_gmt":"2022-07-07T00:02:37","guid":{"rendered":"https:\/\/visionestrategica.elcolombiano.com\/?page_id=252"},"modified":"2022-07-24T16:31:14","modified_gmt":"2022-07-24T16:31:14","slug":"empresas-innovadoras","status":"publish","type":"page","link":"https:\/\/visionestrategica.elcolombiano.com\/index.php\/empresas-innovadoras\/","title":{"rendered":"Empresas innovadoras"},"content":{"rendered":"\t\t<div data-elementor-type=\"wp-page\" data-elementor-id=\"252\" class=\"elementor elementor-252\">\n\t\t\t\t\t\t\t\t\t<section class=\"elementor-section elementor-top-section elementor-element elementor-element-6b62a44 elementor-section-height-min-height elementor-section-content-middle elementor-section-full_width elementor-section-height-default elementor-section-items-middle\" data-id=\"6b62a44\" data-element_type=\"section\" data-settings=\"{&quot;background_background&quot;:&quot;classic&quot;}\">\n\t\t\t\t\t\t\t<div class=\"elementor-background-overlay\"><\/div>\n\t\t\t\t\t\t\t<div class=\"elementor-container elementor-column-gap-no\">\n\t\t\t\t\t<div class=\"elementor-column elementor-col-100 elementor-top-column elementor-element elementor-element-50545d9\" data-id=\"50545d9\" data-element_type=\"column\">\n\t\t\t<div class=\"elementor-widget-wrap elementor-element-populated\">\n\t\t\t\t\t\t\t\t<div class=\"elementor-element elementor-element-d5c03d8 elementor-widget elementor-widget-heading\" data-id=\"d5c03d8\" data-element_type=\"widget\" data-widget_type=\"heading.default\">\n\t\t\t\t<div class=\"elementor-widget-container\">\n\t\t\t<style>\/*! elementor - v3.16.0 - 20-09-2023 *\/\n.elementor-heading-title{padding:0;margin:0;line-height:1}.elementor-widget-heading .elementor-heading-title[class*=elementor-size-]>a{color:inherit;font-size:inherit;line-height:inherit}.elementor-widget-heading .elementor-heading-title.elementor-size-small{font-size:15px}.elementor-widget-heading .elementor-heading-title.elementor-size-medium{font-size:19px}.elementor-widget-heading .elementor-heading-title.elementor-size-large{font-size:29px}.elementor-widget-heading .elementor-heading-title.elementor-size-xl{font-size:39px}.elementor-widget-heading .elementor-heading-title.elementor-size-xxl{font-size:59px}<\/style><h2 class=\"elementor-heading-title elementor-size-default\">LAS EMPRESAS M\u00c1S INNOVADORAS<\/h2>\t\t<\/div>\n\t\t\t\t<\/div>\n\t\t\t\t<div class=\"elementor-element elementor-element-b234d09 elementor-widget elementor-widget-text-editor\" data-id=\"b234d09\" data-element_type=\"widget\" data-widget_type=\"text-editor.default\">\n\t\t\t\t<div class=\"elementor-widget-container\">\n\t\t\t<style>\/*! elementor - v3.16.0 - 20-09-2023 *\/\n.elementor-widget-text-editor.elementor-drop-cap-view-stacked .elementor-drop-cap{background-color:#69727d;color:#fff}.elementor-widget-text-editor.elementor-drop-cap-view-framed .elementor-drop-cap{color:#69727d;border:3px solid;background-color:transparent}.elementor-widget-text-editor:not(.elementor-drop-cap-view-default) .elementor-drop-cap{margin-top:8px}.elementor-widget-text-editor:not(.elementor-drop-cap-view-default) .elementor-drop-cap-letter{width:1em;height:1em}.elementor-widget-text-editor .elementor-drop-cap{float:left;text-align:center;line-height:1;font-size:50px}.elementor-widget-text-editor .elementor-drop-cap-letter{display:inline-block}<\/style>\t\t\t\t<p><b>En Colombia poco se le mide el pulso a la innovaci\u00f3n empresarial. Innpulsa Colombia, por ejemplo, premi\u00f3 hace un par de meses a la startup m\u00e1s innovadora del pa\u00eds, la galardonada fue Glasst Innovation Company, una empresa dedicada a crear materiales sostenibles con la idea de que la construcci\u00f3n dejara la menor huella contaminante posible.<\/b><\/p>\t\t\t\t\t\t<\/div>\n\t\t\t\t<\/div>\n\t\t\t\t\t<\/div>\n\t\t<\/div>\n\t\t\t\t\t\t\t<\/div>\n\t\t<\/section>\n\t\t\t\t<section class=\"elementor-section elementor-top-section elementor-element elementor-element-77660e9 elementor-section-boxed elementor-section-height-default elementor-section-height-default\" data-id=\"77660e9\" data-element_type=\"section\" data-settings=\"{&quot;background_background&quot;:&quot;classic&quot;}\">\n\t\t\t\t\t\t<div class=\"elementor-container elementor-column-gap-default\">\n\t\t\t\t\t<div class=\"elementor-column elementor-col-50 elementor-top-column elementor-element elementor-element-ff47001\" data-id=\"ff47001\" data-element_type=\"column\">\n\t\t\t<div class=\"elementor-widget-wrap elementor-element-populated\">\n\t\t\t\t\t\t\t\t<div class=\"elementor-element elementor-element-fcc54dd elementor-widget elementor-widget-image\" data-id=\"fcc54dd\" data-element_type=\"widget\" data-widget_type=\"image.default\">\n\t\t\t\t<div class=\"elementor-widget-container\">\n\t\t\t<style>\/*! elementor - v3.16.0 - 20-09-2023 *\/\n.elementor-widget-image{text-align:center}.elementor-widget-image a{display:inline-block}.elementor-widget-image a img[src$=\".svg\"]{width:48px}.elementor-widget-image img{vertical-align:middle;display:inline-block}<\/style>\t\t\t\t\t\t\t\t\t\t\t\t\t<a href=\"\/index.php\/empresas-innovadoras-de-colombia\/\">\n\t\t\t\t\t\t\t<img decoding=\"async\" loading=\"lazy\" width=\"800\" height=\"560\" src=\"https:\/\/visionestrategica.elcolombiano.com\/wp-content\/uploads\/2022\/07\/shutterstock_1131477317-1024x717.jpg\" class=\"attachment-large size-large wp-image-1519\" alt=\"\" srcset=\"https:\/\/visionestrategica.elcolombiano.com\/wp-content\/uploads\/2022\/07\/shutterstock_1131477317-1024x717.jpg 1024w, https:\/\/visionestrategica.elcolombiano.com\/wp-content\/uploads\/2022\/07\/shutterstock_1131477317-300x210.jpg 300w, https:\/\/visionestrategica.elcolombiano.com\/wp-content\/uploads\/2022\/07\/shutterstock_1131477317-768x538.jpg 768w, https:\/\/visionestrategica.elcolombiano.com\/wp-content\/uploads\/2022\/07\/shutterstock_1131477317-1536x1075.jpg 1536w, https:\/\/visionestrategica.elcolombiano.com\/wp-content\/uploads\/2022\/07\/shutterstock_1131477317-2048x1434.jpg 2048w\" sizes=\"(max-width: 800px) 100vw, 800px\" \/>\t\t\t\t\t\t\t\t<\/a>\n\t\t\t\t\t\t\t\t\t\t\t\t\t\t\t<\/div>\n\t\t\t\t<\/div>\n\t\t\t\t<div class=\"elementor-element elementor-element-d4292df elementor-widget elementor-widget-heading\" data-id=\"d4292df\" data-element_type=\"widget\" data-widget_type=\"heading.default\">\n\t\t\t\t<div class=\"elementor-widget-container\">\n\t\t\t<h2 class=\"elementor-heading-title elementor-size-default\">Las empresas m\u00e1s innovadoras de Colombia\u200b<\/h2>\t\t<\/div>\n\t\t\t\t<\/div>\n\t\t\t\t\t<\/div>\n\t\t<\/div>\n\t\t\t\t<div class=\"elementor-column elementor-col-50 elementor-top-column elementor-element elementor-element-cc68888\" data-id=\"cc68888\" data-element_type=\"column\">\n\t\t\t<div class=\"elementor-widget-wrap elementor-element-populated\">\n\t\t\t\t\t\t\t\t<div class=\"elementor-element elementor-element-a6541f3 elementor-widget elementor-widget-image\" data-id=\"a6541f3\" data-element_type=\"widget\" data-widget_type=\"image.default\">\n\t\t\t\t<div class=\"elementor-widget-container\">\n\t\t\t\t\t\t\t\t\t\t\t\t\t\t\t\t<a href=\"\/index.php\/50-empresas-mas-innovadoras\/\">\n\t\t\t\t\t\t\t<img decoding=\"async\" loading=\"lazy\" width=\"800\" height=\"541\" src=\"https:\/\/visionestrategica.elcolombiano.com\/wp-content\/uploads\/2022\/07\/shutterstock_317647181-1024x692.jpg\" class=\"attachment-large size-large wp-image-1520\" alt=\"\" srcset=\"https:\/\/visionestrategica.elcolombiano.com\/wp-content\/uploads\/2022\/07\/shutterstock_317647181-1024x692.jpg 1024w, https:\/\/visionestrategica.elcolombiano.com\/wp-content\/uploads\/2022\/07\/shutterstock_317647181-300x203.jpg 300w, https:\/\/visionestrategica.elcolombiano.com\/wp-content\/uploads\/2022\/07\/shutterstock_317647181-768x519.jpg 768w, https:\/\/visionestrategica.elcolombiano.com\/wp-content\/uploads\/2022\/07\/shutterstock_317647181-1536x1038.jpg 1536w, https:\/\/visionestrategica.elcolombiano.com\/wp-content\/uploads\/2022\/07\/shutterstock_317647181-2048x1385.jpg 2048w\" sizes=\"(max-width: 800px) 100vw, 800px\" \/>\t\t\t\t\t\t\t\t<\/a>\n\t\t\t\t\t\t\t\t\t\t\t\t\t\t\t<\/div>\n\t\t\t\t<\/div>\n\t\t\t\t<div class=\"elementor-element elementor-element-ac5f96a elementor-widget elementor-widget-heading\" data-id=\"ac5f96a\" data-element_type=\"widget\" data-widget_type=\"heading.default\">\n\t\t\t\t<div class=\"elementor-widget-container\">\n\t\t\t<h2 class=\"elementor-heading-title elementor-size-default\">Ranking 50 empresas m\u00e1s innovadoras del mundo<\/h2>\t\t<\/div>\n\t\t\t\t<\/div>\n\t\t\t\t\t<\/div>\n\t\t<\/div>\n\t\t\t\t\t\t\t<\/div>\n\t\t<\/section>\n\t\t\t\t\t\t\t<\/div>\n\t\t","protected":false},"excerpt":{"rendered":"<p>LAS EMPRESAS M\u00c1S INNOVADORAS En Colombia poco se le mide el pulso a la innovaci\u00f3n empresarial. Innpulsa Colombia, por ejemplo, premi\u00f3 hace un par de meses a la startup m\u00e1s innovadora del pa\u00eds, la galardonada fue Glasst Innovation Company, una empresa dedicada a crear materiales sostenibles con la idea de que la construcci\u00f3n dejara la [&hellip;]<\/p>\n","protected":false},"author":3,"featured_media":0,"parent":0,"menu_order":0,"comment_status":"closed","ping_status":"closed","template":"elementor_header_footer","meta":{"footnotes":""},"yoast_head":"<!-- This site is optimized with the Yoast SEO plugin v21.2 - https:\/\/yoast.com\/wordpress\/plugins\/seo\/ -->\n<title>Empresas innovadoras - Visi\u00f3n Estrat\u00e9gica l El Colombiano<\/title>\n<meta name=\"robots\" content=\"index, follow, max-snippet:-1, max-image-preview:large, max-video-preview:-1\" \/>\n<link rel=\"canonical\" href=\"https:\/\/visionestrategica.elcolombiano.com\/index.php\/empresas-innovadoras\/\" \/>\n<meta property=\"og:locale\" content=\"es_ES\" \/>\n<meta property=\"og:type\" content=\"article\" \/>\n<meta property=\"og:title\" content=\"Empresas innovadoras - Visi\u00f3n Estrat\u00e9gica l El Colombiano\" \/>\n<meta property=\"og:description\" content=\"LAS EMPRESAS M\u00c1S INNOVADORAS En Colombia poco se le mide el pulso a la innovaci\u00f3n empresarial. Innpulsa Colombia, por ejemplo, premi\u00f3 hace un par de meses a la startup m\u00e1s innovadora del pa\u00eds, la galardonada fue Glasst Innovation Company, una empresa dedicada a crear materiales sostenibles con la idea de que la construcci\u00f3n dejara la [&hellip;]\" \/>\n<meta property=\"og:url\" content=\"https:\/\/visionestrategica.elcolombiano.com\/index.php\/empresas-innovadoras\/\" \/>\n<meta property=\"og:site_name\" content=\"Visi\u00f3n Estrat\u00e9gica l El Colombiano\" \/>\n<meta property=\"article:modified_time\" content=\"2022-07-24T16:31:14+00:00\" \/>\n<meta property=\"og:image\" content=\"https:\/\/visionestrategica.elcolombiano.com\/wp-content\/uploads\/2022\/07\/shutterstock_1131477317-1024x717.jpg\" \/>\n<meta name=\"twitter:card\" content=\"summary_large_image\" \/>\n<meta name=\"twitter:label1\" content=\"Tiempo de lectura\" \/>\n\t<meta name=\"twitter:data1\" content=\"1 minuto\" \/>\n<script type=\"application\/ld+json\" class=\"yoast-schema-graph\">{\"@context\":\"https:\/\/schema.org\",\"@graph\":[{\"@type\":\"WebPage\",\"@id\":\"https:\/\/visionestrategica.elcolombiano.com\/index.php\/empresas-innovadoras\/\",\"url\":\"https:\/\/visionestrategica.elcolombiano.com\/index.php\/empresas-innovadoras\/\",\"name\":\"Empresas innovadoras - Visi\u00f3n Estrat\u00e9gica l El Colombiano\",\"isPartOf\":{\"@id\":\"https:\/\/visionestrategica.elcolombiano.com\/#website\"},\"datePublished\":\"2022-07-07T00:02:37+00:00\",\"dateModified\":\"2022-07-24T16:31:14+00:00\",\"breadcrumb\":{\"@id\":\"https:\/\/visionestrategica.elcolombiano.com\/index.php\/empresas-innovadoras\/#breadcrumb\"},\"inLanguage\":\"es\",\"potentialAction\":[{\"@type\":\"ReadAction\",\"target\":[\"https:\/\/visionestrategica.elcolombiano.com\/index.php\/empresas-innovadoras\/\"]}]},{\"@type\":\"BreadcrumbList\",\"@id\":\"https:\/\/visionestrategica.elcolombiano.com\/index.php\/empresas-innovadoras\/#breadcrumb\",\"itemListElement\":[{\"@type\":\"ListItem\",\"position\":1,\"name\":\"Home\",\"item\":\"https:\/\/visionestrategica.elcolombiano.com\/\"},{\"@type\":\"ListItem\",\"position\":2,\"name\":\"Empresas innovadoras\"}]},{\"@type\":\"WebSite\",\"@id\":\"https:\/\/visionestrategica.elcolombiano.com\/#website\",\"url\":\"https:\/\/visionestrategica.elcolombiano.com\/\",\"name\":\"Visi\u00f3n Estrat\u00e9gica l El Colombiano\",\"description\":\"Visi\u00f3n Estrat\u00e9gica l El Colombiano\",\"publisher\":{\"@id\":\"https:\/\/visionestrategica.elcolombiano.com\/#organization\"},\"potentialAction\":[{\"@type\":\"SearchAction\",\"target\":{\"@type\":\"EntryPoint\",\"urlTemplate\":\"https:\/\/visionestrategica.elcolombiano.com\/?s={search_term_string}\"},\"query-input\":\"required name=search_term_string\"}],\"inLanguage\":\"es\"},{\"@type\":\"Organization\",\"@id\":\"https:\/\/visionestrategica.elcolombiano.com\/#organization\",\"name\":\"Visi\u00f3n Estrat\u00e9gica l El Colombiano\",\"url\":\"https:\/\/visionestrategica.elcolombiano.com\/\",\"logo\":{\"@type\":\"ImageObject\",\"inLanguage\":\"es\",\"@id\":\"https:\/\/visionestrategica.elcolombiano.com\/#\/schema\/logo\/image\/\",\"url\":\"https:\/\/visionestrategica.elcolombiano.com\/wp-content\/uploads\/2022\/07\/cropped-Recurso-1-1.png\",\"contentUrl\":\"https:\/\/visionestrategica.elcolombiano.com\/wp-content\/uploads\/2022\/07\/cropped-Recurso-1-1.png\",\"width\":288,\"height\":107,\"caption\":\"Visi\u00f3n Estrat\u00e9gica l El Colombiano\"},\"image\":{\"@id\":\"https:\/\/visionestrategica.elcolombiano.com\/#\/schema\/logo\/image\/\"}}]}<\/script>\n<!-- \/ Yoast SEO plugin. -->","yoast_head_json":{"title":"Empresas innovadoras - Visi\u00f3n Estrat\u00e9gica l El Colombiano","robots":{"index":"index","follow":"follow","max-snippet":"max-snippet:-1","max-image-preview":"max-image-preview:large","max-video-preview":"max-video-preview:-1"},"canonical":"https:\/\/visionestrategica.elcolombiano.com\/index.php\/empresas-innovadoras\/","og_locale":"es_ES","og_type":"article","og_title":"Empresas innovadoras - Visi\u00f3n Estrat\u00e9gica l El Colombiano","og_description":"LAS EMPRESAS M\u00c1S INNOVADORAS En Colombia poco se le mide el pulso a la innovaci\u00f3n empresarial. Innpulsa Colombia, por ejemplo, premi\u00f3 hace un par de meses a la startup m\u00e1s innovadora del pa\u00eds, la galardonada fue Glasst Innovation Company, una empresa dedicada a crear materiales sostenibles con la idea de que la construcci\u00f3n dejara la [&hellip;]","og_url":"https:\/\/visionestrategica.elcolombiano.com\/index.php\/empresas-innovadoras\/","og_site_name":"Visi\u00f3n Estrat\u00e9gica l El Colombiano","article_modified_time":"2022-07-24T16:31:14+00:00","og_image":[{"url":"https:\/\/visionestrategica.elcolombiano.com\/wp-content\/uploads\/2022\/07\/shutterstock_1131477317-1024x717.jpg"}],"twitter_card":"summary_large_image","twitter_misc":{"Tiempo de lectura":"1 minuto"},"schema":{"@context":"https:\/\/schema.org","@graph":[{"@type":"WebPage","@id":"https:\/\/visionestrategica.elcolombiano.com\/index.php\/empresas-innovadoras\/","url":"https:\/\/visionestrategica.elcolombiano.com\/index.php\/empresas-innovadoras\/","name":"Empresas innovadoras - Visi\u00f3n Estrat\u00e9gica l El Colombiano","isPartOf":{"@id":"https:\/\/visionestrategica.elcolombiano.com\/#website"},"datePublished":"2022-07-07T00:02:37+00:00","dateModified":"2022-07-24T16:31:14+00:00","breadcrumb":{"@id":"https:\/\/visionestrategica.elcolombiano.com\/index.php\/empresas-innovadoras\/#breadcrumb"},"inLanguage":"es","potentialAction":[{"@type":"ReadAction","target":["https:\/\/visionestrategica.elcolombiano.com\/index.php\/empresas-innovadoras\/"]}]},{"@type":"BreadcrumbList","@id":"https:\/\/visionestrategica.elcolombiano.com\/index.php\/empresas-innovadoras\/#breadcrumb","itemListElement":[{"@type":"ListItem","position":1,"name":"Home","item":"https:\/\/visionestrategica.elcolombiano.com\/"},{"@type":"ListItem","position":2,"name":"Empresas innovadoras"}]},{"@type":"WebSite","@id":"https:\/\/visionestrategica.elcolombiano.com\/#website","url":"https:\/\/visionestrategica.elcolombiano.com\/","name":"Visi\u00f3n Estrat\u00e9gica l El Colombiano","description":"Visi\u00f3n Estrat\u00e9gica l El Colombiano","publisher":{"@id":"https:\/\/visionestrategica.elcolombiano.com\/#organization"},"potentialAction":[{"@type":"SearchAction","target":{"@type":"EntryPoint","urlTemplate":"https:\/\/visionestrategica.elcolombiano.com\/?s={search_term_string}"},"query-input":"required name=search_term_string"}],"inLanguage":"es"},{"@type":"Organization","@id":"https:\/\/visionestrategica.elcolombiano.com\/#organization","name":"Visi\u00f3n Estrat\u00e9gica l El Colombiano","url":"https:\/\/visionestrategica.elcolombiano.com\/","logo":{"@type":"ImageObject","inLanguage":"es","@id":"https:\/\/visionestrategica.elcolombiano.com\/#\/schema\/logo\/image\/","url":"https:\/\/visionestrategica.elcolombiano.com\/wp-content\/uploads\/2022\/07\/cropped-Recurso-1-1.png","contentUrl":"https:\/\/visionestrategica.elcolombiano.com\/wp-content\/uploads\/2022\/07\/cropped-Recurso-1-1.png","width":288,"height":107,"caption":"Visi\u00f3n Estrat\u00e9gica l El Colombiano"},"image":{"@id":"https:\/\/visionestrategica.elcolombiano.com\/#\/schema\/logo\/image\/"}}]}},"_links":{"self":[{"href":"https:\/\/visionestrategica.elcolombiano.com\/index.php\/wp-json\/wp\/v2\/pages\/252"}],"collection":[{"href":"https:\/\/visionestrategica.elcolombiano.com\/index.php\/wp-json\/wp\/v2\/pages"}],"about":[{"href":"https:\/\/visionestrategica.elcolombiano.com\/index.php\/wp-json\/wp\/v2\/types\/page"}],"author":[{"embeddable":true,"href":"https:\/\/visionestrategica.elcolombiano.com\/index.php\/wp-json\/wp\/v2\/users\/3"}],"replies":[{"embeddable":true,"href":"https:\/\/visionestrategica.elcolombiano.com\/index.php\/wp-json\/wp\/v2\/comments?post=252"}],"version-history":[{"count":121,"href":"https:\/\/visionestrategica.elcolombiano.com\/index.php\/wp-json\/wp\/v2\/pages\/252\/revisions"}],"predecessor-version":[{"id":2265,"href":"https:\/\/visionestrategica.elcolombiano.com\/index.php\/wp-json\/wp\/v2\/pages\/252\/revisions\/2265"}],"wp:attachment":[{"href":"https:\/\/visionestrategica.elcolombiano.com\/index.php\/wp-json\/wp\/v2\/media?parent=252"}],"curies":[{"name":"wp","href":"https:\/\/api.w.org\/{rel}","templated":true}]}}