{"id":2338,"date":"2022-09-01T20:45:18","date_gmt":"2022-09-01T20:45:18","guid":{"rendered":"https:\/\/visionestrategica.elcolombiano.com\/?page_id=2338"},"modified":"2022-09-01T20:58:44","modified_gmt":"2022-09-01T20:58:44","slug":"essi","status":"publish","type":"page","link":"https:\/\/visionestrategica.elcolombiano.com\/index.php\/essi\/","title":{"rendered":"Essi"},"content":{"rendered":"\t\t<div data-elementor-type=\"wp-page\" data-elementor-id=\"2338\" class=\"elementor elementor-2338\">\n\t\t\t\t\t\t\t\t\t<section class=\"elementor-section elementor-top-section elementor-element elementor-element-444c815 elementor-section-height-min-height elementor-section-content-middle elementor-section-boxed elementor-section-height-default elementor-section-items-middle\" data-id=\"444c815\" data-element_type=\"section\" data-settings=\"{&quot;background_background&quot;:&quot;classic&quot;}\">\n\t\t\t\t\t\t\t<div class=\"elementor-background-overlay\"><\/div>\n\t\t\t\t\t\t\t<div class=\"elementor-container elementor-column-gap-no\">\n\t\t\t\t\t<div class=\"elementor-column elementor-col-100 elementor-top-column elementor-element elementor-element-cf1df3e\" data-id=\"cf1df3e\" data-element_type=\"column\">\n\t\t\t<div class=\"elementor-widget-wrap elementor-element-populated\">\n\t\t\t\t\t\t\t\t<div class=\"elementor-element elementor-element-d54ae2b elementor-headline--style-rotate elementor-widget elementor-widget-animated-headline\" data-id=\"d54ae2b\" data-element_type=\"widget\" data-settings=\"{&quot;headline_style&quot;:&quot;rotate&quot;,&quot;animation_type&quot;:&quot;slide&quot;,&quot;rotating_text&quot;:&quot;Essi&quot;,&quot;loop&quot;:&quot;yes&quot;,&quot;rotate_iteration_delay&quot;:2500}\" data-widget_type=\"animated-headline.default\">\n\t\t\t\t<div class=\"elementor-widget-container\">\n\t\t\t<link rel=\"stylesheet\" href=\"https:\/\/visionestrategica.elcolombiano.com\/wp-content\/plugins\/elementor-pro\/assets\/css\/widget-animated-headline.min.css\">\t\t<h2 class=\"elementor-headline elementor-headline-animation-type-slide\">\n\t\t\t\t<span class=\"elementor-headline-dynamic-wrapper elementor-headline-text-wrapper\">\n\t\t\t\t\t<span class=\"elementor-headline-dynamic-text elementor-headline-text-active\">\n\t\t\t\tEssi\t\t\t<\/span>\n\t\t\t\t\t\t<\/span>\n\t\t\t\t<\/h2>\n\t\t\t\t<\/div>\n\t\t\t\t<\/div>\n\t\t\t\t\t<\/div>\n\t\t<\/div>\n\t\t\t\t\t\t\t<\/div>\n\t\t<\/section>\n\t\t\t\t<section class=\"elementor-section elementor-top-section elementor-element elementor-element-ed92bda elementor-section-boxed elementor-section-height-default elementor-section-height-default\" data-id=\"ed92bda\" data-element_type=\"section\" data-settings=\"{&quot;background_background&quot;:&quot;classic&quot;}\">\n\t\t\t\t\t\t<div class=\"elementor-container elementor-column-gap-default\">\n\t\t\t\t\t<div class=\"elementor-column elementor-col-100 elementor-top-column elementor-element elementor-element-25e3d8a\" data-id=\"25e3d8a\" data-element_type=\"column\">\n\t\t\t<div class=\"elementor-widget-wrap elementor-element-populated\">\n\t\t\t\t\t\t\t\t<div class=\"elementor-element elementor-element-965d765 elementor-widget elementor-widget-heading\" data-id=\"965d765\" data-element_type=\"widget\" data-widget_type=\"heading.default\">\n\t\t\t\t<div class=\"elementor-widget-container\">\n\t\t\t<style>\/*! elementor - v3.16.0 - 20-09-2023 *\/\n.elementor-heading-title{padding:0;margin:0;line-height:1}.elementor-widget-heading .elementor-heading-title[class*=elementor-size-]>a{color:inherit;font-size:inherit;line-height:inherit}.elementor-widget-heading .elementor-heading-title.elementor-size-small{font-size:15px}.elementor-widget-heading .elementor-heading-title.elementor-size-medium{font-size:19px}.elementor-widget-heading .elementor-heading-title.elementor-size-large{font-size:29px}.elementor-widget-heading .elementor-heading-title.elementor-size-xl{font-size:39px}.elementor-widget-heading .elementor-heading-title.elementor-size-xxl{font-size:59px}<\/style><h2 class=\"elementor-heading-title elementor-size-default\">La envasadora m\u00e1s r\u00e1pida del mundo<\/h2>\t\t<\/div>\n\t\t\t\t<\/div>\n\t\t\t\t<div class=\"elementor-element elementor-element-c69c843 elementor-widget elementor-widget-text-editor\" data-id=\"c69c843\" data-element_type=\"widget\" data-widget_type=\"text-editor.default\">\n\t\t\t\t<div class=\"elementor-widget-container\">\n\t\t\t<style>\/*! elementor - v3.16.0 - 20-09-2023 *\/\n.elementor-widget-text-editor.elementor-drop-cap-view-stacked .elementor-drop-cap{background-color:#69727d;color:#fff}.elementor-widget-text-editor.elementor-drop-cap-view-framed .elementor-drop-cap{color:#69727d;border:3px solid;background-color:transparent}.elementor-widget-text-editor:not(.elementor-drop-cap-view-default) .elementor-drop-cap{margin-top:8px}.elementor-widget-text-editor:not(.elementor-drop-cap-view-default) .elementor-drop-cap-letter{width:1em;height:1em}.elementor-widget-text-editor .elementor-drop-cap{float:left;text-align:center;line-height:1;font-size:50px}.elementor-widget-text-editor .elementor-drop-cap-letter{display:inline-block}<\/style>\t\t\t\t<p><b><span data-contrast=\"none\">En Gir\u00f3n, Santander, opera la empresa que desarroll\u00f3 la envasadora m\u00e1s r\u00e1pida del mundo, una m\u00e1quina que ha permitido a compa\u00f1\u00edas l\u00edderes del sector l\u00e1cteo optimizar sus procesos.<\/span><\/b><\/p><p><span data-contrast=\"none\">\u201cLa Empresa de Soluciones, Servicios e Innovaci\u00f3n (Essi), que abri\u00f3 sus puertas hace 30 a\u00f1os, hoy es considerada como una de las organizaciones m\u00e1s innovadoras por sus revolucionarios desarrollos tecnol\u00f3gicos.<\/span><\/p><p><span data-contrast=\"none\">Si bien la compa\u00f1\u00eda tambi\u00e9n ha ofrecido soluciones para el sector de energ\u00eda, hoy en d\u00eda cuenta con un portafolio m\u00e1s amplio, en el que destaca la fabricaci\u00f3n de maquinaria as\u00e9ptica para envasar productos l\u00e1cteos, un mercado en el que ha logrado consolidarse hasta el punto de ser considerada la \u201cenvasadora m\u00e1s r\u00e1pida del mundo\u201d.<\/span><\/p><p><span data-contrast=\"none\">La organizaci\u00f3n cuenta con clientes en 15 pa\u00edses, entre los que destacan La Seren\u00edsima, en Argentina; Grupo Lala y Grupo AGA, en M\u00e9xico; Gloria, en Per\u00fa y Ecuador, o Alpina y Alquer\u00eda, en Colombia. Y estos son solo algunos de los principales jugadores del sector de l\u00e1cteos y derivados en la regi\u00f3n.<\/span><\/p><p><span data-contrast=\"none\">Para La Seren\u00edsima, por ejemplo, Rafael Bri\u00f1ez, gerente de Innovaci\u00f3n y Desarrollo de Essi, explica que fabricaron \u201cuna m\u00e1quina especial con desarrollos en sellado y en mordazas, que lo que hace es que sea una m\u00e1quina de tres cabezales que puede envasar 12.000 litros por hora, mientras que el promedio del mercado es de 3.000 litros por hora. Esta tambi\u00e9n tuvo un desarrollo en la bobina que le permite operar con un megarrollo que puede durar entre 15 y 16 horas, el doble frente a otras envasadoras. Estas condiciones la llevaron a ser la m\u00e1quina m\u00e1s r\u00e1pida del mundo\u201d.<\/span><\/p><p><span data-contrast=\"none\">A pesar de este logro, Essi mantiene su esp\u00edritu innovador, por eso sigue trabajando en mejorar sus equipos para llevarlos a la industria 4.0.<\/span><\/p><p><span data-contrast=\"none\">\u201cActualmente, todos nuestros equipos los podemos gestionar desde aqu\u00ed en Gir\u00f3n de manera remota y estamos enfocando los esfuerzos para que las m\u00e1quinas sean m\u00e1s eficientes a trav\u00e9s de la autogesti\u00f3n, para que tengan un proceso de autoaprendizaje y que cada vez dependan menos del error humano\u201d, indica Bri\u00f1ez.<\/span><\/p><p><span data-contrast=\"none\">Con la firme visi\u00f3n de que el mundo est\u00e1 cambiando, Essi camina con rumbo a la econom\u00eda del conocimiento, basada en el desarrollo de nuevas soluciones, lo que les permitir\u00e1 fabricar m\u00e1quinas que sean cada vez m\u00e1s eficientes, competitivas, digitales y que al mismo tiempo tengan una baja huella de carbono.<\/span><\/p>\t\t\t\t\t\t<\/div>\n\t\t\t\t<\/div>\n\t\t\t\t\t<\/div>\n\t\t<\/div>\n\t\t\t\t\t\t\t<\/div>\n\t\t<\/section>\n\t\t\t\t<section class=\"elementor-section elementor-top-section elementor-element elementor-element-e9c7334 elementor-section-boxed elementor-section-height-default elementor-section-height-default\" data-id=\"e9c7334\" data-element_type=\"section\" data-settings=\"{&quot;background_background&quot;:&quot;classic&quot;}\">\n\t\t\t\t\t\t<div class=\"elementor-container elementor-column-gap-default\">\n\t\t\t\t\t<div class=\"elementor-column elementor-col-50 elementor-top-column elementor-element elementor-element-32e86f1\" data-id=\"32e86f1\" data-element_type=\"column\">\n\t\t\t<div class=\"elementor-widget-wrap elementor-element-populated\">\n\t\t\t\t\t\t\t\t<div class=\"elementor-element elementor-element-f7fdf16 elementor-widget elementor-widget-image\" data-id=\"f7fdf16\" data-element_type=\"widget\" data-widget_type=\"image.default\">\n\t\t\t\t<div class=\"elementor-widget-container\">\n\t\t\t<style>\/*! elementor - v3.16.0 - 20-09-2023 *\/\n.elementor-widget-image{text-align:center}.elementor-widget-image a{display:inline-block}.elementor-widget-image a img[src$=\".svg\"]{width:48px}.elementor-widget-image img{vertical-align:middle;display:inline-block}<\/style>\t\t\t\t\t\t\t\t\t<figure class=\"wp-caption\">\n\t\t\t\t\t\t\t\t\t\t<img decoding=\"async\" loading=\"lazy\" width=\"800\" height=\"533\" src=\"https:\/\/visionestrategica.elcolombiano.com\/wp-content\/uploads\/2022\/09\/essi-1024x682.png\" class=\"attachment-large size-large wp-image-2341\" alt=\"\" srcset=\"https:\/\/visionestrategica.elcolombiano.com\/wp-content\/uploads\/2022\/09\/essi-1024x682.png 1024w, https:\/\/visionestrategica.elcolombiano.com\/wp-content\/uploads\/2022\/09\/essi-300x200.png 300w, https:\/\/visionestrategica.elcolombiano.com\/wp-content\/uploads\/2022\/09\/essi-768x512.png 768w, https:\/\/visionestrategica.elcolombiano.com\/wp-content\/uploads\/2022\/09\/essi.png 1100w\" sizes=\"(max-width: 800px) 100vw, 800px\" \/>\t\t\t\t\t\t\t\t\t\t\t<figcaption class=\"widget-image-caption wp-caption-text\">Rafael Bri\u00f1ez, gerente de Innovaci\u00f3n y Desarrollo de Essi.<\/figcaption>\n\t\t\t\t\t\t\t\t\t\t<\/figure>\n\t\t\t\t\t\t\t\t\t<\/div>\n\t\t\t\t<\/div>\n\t\t\t\t\t<\/div>\n\t\t<\/div>\n\t\t\t\t<div class=\"elementor-column elementor-col-50 elementor-top-column elementor-element elementor-element-a754eef\" data-id=\"a754eef\" data-element_type=\"column\">\n\t\t\t<div class=\"elementor-widget-wrap elementor-element-populated\">\n\t\t\t\t\t\t\t\t<div class=\"elementor-element elementor-element-4b202a1 elementor-widget elementor-widget-heading\" data-id=\"4b202a1\" data-element_type=\"widget\" data-widget_type=\"heading.default\">\n\t\t\t\t<div class=\"elementor-widget-container\">\n\t\t\t<h2 class=\"elementor-heading-title elementor-size-default\">Columna de opini\u00f3n<\/h2>\t\t<\/div>\n\t\t\t\t<\/div>\n\t\t\t\t<div class=\"elementor-element elementor-element-1154705 elementor-widget elementor-widget-text-editor\" data-id=\"1154705\" data-element_type=\"widget\" data-widget_type=\"text-editor.default\">\n\t\t\t\t<div class=\"elementor-widget-container\">\n\t\t\t\t\t\t\t<p><span data-contrast=\"none\">\u00abLos desaf\u00edos que trae consigo la idea de innovar son directamente proporcionales a la necesidad que tienen las organizaciones de hacerlo.<br \/>Un mundo globalizado, una econom\u00eda inestable con alta incertidumbre, culturas de consumo altamente cambiantes, nuevos modelos de negocio disruptivos, entre otros aspectos, hacen que las empresas est\u00e9n obligadas cada vez m\u00e1s a enfocarse en encontrar formas de dinamizar su cultura, su estructura, sus procesos y sus productos.<br \/>Otra raz\u00f3n importante para pensar en la innovaci\u00f3n es la sociedad.<br \/>Cada d\u00eda se habla m\u00e1s acerca de organizaciones conscientes y con alto sentido de responsabilidad social empresarial. Ellas deben ocuparse con c\u00f3mo impactar los problemas y retos actuales del mundo, encontrando all\u00ed un oc\u00e9ano de oportunidades de negocio rentables e inadvertidas para la mayor\u00eda de las empresas que a\u00fan no han logrado diseminar la cultura de la innovaci\u00f3n en sus procesos organizacionales.<br \/>A medida que las compa\u00f1\u00edas crecen, su proceso de toma de decisiones se ralentiza, generando un riesgo inminente de dirigirse hacia una obsolescencia en t\u00e9rminos de competitividad.<br \/>Es pensar en innovaci\u00f3n lo que de manera directa permite a las organizaciones encontrar la forma de fortalecer sus capacidades de prospecci\u00f3n y, de esta manera, anticiparse a los cambios del mercado, logrando dar las respuestas adecuadas y en el tiempo requerido\u00bb.<\/span><\/p>\t\t\t\t\t\t<\/div>\n\t\t\t\t<\/div>\n\t\t\t\t\t<\/div>\n\t\t<\/div>\n\t\t\t\t\t\t\t<\/div>\n\t\t<\/section>\n\t\t\t\t\t\t\t<\/div>\n\t\t","protected":false},"excerpt":{"rendered":"<p>Essi La envasadora m\u00e1s r\u00e1pida del mundo En Gir\u00f3n, Santander, opera la empresa que desarroll\u00f3 la envasadora m\u00e1s r\u00e1pida del mundo, una m\u00e1quina que ha permitido a compa\u00f1\u00edas l\u00edderes del sector l\u00e1cteo optimizar sus procesos. \u201cLa Empresa de Soluciones, Servicios e Innovaci\u00f3n (Essi), que abri\u00f3 sus puertas hace 30 a\u00f1os, hoy es considerada como una [&hellip;]<\/p>\n","protected":false},"author":6,"featured_media":0,"parent":0,"menu_order":0,"comment_status":"closed","ping_status":"closed","template":"elementor_header_footer","meta":{"footnotes":""},"yoast_head":"<!-- This site is optimized with the Yoast SEO plugin v21.2 - https:\/\/yoast.com\/wordpress\/plugins\/seo\/ -->\n<title>Essi - Visi\u00f3n Estrat\u00e9gica l El Colombiano<\/title>\n<meta name=\"robots\" content=\"index, follow, max-snippet:-1, max-image-preview:large, max-video-preview:-1\" \/>\n<link rel=\"canonical\" href=\"https:\/\/visionestrategica.elcolombiano.com\/index.php\/essi\/\" \/>\n<meta property=\"og:locale\" content=\"es_ES\" \/>\n<meta property=\"og:type\" content=\"article\" \/>\n<meta property=\"og:title\" content=\"Essi - Visi\u00f3n Estrat\u00e9gica l El Colombiano\" \/>\n<meta property=\"og:description\" content=\"Essi La envasadora m\u00e1s r\u00e1pida del mundo En Gir\u00f3n, Santander, opera la empresa que desarroll\u00f3 la envasadora m\u00e1s r\u00e1pida del mundo, una m\u00e1quina que ha permitido a compa\u00f1\u00edas l\u00edderes del sector l\u00e1cteo optimizar sus procesos. \u201cLa Empresa de Soluciones, Servicios e Innovaci\u00f3n (Essi), que abri\u00f3 sus puertas hace 30 a\u00f1os, hoy es considerada como una [&hellip;]\" \/>\n<meta property=\"og:url\" content=\"https:\/\/visionestrategica.elcolombiano.com\/index.php\/essi\/\" \/>\n<meta property=\"og:site_name\" content=\"Visi\u00f3n Estrat\u00e9gica l El Colombiano\" \/>\n<meta property=\"article:modified_time\" content=\"2022-09-01T20:58:44+00:00\" \/>\n<meta property=\"og:image\" content=\"https:\/\/visionestrategica.elcolombiano.com\/wp-content\/uploads\/2022\/09\/essi-1024x682.png\" \/>\n<meta name=\"twitter:card\" content=\"summary_large_image\" \/>\n<meta name=\"twitter:label1\" content=\"Tiempo de lectura\" \/>\n\t<meta name=\"twitter:data1\" content=\"4 minutos\" \/>\n<script type=\"application\/ld+json\" class=\"yoast-schema-graph\">{\"@context\":\"https:\/\/schema.org\",\"@graph\":[{\"@type\":\"WebPage\",\"@id\":\"https:\/\/visionestrategica.elcolombiano.com\/index.php\/essi\/\",\"url\":\"https:\/\/visionestrategica.elcolombiano.com\/index.php\/essi\/\",\"name\":\"Essi - Visi\u00f3n Estrat\u00e9gica l El Colombiano\",\"isPartOf\":{\"@id\":\"https:\/\/visionestrategica.elcolombiano.com\/#website\"},\"datePublished\":\"2022-09-01T20:45:18+00:00\",\"dateModified\":\"2022-09-01T20:58:44+00:00\",\"breadcrumb\":{\"@id\":\"https:\/\/visionestrategica.elcolombiano.com\/index.php\/essi\/#breadcrumb\"},\"inLanguage\":\"es\",\"potentialAction\":[{\"@type\":\"ReadAction\",\"target\":[\"https:\/\/visionestrategica.elcolombiano.com\/index.php\/essi\/\"]}]},{\"@type\":\"BreadcrumbList\",\"@id\":\"https:\/\/visionestrategica.elcolombiano.com\/index.php\/essi\/#breadcrumb\",\"itemListElement\":[{\"@type\":\"ListItem\",\"position\":1,\"name\":\"Home\",\"item\":\"https:\/\/visionestrategica.elcolombiano.com\/\"},{\"@type\":\"ListItem\",\"position\":2,\"name\":\"Essi\"}]},{\"@type\":\"WebSite\",\"@id\":\"https:\/\/visionestrategica.elcolombiano.com\/#website\",\"url\":\"https:\/\/visionestrategica.elcolombiano.com\/\",\"name\":\"Visi\u00f3n Estrat\u00e9gica l El Colombiano\",\"description\":\"Visi\u00f3n Estrat\u00e9gica l El Colombiano\",\"publisher\":{\"@id\":\"https:\/\/visionestrategica.elcolombiano.com\/#organization\"},\"potentialAction\":[{\"@type\":\"SearchAction\",\"target\":{\"@type\":\"EntryPoint\",\"urlTemplate\":\"https:\/\/visionestrategica.elcolombiano.com\/?s={search_term_string}\"},\"query-input\":\"required name=search_term_string\"}],\"inLanguage\":\"es\"},{\"@type\":\"Organization\",\"@id\":\"https:\/\/visionestrategica.elcolombiano.com\/#organization\",\"name\":\"Visi\u00f3n Estrat\u00e9gica l El Colombiano\",\"url\":\"https:\/\/visionestrategica.elcolombiano.com\/\",\"logo\":{\"@type\":\"ImageObject\",\"inLanguage\":\"es\",\"@id\":\"https:\/\/visionestrategica.elcolombiano.com\/#\/schema\/logo\/image\/\",\"url\":\"https:\/\/visionestrategica.elcolombiano.com\/wp-content\/uploads\/2022\/07\/cropped-Recurso-1-1.png\",\"contentUrl\":\"https:\/\/visionestrategica.elcolombiano.com\/wp-content\/uploads\/2022\/07\/cropped-Recurso-1-1.png\",\"width\":288,\"height\":107,\"caption\":\"Visi\u00f3n Estrat\u00e9gica l El Colombiano\"},\"image\":{\"@id\":\"https:\/\/visionestrategica.elcolombiano.com\/#\/schema\/logo\/image\/\"}}]}<\/script>\n<!-- \/ Yoast SEO plugin. -->","yoast_head_json":{"title":"Essi - Visi\u00f3n Estrat\u00e9gica l El Colombiano","robots":{"index":"index","follow":"follow","max-snippet":"max-snippet:-1","max-image-preview":"max-image-preview:large","max-video-preview":"max-video-preview:-1"},"canonical":"https:\/\/visionestrategica.elcolombiano.com\/index.php\/essi\/","og_locale":"es_ES","og_type":"article","og_title":"Essi - Visi\u00f3n Estrat\u00e9gica l El Colombiano","og_description":"Essi La envasadora m\u00e1s r\u00e1pida del mundo En Gir\u00f3n, Santander, opera la empresa que desarroll\u00f3 la envasadora m\u00e1s r\u00e1pida del mundo, una m\u00e1quina que ha permitido a compa\u00f1\u00edas l\u00edderes del sector l\u00e1cteo optimizar sus procesos. \u201cLa Empresa de Soluciones, Servicios e Innovaci\u00f3n (Essi), que abri\u00f3 sus puertas hace 30 a\u00f1os, hoy es considerada como una [&hellip;]","og_url":"https:\/\/visionestrategica.elcolombiano.com\/index.php\/essi\/","og_site_name":"Visi\u00f3n Estrat\u00e9gica l El Colombiano","article_modified_time":"2022-09-01T20:58:44+00:00","og_image":[{"url":"https:\/\/visionestrategica.elcolombiano.com\/wp-content\/uploads\/2022\/09\/essi-1024x682.png"}],"twitter_card":"summary_large_image","twitter_misc":{"Tiempo de lectura":"4 minutos"},"schema":{"@context":"https:\/\/schema.org","@graph":[{"@type":"WebPage","@id":"https:\/\/visionestrategica.elcolombiano.com\/index.php\/essi\/","url":"https:\/\/visionestrategica.elcolombiano.com\/index.php\/essi\/","name":"Essi - Visi\u00f3n Estrat\u00e9gica l El Colombiano","isPartOf":{"@id":"https:\/\/visionestrategica.elcolombiano.com\/#website"},"datePublished":"2022-09-01T20:45:18+00:00","dateModified":"2022-09-01T20:58:44+00:00","breadcrumb":{"@id":"https:\/\/visionestrategica.elcolombiano.com\/index.php\/essi\/#breadcrumb"},"inLanguage":"es","potentialAction":[{"@type":"ReadAction","target":["https:\/\/visionestrategica.elcolombiano.com\/index.php\/essi\/"]}]},{"@type":"BreadcrumbList","@id":"https:\/\/visionestrategica.elcolombiano.com\/index.php\/essi\/#breadcrumb","itemListElement":[{"@type":"ListItem","position":1,"name":"Home","item":"https:\/\/visionestrategica.elcolombiano.com\/"},{"@type":"ListItem","position":2,"name":"Essi"}]},{"@type":"WebSite","@id":"https:\/\/visionestrategica.elcolombiano.com\/#website","url":"https:\/\/visionestrategica.elcolombiano.com\/","name":"Visi\u00f3n Estrat\u00e9gica l El Colombiano","description":"Visi\u00f3n Estrat\u00e9gica l El Colombiano","publisher":{"@id":"https:\/\/visionestrategica.elcolombiano.com\/#organization"},"potentialAction":[{"@type":"SearchAction","target":{"@type":"EntryPoint","urlTemplate":"https:\/\/visionestrategica.elcolombiano.com\/?s={search_term_string}"},"query-input":"required name=search_term_string"}],"inLanguage":"es"},{"@type":"Organization","@id":"https:\/\/visionestrategica.elcolombiano.com\/#organization","name":"Visi\u00f3n Estrat\u00e9gica l El Colombiano","url":"https:\/\/visionestrategica.elcolombiano.com\/","logo":{"@type":"ImageObject","inLanguage":"es","@id":"https:\/\/visionestrategica.elcolombiano.com\/#\/schema\/logo\/image\/","url":"https:\/\/visionestrategica.elcolombiano.com\/wp-content\/uploads\/2022\/07\/cropped-Recurso-1-1.png","contentUrl":"https:\/\/visionestrategica.elcolombiano.com\/wp-content\/uploads\/2022\/07\/cropped-Recurso-1-1.png","width":288,"height":107,"caption":"Visi\u00f3n Estrat\u00e9gica l El Colombiano"},"image":{"@id":"https:\/\/visionestrategica.elcolombiano.com\/#\/schema\/logo\/image\/"}}]}},"_links":{"self":[{"href":"https:\/\/visionestrategica.elcolombiano.com\/index.php\/wp-json\/wp\/v2\/pages\/2338"}],"collection":[{"href":"https:\/\/visionestrategica.elcolombiano.com\/index.php\/wp-json\/wp\/v2\/pages"}],"about":[{"href":"https:\/\/visionestrategica.elcolombiano.com\/index.php\/wp-json\/wp\/v2\/types\/page"}],"author":[{"embeddable":true,"href":"https:\/\/visionestrategica.elcolombiano.com\/index.php\/wp-json\/wp\/v2\/users\/6"}],"replies":[{"embeddable":true,"href":"https:\/\/visionestrategica.elcolombiano.com\/index.php\/wp-json\/wp\/v2\/comments?post=2338"}],"version-history":[{"count":4,"href":"https:\/\/visionestrategica.elcolombiano.com\/index.php\/wp-json\/wp\/v2\/pages\/2338\/revisions"}],"predecessor-version":[{"id":2345,"href":"https:\/\/visionestrategica.elcolombiano.com\/index.php\/wp-json\/wp\/v2\/pages\/2338\/revisions\/2345"}],"wp:attachment":[{"href":"https:\/\/visionestrategica.elcolombiano.com\/index.php\/wp-json\/wp\/v2\/media?parent=2338"}],"curies":[{"name":"wp","href":"https:\/\/api.w.org\/{rel}","templated":true}]}}