{"id":2323,"date":"2022-09-01T20:18:45","date_gmt":"2022-09-01T20:18:45","guid":{"rendered":"https:\/\/visionestrategica.elcolombiano.com\/?page_id=2323"},"modified":"2022-09-01T20:37:29","modified_gmt":"2022-09-01T20:37:29","slug":"cotecmar","status":"publish","type":"page","link":"https:\/\/visionestrategica.elcolombiano.com\/index.php\/cotecmar\/","title":{"rendered":"Cotecmar"},"content":{"rendered":"\t\t<div data-elementor-type=\"wp-page\" data-elementor-id=\"2323\" class=\"elementor elementor-2323\">\n\t\t\t\t\t\t\t\t\t<section class=\"elementor-section elementor-top-section elementor-element elementor-element-444c815 elementor-section-height-min-height elementor-section-content-middle elementor-section-boxed elementor-section-height-default elementor-section-items-middle\" data-id=\"444c815\" data-element_type=\"section\" data-settings=\"{&quot;background_background&quot;:&quot;classic&quot;}\">\n\t\t\t\t\t\t\t<div class=\"elementor-background-overlay\"><\/div>\n\t\t\t\t\t\t\t<div class=\"elementor-container elementor-column-gap-no\">\n\t\t\t\t\t<div class=\"elementor-column elementor-col-100 elementor-top-column elementor-element elementor-element-cf1df3e\" data-id=\"cf1df3e\" data-element_type=\"column\">\n\t\t\t<div class=\"elementor-widget-wrap elementor-element-populated\">\n\t\t\t\t\t\t\t\t<div class=\"elementor-element elementor-element-d54ae2b elementor-headline--style-rotate elementor-widget elementor-widget-animated-headline\" data-id=\"d54ae2b\" data-element_type=\"widget\" data-settings=\"{&quot;headline_style&quot;:&quot;rotate&quot;,&quot;animation_type&quot;:&quot;slide&quot;,&quot;rotating_text&quot;:&quot;Cotecmar&quot;,&quot;loop&quot;:&quot;yes&quot;,&quot;rotate_iteration_delay&quot;:2500}\" data-widget_type=\"animated-headline.default\">\n\t\t\t\t<div class=\"elementor-widget-container\">\n\t\t\t<link rel=\"stylesheet\" href=\"https:\/\/visionestrategica.elcolombiano.com\/wp-content\/plugins\/elementor-pro\/assets\/css\/widget-animated-headline.min.css\">\t\t<h2 class=\"elementor-headline elementor-headline-animation-type-slide\">\n\t\t\t\t<span class=\"elementor-headline-dynamic-wrapper elementor-headline-text-wrapper\">\n\t\t\t\t\t<span class=\"elementor-headline-dynamic-text elementor-headline-text-active\">\n\t\t\t\tCotecmar\t\t\t<\/span>\n\t\t\t\t\t\t<\/span>\n\t\t\t\t<\/h2>\n\t\t\t\t<\/div>\n\t\t\t\t<\/div>\n\t\t\t\t\t<\/div>\n\t\t<\/div>\n\t\t\t\t\t\t\t<\/div>\n\t\t<\/section>\n\t\t\t\t<section class=\"elementor-section elementor-top-section elementor-element elementor-element-ed92bda elementor-section-boxed elementor-section-height-default elementor-section-height-default\" data-id=\"ed92bda\" data-element_type=\"section\" data-settings=\"{&quot;background_background&quot;:&quot;classic&quot;}\">\n\t\t\t\t\t\t<div class=\"elementor-container elementor-column-gap-default\">\n\t\t\t\t\t<div class=\"elementor-column elementor-col-100 elementor-top-column elementor-element elementor-element-25e3d8a\" data-id=\"25e3d8a\" data-element_type=\"column\">\n\t\t\t<div class=\"elementor-widget-wrap elementor-element-populated\">\n\t\t\t\t\t\t\t\t<div class=\"elementor-element elementor-element-965d765 elementor-widget elementor-widget-heading\" data-id=\"965d765\" data-element_type=\"widget\" data-widget_type=\"heading.default\">\n\t\t\t\t<div class=\"elementor-widget-container\">\n\t\t\t<style>\/*! elementor - v3.16.0 - 20-09-2023 *\/\n.elementor-heading-title{padding:0;margin:0;line-height:1}.elementor-widget-heading .elementor-heading-title[class*=elementor-size-]>a{color:inherit;font-size:inherit;line-height:inherit}.elementor-widget-heading .elementor-heading-title.elementor-size-small{font-size:15px}.elementor-widget-heading .elementor-heading-title.elementor-size-medium{font-size:19px}.elementor-widget-heading .elementor-heading-title.elementor-size-large{font-size:29px}.elementor-widget-heading .elementor-heading-title.elementor-size-xl{font-size:39px}.elementor-widget-heading .elementor-heading-title.elementor-size-xxl{font-size:59px}<\/style><h2 class=\"elementor-heading-title elementor-size-default\">Innovaci\u00f3n con servicio social&nbsp;<\/h2>\t\t<\/div>\n\t\t\t\t<\/div>\n\t\t\t\t<div class=\"elementor-element elementor-element-c69c843 elementor-widget elementor-widget-text-editor\" data-id=\"c69c843\" data-element_type=\"widget\" data-widget_type=\"text-editor.default\">\n\t\t\t\t<div class=\"elementor-widget-container\">\n\t\t\t<style>\/*! elementor - v3.16.0 - 20-09-2023 *\/\n.elementor-widget-text-editor.elementor-drop-cap-view-stacked .elementor-drop-cap{background-color:#69727d;color:#fff}.elementor-widget-text-editor.elementor-drop-cap-view-framed .elementor-drop-cap{color:#69727d;border:3px solid;background-color:transparent}.elementor-widget-text-editor:not(.elementor-drop-cap-view-default) .elementor-drop-cap{margin-top:8px}.elementor-widget-text-editor:not(.elementor-drop-cap-view-default) .elementor-drop-cap-letter{width:1em;height:1em}.elementor-widget-text-editor .elementor-drop-cap{float:left;text-align:center;line-height:1;font-size:50px}.elementor-widget-text-editor .elementor-drop-cap-letter{display:inline-block}<\/style>\t\t\t\t<p><span data-contrast=\"none\"><b>Con el Bote Fluvial de Acci\u00f3n Integral, Cotecmar puso su inovaci\u00f3n al servicio social del pa\u00eds, en salud, educaci\u00f3n y entretenimiento.<\/b><\/span><span data-ccp-props=\"{&quot;201341983&quot;:0,&quot;335551550&quot;:6,&quot;335551620&quot;:6,&quot;335559739&quot;:200,&quot;335559740&quot;:276}\">\u00a0<\/span><\/p><p><span data-contrast=\"none\">\u201cLos pasos firmes en innovaci\u00f3n de la Corporaci\u00f3n de Ciencia y Tecnolog\u00eda para el Desarrollo de la Industria Naval, Mar\u00edtima y Fluvial (Cotecmar) muestran que una entidad castrense puede impulsar con altos est\u00e1ndares la ciencia y la tecnolog\u00eda para ponerlas al servicio social del pa\u00eds.<\/span><\/p><p><span data-contrast=\"none\">Y un ejemplo de esta apuesta sobre innovaci\u00f3n y su articulaci\u00f3n para velar por el bienestar de las regiones m\u00e1s apartadas es el Bote Fluvial de Acci\u00f3n integral (BFAI), concebido para apoyar el desarrollo de campa\u00f1as de impacto social que adelanta la Armada Nacional en los municipios ribere\u00f1os de Colombia.<\/span><\/p><p><span data-contrast=\"none\">La embarcaci\u00f3n dise\u00f1ada y construida por los t\u00e9cnicos de Cotecmar est\u00e1 equipada para la prestaci\u00f3n de los servicios de salud y primeros auxilios; adem\u00e1s, posee equipamiento para apoyar las labores de educaci\u00f3n, recreaci\u00f3n y entretenimiento, a lo que se suma una sala de cine para promover la cultura.<\/span><\/p><p><span data-contrast=\"none\">\u201cEl bote est\u00e1 construido con materiales compuestos, en unas dimensiones y forma del casco dise\u00f1adas con caracter\u00edsticas tecnol\u00f3gicas de uso dual. Es un trabajo bajo el concepto de innovaci\u00f3n incremental, porque su construcci\u00f3n se deriva de un dise\u00f1o anterior, ya que la embarcaci\u00f3n tuvo su vida \u00fatil como unidad de patrullaje fluvial, y ahora est\u00e1 al servicio de una acci\u00f3n civil\u201d, explic\u00f3 Jimmy Saravia Arenas, jefe del Departamento de Gesti\u00f3n de la Innovaci\u00f3n de Cotecmar.<\/span><\/p><p><span data-contrast=\"none\">La idea naci\u00f3 en el 2018, cuando la entidad, en desarrollo de su pol\u00edtica de innovaci\u00f3n de uso dual, con miras a diversificar activos de segundo aprovechamiento, lanz\u00f3 esta nueva estrategia alineada con uno de los objetivos de la Armada Nacional, que es desarrollar soluciones tecnol\u00f3gicas para el beneficio social.<\/span><\/p><p><span data-contrast=\"none\">\u201cEsta innovaci\u00f3n incluye la incorporaci\u00f3n de est\u00e1ndares de seguridad para la navegaci\u00f3n, para los pasajeros e incluso para la integridad del casco\u201d, resalt\u00f3 Saravia.<br \/>Para su construcci\u00f3n, se tuvo en cuenta las especificaciones t\u00e9cnicas, como su ancho y calado. Adem\u00e1s, se instalaron instrumentos de \u00faltima generaci\u00f3n, como motores fuera de borda, planta el\u00e9ctrica y sistemas de comunicaciones.<\/span><\/p><p><span data-contrast=\"none\">As\u00ed, la embarcaci\u00f3n es un claro ejemplo de innovaci\u00f3n para llevar bienestar a las zonas ribere\u00f1as m\u00e1s apartadas del pa\u00eds.<\/span><span data-ccp-props=\"{&quot;201341983&quot;:0,&quot;335551550&quot;:6,&quot;335551620&quot;:6,&quot;335559739&quot;:200,&quot;335559740&quot;:276}\">\u00a0<\/span><\/p>\t\t\t\t\t\t<\/div>\n\t\t\t\t<\/div>\n\t\t\t\t\t<\/div>\n\t\t<\/div>\n\t\t\t\t\t\t\t<\/div>\n\t\t<\/section>\n\t\t\t\t<section class=\"elementor-section elementor-top-section elementor-element elementor-element-e9c7334 elementor-section-boxed elementor-section-height-default elementor-section-height-default\" data-id=\"e9c7334\" data-element_type=\"section\" data-settings=\"{&quot;background_background&quot;:&quot;classic&quot;}\">\n\t\t\t\t\t\t<div class=\"elementor-container elementor-column-gap-default\">\n\t\t\t\t\t<div class=\"elementor-column elementor-col-50 elementor-top-column elementor-element elementor-element-32e86f1\" data-id=\"32e86f1\" data-element_type=\"column\">\n\t\t\t<div class=\"elementor-widget-wrap elementor-element-populated\">\n\t\t\t\t\t\t\t\t<div class=\"elementor-element elementor-element-f7fdf16 elementor-widget elementor-widget-image\" data-id=\"f7fdf16\" data-element_type=\"widget\" data-widget_type=\"image.default\">\n\t\t\t\t<div class=\"elementor-widget-container\">\n\t\t\t<style>\/*! elementor - v3.16.0 - 20-09-2023 *\/\n.elementor-widget-image{text-align:center}.elementor-widget-image a{display:inline-block}.elementor-widget-image a img[src$=\".svg\"]{width:48px}.elementor-widget-image img{vertical-align:middle;display:inline-block}<\/style>\t\t\t\t\t\t\t\t\t<figure class=\"wp-caption\">\n\t\t\t\t\t\t\t\t\t\t<img decoding=\"async\" loading=\"lazy\" width=\"688\" height=\"1024\" src=\"https:\/\/visionestrategica.elcolombiano.com\/wp-content\/uploads\/2022\/09\/Imagen-FOTO-OFICIAL-PCTMAR-2-688x1024.png\" class=\"attachment-large size-large wp-image-2325\" alt=\"Clmte. Luis Fernando M\u00e1rquez, presidente de Cotecmar\" srcset=\"https:\/\/visionestrategica.elcolombiano.com\/wp-content\/uploads\/2022\/09\/Imagen-FOTO-OFICIAL-PCTMAR-2-688x1024.png 688w, https:\/\/visionestrategica.elcolombiano.com\/wp-content\/uploads\/2022\/09\/Imagen-FOTO-OFICIAL-PCTMAR-2-202x300.png 202w, https:\/\/visionestrategica.elcolombiano.com\/wp-content\/uploads\/2022\/09\/Imagen-FOTO-OFICIAL-PCTMAR-2-768x1143.png 768w, https:\/\/visionestrategica.elcolombiano.com\/wp-content\/uploads\/2022\/09\/Imagen-FOTO-OFICIAL-PCTMAR-2-1032x1536.png 1032w, https:\/\/visionestrategica.elcolombiano.com\/wp-content\/uploads\/2022\/09\/Imagen-FOTO-OFICIAL-PCTMAR-2.png 1300w\" sizes=\"(max-width: 688px) 100vw, 688px\" \/>\t\t\t\t\t\t\t\t\t\t\t<figcaption class=\"widget-image-caption wp-caption-text\">Clmte. Luis Fernando M\u00e1rquez, presidente de Cotecmar.<\/figcaption>\n\t\t\t\t\t\t\t\t\t\t<\/figure>\n\t\t\t\t\t\t\t\t\t<\/div>\n\t\t\t\t<\/div>\n\t\t\t\t\t<\/div>\n\t\t<\/div>\n\t\t\t\t<div class=\"elementor-column elementor-col-50 elementor-top-column elementor-element elementor-element-a754eef\" data-id=\"a754eef\" data-element_type=\"column\">\n\t\t\t<div class=\"elementor-widget-wrap elementor-element-populated\">\n\t\t\t\t\t\t\t\t<div class=\"elementor-element elementor-element-4b202a1 elementor-widget elementor-widget-heading\" data-id=\"4b202a1\" data-element_type=\"widget\" data-widget_type=\"heading.default\">\n\t\t\t\t<div class=\"elementor-widget-container\">\n\t\t\t<h2 class=\"elementor-heading-title elementor-size-default\">Columna de opini\u00f3n<\/h2>\t\t<\/div>\n\t\t\t\t<\/div>\n\t\t\t\t<div class=\"elementor-element elementor-element-1154705 elementor-widget elementor-widget-text-editor\" data-id=\"1154705\" data-element_type=\"widget\" data-widget_type=\"text-editor.default\">\n\t\t\t\t<div class=\"elementor-widget-container\">\n\t\t\t\t\t\t\t<p><span data-contrast=\"none\">\u00abEn Colombia se han priorizado los esfuerzos para fomentar la innovaci\u00f3n como apuesta y estrategia para fortalecer e incrementar la competitividad del pa\u00eds.<br \/>Con relaci\u00f3n a esta estrategia, desde Cotecmar ponemos a disposici\u00f3n del mercado una oferta de productos y servicios que considera el ciclo de vida desde el dise\u00f1o y construcci\u00f3n, hasta el seguimiento postventa, mantenimiento y modernizaci\u00f3n de buques y artefactos navales, generando y transfiriendo conocimientos a partir de nuestros procesos de investigaci\u00f3n aplicada y desarrollo.<br \/>Durante estos 22 a\u00f1os hemos puesto a disposici\u00f3n de la sociedad las herramientas, conocimientos y experiencia de nuestro capital humano para ayudar a las organizaciones en la gesti\u00f3n y materializaci\u00f3n de la innovaci\u00f3n en sus productos o procesos.<br \/>Contamos con tecnolog\u00edas de vanguardia y metodolog\u00edas que han permitido materializar proyectos innovadores a trav\u00e9s de soluciones de alto valor agregado para el soporte de distintas actividades, por ejempo: la investigaci\u00f3n cient\u00edfico-marina, el comercio mar\u00edtimo, la pesca, el turismo y la recreaci\u00f3n\u00bb.<\/span><\/p>\t\t\t\t\t\t<\/div>\n\t\t\t\t<\/div>\n\t\t\t\t\t<\/div>\n\t\t<\/div>\n\t\t\t\t\t\t\t<\/div>\n\t\t<\/section>\n\t\t\t\t\t\t\t<\/div>\n\t\t","protected":false},"excerpt":{"rendered":"<p>Cotecmar Innovaci\u00f3n con servicio social&nbsp; Con el Bote Fluvial de Acci\u00f3n Integral, Cotecmar puso su inovaci\u00f3n al servicio social del pa\u00eds, en salud, educaci\u00f3n y entretenimiento.\u00a0 \u201cLos pasos firmes en innovaci\u00f3n de la Corporaci\u00f3n de Ciencia y Tecnolog\u00eda para el Desarrollo de la Industria Naval, Mar\u00edtima y Fluvial (Cotecmar) muestran que una entidad castrense puede [&hellip;]<\/p>\n","protected":false},"author":6,"featured_media":0,"parent":0,"menu_order":0,"comment_status":"closed","ping_status":"closed","template":"elementor_header_footer","meta":{"footnotes":""},"yoast_head":"<!-- This site is optimized with the Yoast SEO plugin v21.2 - https:\/\/yoast.com\/wordpress\/plugins\/seo\/ -->\n<title>Cotecmar - Visi\u00f3n Estrat\u00e9gica l El Colombiano<\/title>\n<meta name=\"robots\" content=\"index, follow, max-snippet:-1, max-image-preview:large, max-video-preview:-1\" \/>\n<link rel=\"canonical\" href=\"https:\/\/visionestrategica.elcolombiano.com\/index.php\/cotecmar\/\" \/>\n<meta property=\"og:locale\" content=\"es_ES\" \/>\n<meta property=\"og:type\" content=\"article\" \/>\n<meta property=\"og:title\" content=\"Cotecmar - Visi\u00f3n Estrat\u00e9gica l El Colombiano\" \/>\n<meta property=\"og:description\" content=\"Cotecmar Innovaci\u00f3n con servicio social&nbsp; Con el Bote Fluvial de Acci\u00f3n Integral, Cotecmar puso su inovaci\u00f3n al servicio social del pa\u00eds, en salud, educaci\u00f3n y entretenimiento.\u00a0 \u201cLos pasos firmes en innovaci\u00f3n de la Corporaci\u00f3n de Ciencia y Tecnolog\u00eda para el Desarrollo de la Industria Naval, Mar\u00edtima y Fluvial (Cotecmar) muestran que una entidad castrense puede [&hellip;]\" \/>\n<meta property=\"og:url\" content=\"https:\/\/visionestrategica.elcolombiano.com\/index.php\/cotecmar\/\" \/>\n<meta property=\"og:site_name\" content=\"Visi\u00f3n Estrat\u00e9gica l El Colombiano\" \/>\n<meta property=\"article:modified_time\" content=\"2022-09-01T20:37:29+00:00\" \/>\n<meta property=\"og:image\" content=\"https:\/\/visionestrategica.elcolombiano.com\/wp-content\/uploads\/2022\/09\/Imagen-FOTO-OFICIAL-PCTMAR-2-688x1024.png\" \/>\n<meta name=\"twitter:card\" content=\"summary_large_image\" \/>\n<meta name=\"twitter:label1\" content=\"Tiempo de lectura\" \/>\n\t<meta name=\"twitter:data1\" content=\"4 minutos\" \/>\n<script type=\"application\/ld+json\" class=\"yoast-schema-graph\">{\"@context\":\"https:\/\/schema.org\",\"@graph\":[{\"@type\":\"WebPage\",\"@id\":\"https:\/\/visionestrategica.elcolombiano.com\/index.php\/cotecmar\/\",\"url\":\"https:\/\/visionestrategica.elcolombiano.com\/index.php\/cotecmar\/\",\"name\":\"Cotecmar - Visi\u00f3n Estrat\u00e9gica l El Colombiano\",\"isPartOf\":{\"@id\":\"https:\/\/visionestrategica.elcolombiano.com\/#website\"},\"datePublished\":\"2022-09-01T20:18:45+00:00\",\"dateModified\":\"2022-09-01T20:37:29+00:00\",\"breadcrumb\":{\"@id\":\"https:\/\/visionestrategica.elcolombiano.com\/index.php\/cotecmar\/#breadcrumb\"},\"inLanguage\":\"es\",\"potentialAction\":[{\"@type\":\"ReadAction\",\"target\":[\"https:\/\/visionestrategica.elcolombiano.com\/index.php\/cotecmar\/\"]}]},{\"@type\":\"BreadcrumbList\",\"@id\":\"https:\/\/visionestrategica.elcolombiano.com\/index.php\/cotecmar\/#breadcrumb\",\"itemListElement\":[{\"@type\":\"ListItem\",\"position\":1,\"name\":\"Home\",\"item\":\"https:\/\/visionestrategica.elcolombiano.com\/\"},{\"@type\":\"ListItem\",\"position\":2,\"name\":\"Cotecmar\"}]},{\"@type\":\"WebSite\",\"@id\":\"https:\/\/visionestrategica.elcolombiano.com\/#website\",\"url\":\"https:\/\/visionestrategica.elcolombiano.com\/\",\"name\":\"Visi\u00f3n Estrat\u00e9gica l El Colombiano\",\"description\":\"Visi\u00f3n Estrat\u00e9gica l El Colombiano\",\"publisher\":{\"@id\":\"https:\/\/visionestrategica.elcolombiano.com\/#organization\"},\"potentialAction\":[{\"@type\":\"SearchAction\",\"target\":{\"@type\":\"EntryPoint\",\"urlTemplate\":\"https:\/\/visionestrategica.elcolombiano.com\/?s={search_term_string}\"},\"query-input\":\"required name=search_term_string\"}],\"inLanguage\":\"es\"},{\"@type\":\"Organization\",\"@id\":\"https:\/\/visionestrategica.elcolombiano.com\/#organization\",\"name\":\"Visi\u00f3n Estrat\u00e9gica l El Colombiano\",\"url\":\"https:\/\/visionestrategica.elcolombiano.com\/\",\"logo\":{\"@type\":\"ImageObject\",\"inLanguage\":\"es\",\"@id\":\"https:\/\/visionestrategica.elcolombiano.com\/#\/schema\/logo\/image\/\",\"url\":\"https:\/\/visionestrategica.elcolombiano.com\/wp-content\/uploads\/2022\/07\/cropped-Recurso-1-1.png\",\"contentUrl\":\"https:\/\/visionestrategica.elcolombiano.com\/wp-content\/uploads\/2022\/07\/cropped-Recurso-1-1.png\",\"width\":288,\"height\":107,\"caption\":\"Visi\u00f3n Estrat\u00e9gica l El Colombiano\"},\"image\":{\"@id\":\"https:\/\/visionestrategica.elcolombiano.com\/#\/schema\/logo\/image\/\"}}]}<\/script>\n<!-- \/ Yoast SEO plugin. -->","yoast_head_json":{"title":"Cotecmar - Visi\u00f3n Estrat\u00e9gica l El Colombiano","robots":{"index":"index","follow":"follow","max-snippet":"max-snippet:-1","max-image-preview":"max-image-preview:large","max-video-preview":"max-video-preview:-1"},"canonical":"https:\/\/visionestrategica.elcolombiano.com\/index.php\/cotecmar\/","og_locale":"es_ES","og_type":"article","og_title":"Cotecmar - Visi\u00f3n Estrat\u00e9gica l El Colombiano","og_description":"Cotecmar Innovaci\u00f3n con servicio social&nbsp; Con el Bote Fluvial de Acci\u00f3n Integral, Cotecmar puso su inovaci\u00f3n al servicio social del pa\u00eds, en salud, educaci\u00f3n y entretenimiento.\u00a0 \u201cLos pasos firmes en innovaci\u00f3n de la Corporaci\u00f3n de Ciencia y Tecnolog\u00eda para el Desarrollo de la Industria Naval, Mar\u00edtima y Fluvial (Cotecmar) muestran que una entidad castrense puede [&hellip;]","og_url":"https:\/\/visionestrategica.elcolombiano.com\/index.php\/cotecmar\/","og_site_name":"Visi\u00f3n Estrat\u00e9gica l El Colombiano","article_modified_time":"2022-09-01T20:37:29+00:00","og_image":[{"url":"https:\/\/visionestrategica.elcolombiano.com\/wp-content\/uploads\/2022\/09\/Imagen-FOTO-OFICIAL-PCTMAR-2-688x1024.png"}],"twitter_card":"summary_large_image","twitter_misc":{"Tiempo de lectura":"4 minutos"},"schema":{"@context":"https:\/\/schema.org","@graph":[{"@type":"WebPage","@id":"https:\/\/visionestrategica.elcolombiano.com\/index.php\/cotecmar\/","url":"https:\/\/visionestrategica.elcolombiano.com\/index.php\/cotecmar\/","name":"Cotecmar - Visi\u00f3n Estrat\u00e9gica l El Colombiano","isPartOf":{"@id":"https:\/\/visionestrategica.elcolombiano.com\/#website"},"datePublished":"2022-09-01T20:18:45+00:00","dateModified":"2022-09-01T20:37:29+00:00","breadcrumb":{"@id":"https:\/\/visionestrategica.elcolombiano.com\/index.php\/cotecmar\/#breadcrumb"},"inLanguage":"es","potentialAction":[{"@type":"ReadAction","target":["https:\/\/visionestrategica.elcolombiano.com\/index.php\/cotecmar\/"]}]},{"@type":"BreadcrumbList","@id":"https:\/\/visionestrategica.elcolombiano.com\/index.php\/cotecmar\/#breadcrumb","itemListElement":[{"@type":"ListItem","position":1,"name":"Home","item":"https:\/\/visionestrategica.elcolombiano.com\/"},{"@type":"ListItem","position":2,"name":"Cotecmar"}]},{"@type":"WebSite","@id":"https:\/\/visionestrategica.elcolombiano.com\/#website","url":"https:\/\/visionestrategica.elcolombiano.com\/","name":"Visi\u00f3n Estrat\u00e9gica l El Colombiano","description":"Visi\u00f3n Estrat\u00e9gica l El Colombiano","publisher":{"@id":"https:\/\/visionestrategica.elcolombiano.com\/#organization"},"potentialAction":[{"@type":"SearchAction","target":{"@type":"EntryPoint","urlTemplate":"https:\/\/visionestrategica.elcolombiano.com\/?s={search_term_string}"},"query-input":"required name=search_term_string"}],"inLanguage":"es"},{"@type":"Organization","@id":"https:\/\/visionestrategica.elcolombiano.com\/#organization","name":"Visi\u00f3n Estrat\u00e9gica l El Colombiano","url":"https:\/\/visionestrategica.elcolombiano.com\/","logo":{"@type":"ImageObject","inLanguage":"es","@id":"https:\/\/visionestrategica.elcolombiano.com\/#\/schema\/logo\/image\/","url":"https:\/\/visionestrategica.elcolombiano.com\/wp-content\/uploads\/2022\/07\/cropped-Recurso-1-1.png","contentUrl":"https:\/\/visionestrategica.elcolombiano.com\/wp-content\/uploads\/2022\/07\/cropped-Recurso-1-1.png","width":288,"height":107,"caption":"Visi\u00f3n Estrat\u00e9gica l El Colombiano"},"image":{"@id":"https:\/\/visionestrategica.elcolombiano.com\/#\/schema\/logo\/image\/"}}]}},"_links":{"self":[{"href":"https:\/\/visionestrategica.elcolombiano.com\/index.php\/wp-json\/wp\/v2\/pages\/2323"}],"collection":[{"href":"https:\/\/visionestrategica.elcolombiano.com\/index.php\/wp-json\/wp\/v2\/pages"}],"about":[{"href":"https:\/\/visionestrategica.elcolombiano.com\/index.php\/wp-json\/wp\/v2\/types\/page"}],"author":[{"embeddable":true,"href":"https:\/\/visionestrategica.elcolombiano.com\/index.php\/wp-json\/wp\/v2\/users\/6"}],"replies":[{"embeddable":true,"href":"https:\/\/visionestrategica.elcolombiano.com\/index.php\/wp-json\/wp\/v2\/comments?post=2323"}],"version-history":[{"count":4,"href":"https:\/\/visionestrategica.elcolombiano.com\/index.php\/wp-json\/wp\/v2\/pages\/2323\/revisions"}],"predecessor-version":[{"id":2329,"href":"https:\/\/visionestrategica.elcolombiano.com\/index.php\/wp-json\/wp\/v2\/pages\/2323\/revisions\/2329"}],"wp:attachment":[{"href":"https:\/\/visionestrategica.elcolombiano.com\/index.php\/wp-json\/wp\/v2\/media?parent=2323"}],"curies":[{"name":"wp","href":"https:\/\/api.w.org\/{rel}","templated":true}]}}