{"id":2301,"date":"2022-09-01T19:20:37","date_gmt":"2022-09-01T19:20:37","guid":{"rendered":"https:\/\/visionestrategica.elcolombiano.com\/?page_id=2301"},"modified":"2022-09-01T20:13:12","modified_gmt":"2022-09-01T20:13:12","slug":"procaps","status":"publish","type":"page","link":"https:\/\/visionestrategica.elcolombiano.com\/index.php\/procaps\/","title":{"rendered":"Procaps"},"content":{"rendered":"\t\t<div data-elementor-type=\"wp-page\" data-elementor-id=\"2301\" class=\"elementor elementor-2301\">\n\t\t\t\t\t\t\t\t\t<section class=\"elementor-section elementor-top-section elementor-element elementor-element-444c815 elementor-section-height-min-height elementor-section-content-middle elementor-section-boxed elementor-section-height-default elementor-section-items-middle\" data-id=\"444c815\" data-element_type=\"section\" data-settings=\"{&quot;background_background&quot;:&quot;classic&quot;}\">\n\t\t\t\t\t\t\t<div class=\"elementor-background-overlay\"><\/div>\n\t\t\t\t\t\t\t<div class=\"elementor-container elementor-column-gap-no\">\n\t\t\t\t\t<div class=\"elementor-column elementor-col-100 elementor-top-column elementor-element elementor-element-cf1df3e\" data-id=\"cf1df3e\" data-element_type=\"column\">\n\t\t\t<div class=\"elementor-widget-wrap elementor-element-populated\">\n\t\t\t\t\t\t\t\t<div class=\"elementor-element elementor-element-d54ae2b elementor-headline--style-rotate elementor-widget elementor-widget-animated-headline\" data-id=\"d54ae2b\" data-element_type=\"widget\" data-settings=\"{&quot;headline_style&quot;:&quot;rotate&quot;,&quot;animation_type&quot;:&quot;slide&quot;,&quot;rotating_text&quot;:&quot;Procaps&quot;,&quot;loop&quot;:&quot;yes&quot;,&quot;rotate_iteration_delay&quot;:2500}\" data-widget_type=\"animated-headline.default\">\n\t\t\t\t<div class=\"elementor-widget-container\">\n\t\t\t<link rel=\"stylesheet\" href=\"https:\/\/visionestrategica.elcolombiano.com\/wp-content\/plugins\/elementor-pro\/assets\/css\/widget-animated-headline.min.css\">\t\t<h2 class=\"elementor-headline elementor-headline-animation-type-slide\">\n\t\t\t\t<span class=\"elementor-headline-dynamic-wrapper elementor-headline-text-wrapper\">\n\t\t\t\t\t<span class=\"elementor-headline-dynamic-text elementor-headline-text-active\">\n\t\t\t\tProcaps\t\t\t<\/span>\n\t\t\t\t\t\t<\/span>\n\t\t\t\t<\/h2>\n\t\t\t\t<\/div>\n\t\t\t\t<\/div>\n\t\t\t\t\t<\/div>\n\t\t<\/div>\n\t\t\t\t\t\t\t<\/div>\n\t\t<\/section>\n\t\t\t\t<section class=\"elementor-section elementor-top-section elementor-element elementor-element-ed92bda elementor-section-boxed elementor-section-height-default elementor-section-height-default\" data-id=\"ed92bda\" data-element_type=\"section\" data-settings=\"{&quot;background_background&quot;:&quot;classic&quot;}\">\n\t\t\t\t\t\t<div class=\"elementor-container elementor-column-gap-default\">\n\t\t\t\t\t<div class=\"elementor-column elementor-col-100 elementor-top-column elementor-element elementor-element-25e3d8a\" data-id=\"25e3d8a\" data-element_type=\"column\">\n\t\t\t<div class=\"elementor-widget-wrap elementor-element-populated\">\n\t\t\t\t\t\t\t\t<div class=\"elementor-element elementor-element-965d765 elementor-widget elementor-widget-heading\" data-id=\"965d765\" data-element_type=\"widget\" data-widget_type=\"heading.default\">\n\t\t\t\t<div class=\"elementor-widget-container\">\n\t\t\t<style>\/*! elementor - v3.16.0 - 20-09-2023 *\/\n.elementor-heading-title{padding:0;margin:0;line-height:1}.elementor-widget-heading .elementor-heading-title[class*=elementor-size-]>a{color:inherit;font-size:inherit;line-height:inherit}.elementor-widget-heading .elementor-heading-title.elementor-size-small{font-size:15px}.elementor-widget-heading .elementor-heading-title.elementor-size-medium{font-size:19px}.elementor-widget-heading .elementor-heading-title.elementor-size-large{font-size:29px}.elementor-widget-heading .elementor-heading-title.elementor-size-xl{font-size:39px}.elementor-widget-heading .elementor-heading-title.elementor-size-xxl{font-size:59px}<\/style><h2 class=\"elementor-heading-title elementor-size-default\">Con patentes, impulsan\nel mundo farmac\u00e9utico<\/h2>\t\t<\/div>\n\t\t\t\t<\/div>\n\t\t\t\t<div class=\"elementor-element elementor-element-c69c843 elementor-widget elementor-widget-text-editor\" data-id=\"c69c843\" data-element_type=\"widget\" data-widget_type=\"text-editor.default\">\n\t\t\t\t<div class=\"elementor-widget-container\">\n\t\t\t<style>\/*! elementor - v3.16.0 - 20-09-2023 *\/\n.elementor-widget-text-editor.elementor-drop-cap-view-stacked .elementor-drop-cap{background-color:#69727d;color:#fff}.elementor-widget-text-editor.elementor-drop-cap-view-framed .elementor-drop-cap{color:#69727d;border:3px solid;background-color:transparent}.elementor-widget-text-editor:not(.elementor-drop-cap-view-default) .elementor-drop-cap{margin-top:8px}.elementor-widget-text-editor:not(.elementor-drop-cap-view-default) .elementor-drop-cap-letter{width:1em;height:1em}.elementor-widget-text-editor .elementor-drop-cap{float:left;text-align:center;line-height:1;font-size:50px}.elementor-widget-text-editor .elementor-drop-cap-letter{display:inline-block}<\/style>\t\t\t\t<p><b><span data-contrast=\"none\">Esta es la empresa m\u00e1s innovadora del pa\u00eds, seg\u00fan el ranquin de innovaci\u00f3n empresarial de la Asociaci\u00f3n Nacional de Empresarios de Colombia (Andi).<\/span><\/b><\/p><p><span data-contrast=\"none\">\u201cLa farmac\u00e9utica barranquillera Procaps respira y se desenvuelve en el marco de la innovaci\u00f3n. Parte de ese ADN innovador lo demuestra jornada a jornada, pues hoy por hoy es la \u00fanica empresa colombiana que hace parte del \u00edndice Nasdaq en Wall Street.<\/span><\/p><p><span data-contrast=\"none\">Su llegada a la meca del mundo burs\u00e1til se dio en medio de la pandemia de covid-19, que represent\u00f3 para la empresa la oportunidad de desarrollar productos de primera necesidad, tales como c\u00e1psulas blandas de gelatina o inyectables, enfocando esfuerzos en el sector salud cuando m\u00e1s se requer\u00edan.<\/span><\/p><p><span data-contrast=\"none\">As\u00ed, Procaps lanz\u00f3 cerca de 150 nuevas referencias y productos, como Blefadex, Neviot o Renestex, este \u00faltimo con su tecnolog\u00eda patentada Unigel, que permite incluir otras formas farmac\u00e9uticas dentro de una c\u00e1psula blanda.<\/span><\/p><p><span data-contrast=\"none\">Esta es una muestra del portafolio de patentes con el que Procaps cuenta en distintos territorios (34 concedidas y 50 en proceso de aprobaci\u00f3n).<br \/>El trabajo innovador de esta firma se debe tambi\u00e9n a que \u201cse invierten, sistem\u00e1ticamente, cerca del 4% de las ventas en proyectos de investigaci\u00f3n, desarrollo e innovaci\u00f3n\u201d, explica su presidente Camilo Camacho.<\/span><\/p><p><span data-contrast=\"none\">As\u00ed mismo, se prev\u00e9 que la participaci\u00f3n de nuevos productos en las ventas anuales llegue al 25% de sus ingresos.<\/span><\/p><p><span data-contrast=\"none\">Para ello, Procaps cuenta con las capacidades de 5.000 colaboradores, iniciativa que tambi\u00e9n permite darle solidez a un portafolio con cerca de 500 formulaciones y el desarrollo de m\u00e1s de 50 productos por a\u00f1o.<\/span><\/p><p><span data-contrast=\"none\">De cara al futuro, la empresa si bien impulsa un fuerte estandarte innovador, tras 45 a\u00f1os de experiencia, sabe que existen retos que tener en cuenta en el corto y el mediano plazo; por ejemplo, el escalonamiento organizado, que se traduce en fundamentarse en las capacidades, niveles de inversi\u00f3n y huella geogr\u00e1fica y enriquecer los criterios de selecci\u00f3n para escoger las mejores iniciativas.<\/span><\/p><p><span data-contrast=\"none\">Un segundo objetivo se centra en maximizar sinergias, aprovechando la diversidad del talento que habita en Procaps y aliados para lograr ampliar el acceso a la salud de m\u00e1s personas y profundizar la innovaci\u00f3n abierta.<\/span><\/p><p><span data-contrast=\"none\">Finalmente, \u201ces clave apropiar \u00e1gilmente la tecnolog\u00eda. En nuestra industria emergen r\u00e1pidamente nuevas tecnolog\u00edas farmac\u00e9uticas, estas son la fuente de diferenciaci\u00f3n para nuestros pr\u00f3ximos productos, ya sean propias, desarrolladas por nuestro equipo de I+D+i, o tecnolog\u00edas transferidas por aliados internacionales\u201d, concluye Camacho.\u00a0<\/span><\/p>\t\t\t\t\t\t<\/div>\n\t\t\t\t<\/div>\n\t\t\t\t\t<\/div>\n\t\t<\/div>\n\t\t\t\t\t\t\t<\/div>\n\t\t<\/section>\n\t\t\t\t<section class=\"elementor-section elementor-top-section elementor-element elementor-element-e9c7334 elementor-section-boxed elementor-section-height-default elementor-section-height-default\" data-id=\"e9c7334\" data-element_type=\"section\" data-settings=\"{&quot;background_background&quot;:&quot;classic&quot;}\">\n\t\t\t\t\t\t<div class=\"elementor-container elementor-column-gap-default\">\n\t\t\t\t\t<div class=\"elementor-column elementor-col-50 elementor-top-column elementor-element elementor-element-32e86f1\" data-id=\"32e86f1\" data-element_type=\"column\">\n\t\t\t<div class=\"elementor-widget-wrap elementor-element-populated\">\n\t\t\t\t\t\t\t\t<div class=\"elementor-element elementor-element-f7fdf16 elementor-widget elementor-widget-image\" data-id=\"f7fdf16\" data-element_type=\"widget\" data-widget_type=\"image.default\">\n\t\t\t\t<div class=\"elementor-widget-container\">\n\t\t\t<style>\/*! elementor - v3.16.0 - 20-09-2023 *\/\n.elementor-widget-image{text-align:center}.elementor-widget-image a{display:inline-block}.elementor-widget-image a img[src$=\".svg\"]{width:48px}.elementor-widget-image img{vertical-align:middle;display:inline-block}<\/style>\t\t\t\t\t\t\t\t\t<figure class=\"wp-caption\">\n\t\t\t\t\t\t\t\t\t\t<img decoding=\"async\" loading=\"lazy\" width=\"683\" height=\"1024\" src=\"https:\/\/visionestrategica.elcolombiano.com\/wp-content\/uploads\/2022\/09\/Imagen-Procaps-3-BN-2-3-683x1024.png\" class=\"attachment-large size-large wp-image-2313\" alt=\"\" srcset=\"https:\/\/visionestrategica.elcolombiano.com\/wp-content\/uploads\/2022\/09\/Imagen-Procaps-3-BN-2-3-683x1024.png 683w, https:\/\/visionestrategica.elcolombiano.com\/wp-content\/uploads\/2022\/09\/Imagen-Procaps-3-BN-2-3-200x300.png 200w, https:\/\/visionestrategica.elcolombiano.com\/wp-content\/uploads\/2022\/09\/Imagen-Procaps-3-BN-2-3-768x1151.png 768w, https:\/\/visionestrategica.elcolombiano.com\/wp-content\/uploads\/2022\/09\/Imagen-Procaps-3-BN-2-3.png 1000w\" sizes=\"(max-width: 683px) 100vw, 683px\" \/>\t\t\t\t\t\t\t\t\t\t\t<figcaption class=\"widget-image-caption wp-caption-text\">Camilo Camacho, presidente de Procaps.<\/figcaption>\n\t\t\t\t\t\t\t\t\t\t<\/figure>\n\t\t\t\t\t\t\t\t\t<\/div>\n\t\t\t\t<\/div>\n\t\t\t\t\t<\/div>\n\t\t<\/div>\n\t\t\t\t<div class=\"elementor-column elementor-col-50 elementor-top-column elementor-element elementor-element-a754eef\" data-id=\"a754eef\" data-element_type=\"column\">\n\t\t\t<div class=\"elementor-widget-wrap elementor-element-populated\">\n\t\t\t\t\t\t\t\t<div class=\"elementor-element elementor-element-4b202a1 elementor-widget elementor-widget-heading\" data-id=\"4b202a1\" data-element_type=\"widget\" data-widget_type=\"heading.default\">\n\t\t\t\t<div class=\"elementor-widget-container\">\n\t\t\t<h2 class=\"elementor-heading-title elementor-size-default\">Columna de opini\u00f3n<\/h2>\t\t<\/div>\n\t\t\t\t<\/div>\n\t\t\t\t<div class=\"elementor-element elementor-element-1154705 elementor-widget elementor-widget-text-editor\" data-id=\"1154705\" data-element_type=\"widget\" data-widget_type=\"text-editor.default\">\n\t\t\t\t<div class=\"elementor-widget-container\">\n\t\t\t\t\t\t\t<p><span data-contrast=\"none\">\u00abEl trabajo de 45 a\u00f1os de investigaci\u00f3n y desarrollo para la generaci\u00f3n de soluciones farmac\u00e9uticas diferenciadas en el sector salud, el compromiso y trabajo en equipo de los casi 5.000 colaboradores que trabajamos apalancados en un proceso de innovaci\u00f3n estructurado ha permitido consolidar un portafolio de productos con m\u00e1s de 500 formulaciones y el desarrollo de m\u00e1s de 50 productos por a\u00f1o con investigaci\u00f3n y desarrollo interno. <br \/>Somos reconocidos como una empresa altamente innovadora que promueve v\u00ednculos en nuestro ecosistema de negocio, lo que nos motiva a seguir expandi\u00e9ndonos sosteniblemente a trav\u00e9s de la vivencia de nuestros valores y cultura corporativa, la cual se nutre de la creatividad, proactividad e ingenio de nuestros colaboradores y que nos permite anticiparnos a las expectativas de los diferentes grupos de inter\u00e9s, enfrentando los desaf\u00edos con alta calidad, tecnolog\u00eda y generaci\u00f3n de valor.<br \/>Somos conscientes de que las capacidades y el conocimiento que tenemos requieren de acciones y la generaci\u00f3n de m\u00e1s alianzas para abordar los desaf\u00edos en salud que afronta la sociedad. Por esto, seguiremos comprometidos con cumplir nuestro prop\u00f3sito y maximizar el valor que generamos a trav\u00e9s: <br \/>-Escucha activa y emp\u00e1tica con los pacientes para innovar sobre sus expectativas. <br \/>-Plataformas y canales de di\u00e1logo con nuestros grupos de inter\u00e9s para profundizar sobre nuestras acciones en aspectos sociales y ambientales.<br \/>-Un mayor trabajo colaborativo entre colaboradores, clientes, centros de investigaci\u00f3n y otros aliados de nuestro ecosistema, para ampliar el acceso a la salud de m\u00e1s personas\u00bb.<\/span><\/p>\t\t\t\t\t\t<\/div>\n\t\t\t\t<\/div>\n\t\t\t\t\t<\/div>\n\t\t<\/div>\n\t\t\t\t\t\t\t<\/div>\n\t\t<\/section>\n\t\t\t\t\t\t\t<\/div>\n\t\t","protected":false},"excerpt":{"rendered":"<p>Procaps Con patentes, impulsan el mundo farmac\u00e9utico Esta es la empresa m\u00e1s innovadora del pa\u00eds, seg\u00fan el ranquin de innovaci\u00f3n empresarial de la Asociaci\u00f3n Nacional de Empresarios de Colombia (Andi). \u201cLa farmac\u00e9utica barranquillera Procaps respira y se desenvuelve en el marco de la innovaci\u00f3n. Parte de ese ADN innovador lo demuestra jornada a jornada, pues [&hellip;]<\/p>\n","protected":false},"author":6,"featured_media":0,"parent":0,"menu_order":0,"comment_status":"closed","ping_status":"closed","template":"elementor_header_footer","meta":{"footnotes":""},"yoast_head":"<!-- This site is optimized with the Yoast SEO plugin v21.2 - https:\/\/yoast.com\/wordpress\/plugins\/seo\/ -->\n<title>Procaps - Visi\u00f3n Estrat\u00e9gica l El Colombiano<\/title>\n<meta name=\"robots\" content=\"index, follow, max-snippet:-1, max-image-preview:large, max-video-preview:-1\" \/>\n<link rel=\"canonical\" href=\"https:\/\/visionestrategica.elcolombiano.com\/index.php\/procaps\/\" \/>\n<meta property=\"og:locale\" content=\"es_ES\" \/>\n<meta property=\"og:type\" content=\"article\" \/>\n<meta property=\"og:title\" content=\"Procaps - Visi\u00f3n Estrat\u00e9gica l El Colombiano\" \/>\n<meta property=\"og:description\" content=\"Procaps Con patentes, impulsan el mundo farmac\u00e9utico Esta es la empresa m\u00e1s innovadora del pa\u00eds, seg\u00fan el ranquin de innovaci\u00f3n empresarial de la Asociaci\u00f3n Nacional de Empresarios de Colombia (Andi). \u201cLa farmac\u00e9utica barranquillera Procaps respira y se desenvuelve en el marco de la innovaci\u00f3n. Parte de ese ADN innovador lo demuestra jornada a jornada, pues [&hellip;]\" \/>\n<meta property=\"og:url\" content=\"https:\/\/visionestrategica.elcolombiano.com\/index.php\/procaps\/\" \/>\n<meta property=\"og:site_name\" content=\"Visi\u00f3n Estrat\u00e9gica l El Colombiano\" \/>\n<meta property=\"article:modified_time\" content=\"2022-09-01T20:13:12+00:00\" \/>\n<meta property=\"og:image\" content=\"https:\/\/visionestrategica.elcolombiano.com\/wp-content\/uploads\/2022\/09\/Imagen-Procaps-3-BN-2-3-683x1024.png\" \/>\n<meta name=\"twitter:card\" content=\"summary_large_image\" \/>\n<meta name=\"twitter:label1\" content=\"Tiempo de lectura\" \/>\n\t<meta name=\"twitter:data1\" content=\"4 minutos\" \/>\n<script type=\"application\/ld+json\" class=\"yoast-schema-graph\">{\"@context\":\"https:\/\/schema.org\",\"@graph\":[{\"@type\":\"WebPage\",\"@id\":\"https:\/\/visionestrategica.elcolombiano.com\/index.php\/procaps\/\",\"url\":\"https:\/\/visionestrategica.elcolombiano.com\/index.php\/procaps\/\",\"name\":\"Procaps - Visi\u00f3n Estrat\u00e9gica l El Colombiano\",\"isPartOf\":{\"@id\":\"https:\/\/visionestrategica.elcolombiano.com\/#website\"},\"datePublished\":\"2022-09-01T19:20:37+00:00\",\"dateModified\":\"2022-09-01T20:13:12+00:00\",\"breadcrumb\":{\"@id\":\"https:\/\/visionestrategica.elcolombiano.com\/index.php\/procaps\/#breadcrumb\"},\"inLanguage\":\"es\",\"potentialAction\":[{\"@type\":\"ReadAction\",\"target\":[\"https:\/\/visionestrategica.elcolombiano.com\/index.php\/procaps\/\"]}]},{\"@type\":\"BreadcrumbList\",\"@id\":\"https:\/\/visionestrategica.elcolombiano.com\/index.php\/procaps\/#breadcrumb\",\"itemListElement\":[{\"@type\":\"ListItem\",\"position\":1,\"name\":\"Home\",\"item\":\"https:\/\/visionestrategica.elcolombiano.com\/\"},{\"@type\":\"ListItem\",\"position\":2,\"name\":\"Procaps\"}]},{\"@type\":\"WebSite\",\"@id\":\"https:\/\/visionestrategica.elcolombiano.com\/#website\",\"url\":\"https:\/\/visionestrategica.elcolombiano.com\/\",\"name\":\"Visi\u00f3n Estrat\u00e9gica l El Colombiano\",\"description\":\"Visi\u00f3n Estrat\u00e9gica l El Colombiano\",\"publisher\":{\"@id\":\"https:\/\/visionestrategica.elcolombiano.com\/#organization\"},\"potentialAction\":[{\"@type\":\"SearchAction\",\"target\":{\"@type\":\"EntryPoint\",\"urlTemplate\":\"https:\/\/visionestrategica.elcolombiano.com\/?s={search_term_string}\"},\"query-input\":\"required name=search_term_string\"}],\"inLanguage\":\"es\"},{\"@type\":\"Organization\",\"@id\":\"https:\/\/visionestrategica.elcolombiano.com\/#organization\",\"name\":\"Visi\u00f3n Estrat\u00e9gica l El Colombiano\",\"url\":\"https:\/\/visionestrategica.elcolombiano.com\/\",\"logo\":{\"@type\":\"ImageObject\",\"inLanguage\":\"es\",\"@id\":\"https:\/\/visionestrategica.elcolombiano.com\/#\/schema\/logo\/image\/\",\"url\":\"https:\/\/visionestrategica.elcolombiano.com\/wp-content\/uploads\/2022\/07\/cropped-Recurso-1-1.png\",\"contentUrl\":\"https:\/\/visionestrategica.elcolombiano.com\/wp-content\/uploads\/2022\/07\/cropped-Recurso-1-1.png\",\"width\":288,\"height\":107,\"caption\":\"Visi\u00f3n Estrat\u00e9gica l El Colombiano\"},\"image\":{\"@id\":\"https:\/\/visionestrategica.elcolombiano.com\/#\/schema\/logo\/image\/\"}}]}<\/script>\n<!-- \/ Yoast SEO plugin. -->","yoast_head_json":{"title":"Procaps - Visi\u00f3n Estrat\u00e9gica l El Colombiano","robots":{"index":"index","follow":"follow","max-snippet":"max-snippet:-1","max-image-preview":"max-image-preview:large","max-video-preview":"max-video-preview:-1"},"canonical":"https:\/\/visionestrategica.elcolombiano.com\/index.php\/procaps\/","og_locale":"es_ES","og_type":"article","og_title":"Procaps - Visi\u00f3n Estrat\u00e9gica l El Colombiano","og_description":"Procaps Con patentes, impulsan el mundo farmac\u00e9utico Esta es la empresa m\u00e1s innovadora del pa\u00eds, seg\u00fan el ranquin de innovaci\u00f3n empresarial de la Asociaci\u00f3n Nacional de Empresarios de Colombia (Andi). \u201cLa farmac\u00e9utica barranquillera Procaps respira y se desenvuelve en el marco de la innovaci\u00f3n. Parte de ese ADN innovador lo demuestra jornada a jornada, pues [&hellip;]","og_url":"https:\/\/visionestrategica.elcolombiano.com\/index.php\/procaps\/","og_site_name":"Visi\u00f3n Estrat\u00e9gica l El Colombiano","article_modified_time":"2022-09-01T20:13:12+00:00","og_image":[{"url":"https:\/\/visionestrategica.elcolombiano.com\/wp-content\/uploads\/2022\/09\/Imagen-Procaps-3-BN-2-3-683x1024.png"}],"twitter_card":"summary_large_image","twitter_misc":{"Tiempo de lectura":"4 minutos"},"schema":{"@context":"https:\/\/schema.org","@graph":[{"@type":"WebPage","@id":"https:\/\/visionestrategica.elcolombiano.com\/index.php\/procaps\/","url":"https:\/\/visionestrategica.elcolombiano.com\/index.php\/procaps\/","name":"Procaps - Visi\u00f3n Estrat\u00e9gica l El Colombiano","isPartOf":{"@id":"https:\/\/visionestrategica.elcolombiano.com\/#website"},"datePublished":"2022-09-01T19:20:37+00:00","dateModified":"2022-09-01T20:13:12+00:00","breadcrumb":{"@id":"https:\/\/visionestrategica.elcolombiano.com\/index.php\/procaps\/#breadcrumb"},"inLanguage":"es","potentialAction":[{"@type":"ReadAction","target":["https:\/\/visionestrategica.elcolombiano.com\/index.php\/procaps\/"]}]},{"@type":"BreadcrumbList","@id":"https:\/\/visionestrategica.elcolombiano.com\/index.php\/procaps\/#breadcrumb","itemListElement":[{"@type":"ListItem","position":1,"name":"Home","item":"https:\/\/visionestrategica.elcolombiano.com\/"},{"@type":"ListItem","position":2,"name":"Procaps"}]},{"@type":"WebSite","@id":"https:\/\/visionestrategica.elcolombiano.com\/#website","url":"https:\/\/visionestrategica.elcolombiano.com\/","name":"Visi\u00f3n Estrat\u00e9gica l El Colombiano","description":"Visi\u00f3n Estrat\u00e9gica l El Colombiano","publisher":{"@id":"https:\/\/visionestrategica.elcolombiano.com\/#organization"},"potentialAction":[{"@type":"SearchAction","target":{"@type":"EntryPoint","urlTemplate":"https:\/\/visionestrategica.elcolombiano.com\/?s={search_term_string}"},"query-input":"required name=search_term_string"}],"inLanguage":"es"},{"@type":"Organization","@id":"https:\/\/visionestrategica.elcolombiano.com\/#organization","name":"Visi\u00f3n Estrat\u00e9gica l El Colombiano","url":"https:\/\/visionestrategica.elcolombiano.com\/","logo":{"@type":"ImageObject","inLanguage":"es","@id":"https:\/\/visionestrategica.elcolombiano.com\/#\/schema\/logo\/image\/","url":"https:\/\/visionestrategica.elcolombiano.com\/wp-content\/uploads\/2022\/07\/cropped-Recurso-1-1.png","contentUrl":"https:\/\/visionestrategica.elcolombiano.com\/wp-content\/uploads\/2022\/07\/cropped-Recurso-1-1.png","width":288,"height":107,"caption":"Visi\u00f3n Estrat\u00e9gica l El Colombiano"},"image":{"@id":"https:\/\/visionestrategica.elcolombiano.com\/#\/schema\/logo\/image\/"}}]}},"_links":{"self":[{"href":"https:\/\/visionestrategica.elcolombiano.com\/index.php\/wp-json\/wp\/v2\/pages\/2301"}],"collection":[{"href":"https:\/\/visionestrategica.elcolombiano.com\/index.php\/wp-json\/wp\/v2\/pages"}],"about":[{"href":"https:\/\/visionestrategica.elcolombiano.com\/index.php\/wp-json\/wp\/v2\/types\/page"}],"author":[{"embeddable":true,"href":"https:\/\/visionestrategica.elcolombiano.com\/index.php\/wp-json\/wp\/v2\/users\/6"}],"replies":[{"embeddable":true,"href":"https:\/\/visionestrategica.elcolombiano.com\/index.php\/wp-json\/wp\/v2\/comments?post=2301"}],"version-history":[{"count":8,"href":"https:\/\/visionestrategica.elcolombiano.com\/index.php\/wp-json\/wp\/v2\/pages\/2301\/revisions"}],"predecessor-version":[{"id":2380,"href":"https:\/\/visionestrategica.elcolombiano.com\/index.php\/wp-json\/wp\/v2\/pages\/2301\/revisions\/2380"}],"wp:attachment":[{"href":"https:\/\/visionestrategica.elcolombiano.com\/index.php\/wp-json\/wp\/v2\/media?parent=2301"}],"curies":[{"name":"wp","href":"https:\/\/api.w.org\/{rel}","templated":true}]}}