{"id":2285,"date":"2022-09-01T16:29:21","date_gmt":"2022-09-01T16:29:21","guid":{"rendered":"https:\/\/visionestrategica.elcolombiano.com\/?page_id=2285"},"modified":"2022-09-01T21:12:28","modified_gmt":"2022-09-01T21:12:28","slug":"enel","status":"publish","type":"page","link":"https:\/\/visionestrategica.elcolombiano.com\/index.php\/enel\/","title":{"rendered":"Enel"},"content":{"rendered":"\t\t<div data-elementor-type=\"wp-page\" data-elementor-id=\"2285\" class=\"elementor elementor-2285\">\n\t\t\t\t\t\t\t\t\t<section class=\"elementor-section elementor-top-section elementor-element elementor-element-444c815 elementor-section-height-min-height elementor-section-content-middle elementor-section-boxed elementor-section-height-default elementor-section-items-middle\" data-id=\"444c815\" data-element_type=\"section\" data-settings=\"{&quot;background_background&quot;:&quot;classic&quot;}\">\n\t\t\t\t\t\t\t<div class=\"elementor-background-overlay\"><\/div>\n\t\t\t\t\t\t\t<div class=\"elementor-container elementor-column-gap-no\">\n\t\t\t\t\t<div class=\"elementor-column elementor-col-100 elementor-top-column elementor-element elementor-element-cf1df3e\" data-id=\"cf1df3e\" data-element_type=\"column\">\n\t\t\t<div class=\"elementor-widget-wrap elementor-element-populated\">\n\t\t\t\t\t\t\t\t<div class=\"elementor-element elementor-element-d54ae2b elementor-headline--style-rotate elementor-widget elementor-widget-animated-headline\" data-id=\"d54ae2b\" data-element_type=\"widget\" data-settings=\"{&quot;headline_style&quot;:&quot;rotate&quot;,&quot;animation_type&quot;:&quot;slide&quot;,&quot;rotating_text&quot;:&quot;Enel&quot;,&quot;loop&quot;:&quot;yes&quot;,&quot;rotate_iteration_delay&quot;:2500}\" data-widget_type=\"animated-headline.default\">\n\t\t\t\t<div class=\"elementor-widget-container\">\n\t\t\t<link rel=\"stylesheet\" href=\"https:\/\/visionestrategica.elcolombiano.com\/wp-content\/plugins\/elementor-pro\/assets\/css\/widget-animated-headline.min.css\">\t\t<h2 class=\"elementor-headline elementor-headline-animation-type-slide\">\n\t\t\t\t<span class=\"elementor-headline-dynamic-wrapper elementor-headline-text-wrapper\">\n\t\t\t\t\t<span class=\"elementor-headline-dynamic-text elementor-headline-text-active\">\n\t\t\t\tEnel\t\t\t<\/span>\n\t\t\t\t\t\t<\/span>\n\t\t\t\t<\/h2>\n\t\t\t\t<\/div>\n\t\t\t\t<\/div>\n\t\t\t\t\t<\/div>\n\t\t<\/div>\n\t\t\t\t\t\t\t<\/div>\n\t\t<\/section>\n\t\t\t\t<section class=\"elementor-section elementor-top-section elementor-element elementor-element-ed92bda elementor-section-boxed elementor-section-height-default elementor-section-height-default\" data-id=\"ed92bda\" data-element_type=\"section\" data-settings=\"{&quot;background_background&quot;:&quot;classic&quot;}\">\n\t\t\t\t\t\t<div class=\"elementor-container elementor-column-gap-default\">\n\t\t\t\t\t<div class=\"elementor-column elementor-col-100 elementor-top-column elementor-element elementor-element-25e3d8a\" data-id=\"25e3d8a\" data-element_type=\"column\">\n\t\t\t<div class=\"elementor-widget-wrap elementor-element-populated\">\n\t\t\t\t\t\t\t\t<div class=\"elementor-element elementor-element-965d765 elementor-widget elementor-widget-heading\" data-id=\"965d765\" data-element_type=\"widget\" data-widget_type=\"heading.default\">\n\t\t\t\t<div class=\"elementor-widget-container\">\n\t\t\t<style>\/*! elementor - v3.16.0 - 20-09-2023 *\/\n.elementor-heading-title{padding:0;margin:0;line-height:1}.elementor-widget-heading .elementor-heading-title[class*=elementor-size-]>a{color:inherit;font-size:inherit;line-height:inherit}.elementor-widget-heading .elementor-heading-title.elementor-size-small{font-size:15px}.elementor-widget-heading .elementor-heading-title.elementor-size-medium{font-size:19px}.elementor-widget-heading .elementor-heading-title.elementor-size-large{font-size:29px}.elementor-widget-heading .elementor-heading-title.elementor-size-xl{font-size:39px}.elementor-widget-heading .elementor-heading-title.elementor-size-xxl{font-size:59px}<\/style><h2 class=\"elementor-heading-title elementor-size-default\">La innovaci\u00f3n puede ser abierta\ny colaborativa<\/h2>\t\t<\/div>\n\t\t\t\t<\/div>\n\t\t\t\t<div class=\"elementor-element elementor-element-c69c843 elementor-widget elementor-widget-text-editor\" data-id=\"c69c843\" data-element_type=\"widget\" data-widget_type=\"text-editor.default\">\n\t\t\t\t<div class=\"elementor-widget-container\">\n\t\t\t<style>\/*! elementor - v3.16.0 - 20-09-2023 *\/\n.elementor-widget-text-editor.elementor-drop-cap-view-stacked .elementor-drop-cap{background-color:#69727d;color:#fff}.elementor-widget-text-editor.elementor-drop-cap-view-framed .elementor-drop-cap{color:#69727d;border:3px solid;background-color:transparent}.elementor-widget-text-editor:not(.elementor-drop-cap-view-default) .elementor-drop-cap{margin-top:8px}.elementor-widget-text-editor:not(.elementor-drop-cap-view-default) .elementor-drop-cap-letter{width:1em;height:1em}.elementor-widget-text-editor .elementor-drop-cap{float:left;text-align:center;line-height:1;font-size:50px}.elementor-widget-text-editor .elementor-drop-cap-letter{display:inline-block}<\/style>\t\t\t\t<p><strong>La compa\u00f1\u00eda impulsa la integraci\u00f3n de un modelo que abarca innovaci\u00f3n y sostenibilidad, en favor del desarrollo de soluciones y la potenciaci\u00f3n de un ecosistema creativo.<\/strong><\/p>\n<p>no de los componentes clave del ADN de Enel Colombia es la innovaci\u00f3n, resultado de la implementaci\u00f3n de mejores procesos, mecanismos y servicios en pro de la sostenibilidad de la compa\u00f1\u00eda y la transici\u00f3n energ\u00e9tica.&nbsp;Su modelo Open Innovability, por ejemplo, integra estos dos elementos para desarrollar iniciativas que responden a los desaf\u00edos de la empresa.<br>As\u00ed, el modelo se ha consolidado como la plataforma de <i>crowdsourcing<\/i> (colaboraci\u00f3n colectiva) creada por Enel para reunir soluciones innovativas y sostenibles basadas en los mismos principios.<\/p>\n<p>\u201cUno de los resultados m\u00e1s relevantes bajo este modelo es la protecci\u00f3n de la propiedad intelectual; a la fecha, contamos con catorce patentes vigentes de invenci\u00f3n y modelos de utilidad. De estas, once nos las otorgaron en Colombia y las tres restantes en M\u00e9xico, Chile y Per\u00fa\u201d, precisa Lucio Rubio D\u00edaz, director general de Enel Colombia y Centroam\u00e9rica.<br>Este modelo tambi\u00e9n busca incluir a actores del sistema de innovaci\u00f3n del pa\u00eds, ya que la diversidad de conocimientos y pensamientos permite eliminar paradigmas y fomentar la creatividad.<\/p>\n<p>No obstante, esta ha sido una tarea que se remonta bastantes a\u00f1os en la historia de Enel Colombia. Rubio D\u00edaz destaca que en 2011 la empresa inaugur\u00f3 la Unidad de Innovaci\u00f3n y en 2017, la Academia de la Innovaci\u00f3n, en la que se abarcan tem\u00e1ticas como <i>design thinking <\/i>(dise\u00f1o de pensamiento), lean startup (metodolog\u00eda para desarrollar negocios y productos), inteligencia emocional y <i>creative problem solving<\/i> (resoluci\u00f3n creativa de problemas), en los que participan 300 colaboradores de Colombia y Centroam\u00e9rica por a\u00f1o.<br>De cara al futuro, bajo su modelo, el foco es el desarrollo de proyectos innovadores que aporten a la consecuci\u00f3n de los objetivos de desarrollo sostenible, ayudando a cumplir las metas establecidas en la Agenda 2030 de las Naciones Unidas.<\/p>\n<p>\u201cDesde Enel Colombia continuaremos implementando un modelo colaborativo que involucre la participaci\u00f3n del ecosistema innovador, compuesto por <i>startups<\/i>, emprendedores, universidades, centros de investigaci\u00f3n, proveedores y clientes. Esto nos permitir\u00e1 seguir apalancando la digitalizaci\u00f3n en nuestros procesos (ODS 9), contribuir a la construcci\u00f3n de ciudades sostenibles (ODS 11), proveer energ\u00eda asequible y no contaminante (ODS 7) y alcanzar la descarbonizaci\u00f3n de nuestras operaciones a 2040 (ODS 13)\u201d, concluye Rubio D\u00edaz.<\/p>\t\t\t\t\t\t<\/div>\n\t\t\t\t<\/div>\n\t\t\t\t\t<\/div>\n\t\t<\/div>\n\t\t\t\t\t\t\t<\/div>\n\t\t<\/section>\n\t\t\t\t<section class=\"elementor-section elementor-top-section elementor-element elementor-element-e9c7334 elementor-section-boxed elementor-section-height-default elementor-section-height-default\" data-id=\"e9c7334\" data-element_type=\"section\" data-settings=\"{&quot;background_background&quot;:&quot;classic&quot;}\">\n\t\t\t\t\t\t<div class=\"elementor-container elementor-column-gap-default\">\n\t\t\t\t\t<div class=\"elementor-column elementor-col-50 elementor-top-column elementor-element elementor-element-32e86f1\" data-id=\"32e86f1\" data-element_type=\"column\">\n\t\t\t<div class=\"elementor-widget-wrap elementor-element-populated\">\n\t\t\t\t\t\t\t\t<div class=\"elementor-element elementor-element-f7fdf16 elementor-widget elementor-widget-image\" data-id=\"f7fdf16\" data-element_type=\"widget\" data-widget_type=\"image.default\">\n\t\t\t\t<div class=\"elementor-widget-container\">\n\t\t\t<style>\/*! elementor - v3.16.0 - 20-09-2023 *\/\n.elementor-widget-image{text-align:center}.elementor-widget-image a{display:inline-block}.elementor-widget-image a img[src$=\".svg\"]{width:48px}.elementor-widget-image img{vertical-align:middle;display:inline-block}<\/style>\t\t\t\t\t\t\t\t\t<figure class=\"wp-caption\">\n\t\t\t\t\t\t\t\t\t\t<img decoding=\"async\" loading=\"lazy\" width=\"800\" height=\"533\" src=\"https:\/\/visionestrategica.elcolombiano.com\/wp-content\/uploads\/2022\/09\/LUCIO-RUBIO-1024x682.jpg\" class=\"attachment-large size-large wp-image-2287\" alt=\"\" srcset=\"https:\/\/visionestrategica.elcolombiano.com\/wp-content\/uploads\/2022\/09\/LUCIO-RUBIO-1024x682.jpg 1024w, https:\/\/visionestrategica.elcolombiano.com\/wp-content\/uploads\/2022\/09\/LUCIO-RUBIO-300x200.jpg 300w, https:\/\/visionestrategica.elcolombiano.com\/wp-content\/uploads\/2022\/09\/LUCIO-RUBIO-768x512.jpg 768w, https:\/\/visionestrategica.elcolombiano.com\/wp-content\/uploads\/2022\/09\/LUCIO-RUBIO-1536x1024.jpg 1536w, https:\/\/visionestrategica.elcolombiano.com\/wp-content\/uploads\/2022\/09\/LUCIO-RUBIO.jpg 1772w\" sizes=\"(max-width: 800px) 100vw, 800px\" \/>\t\t\t\t\t\t\t\t\t\t\t<figcaption class=\"widget-image-caption wp-caption-text\">Lucio Rubio, director General de Enel Colombia y Centroam\u00e9rica.<\/figcaption>\n\t\t\t\t\t\t\t\t\t\t<\/figure>\n\t\t\t\t\t\t\t\t\t<\/div>\n\t\t\t\t<\/div>\n\t\t\t\t\t<\/div>\n\t\t<\/div>\n\t\t\t\t<div class=\"elementor-column elementor-col-50 elementor-top-column elementor-element elementor-element-a754eef\" data-id=\"a754eef\" data-element_type=\"column\">\n\t\t\t<div class=\"elementor-widget-wrap elementor-element-populated\">\n\t\t\t\t\t\t\t\t<div class=\"elementor-element elementor-element-4b202a1 elementor-widget elementor-widget-heading\" data-id=\"4b202a1\" data-element_type=\"widget\" data-widget_type=\"heading.default\">\n\t\t\t\t<div class=\"elementor-widget-container\">\n\t\t\t<h2 class=\"elementor-heading-title elementor-size-default\">Columna de opini\u00f3n<\/h2>\t\t<\/div>\n\t\t\t\t<\/div>\n\t\t\t\t<div class=\"elementor-element elementor-element-1154705 elementor-widget elementor-widget-text-editor\" data-id=\"1154705\" data-element_type=\"widget\" data-widget_type=\"text-editor.default\">\n\t\t\t\t<div class=\"elementor-widget-container\">\n\t\t\t\t\t\t\t<p><span data-contrast=\"none\">\u00abLa emergencia sanitaria ocasionada por el coronavirus propici\u00f3 cambios significativos en el tejido industrial, institucional y social del pa\u00eds. En el sector empresarial, la incertidumbre y cambios constantes hicieron que mantener las operaciones y brindar un adecuado servicio para los clientes fuera retador. Tambi\u00e9n dej\u00f3 aprendizajes y logros hist\u00f3ricos para aquellos que impulsaron su capital en innovaci\u00f3n y que encontraron soluciones eficientes y sostenibles para sortear desaf\u00edos.<\/span><\/p><p><span data-contrast=\"none\">Y es que cada d\u00eda es m\u00e1s habitual encontrar el pilar de innovaci\u00f3n; seg\u00fan el \u00cdndice Mundial de Innovaci\u00f3n en 2021, las inversiones de gobiernos y empresas ha aumentado significativamente, sobre todo en producci\u00f3n cient\u00edfica y el gasto en investigaci\u00f3n y desarrollo (I+D). Dentro del ranking, Colombia ocup\u00f3 el lugar n\u00famero 67 entre 132 econom\u00edas evaluadas, porque a\u00fan produce menos resultados de innovaci\u00f3n comparado con su nivel de inversiones.<\/span><\/p><p><span data-contrast=\"none\">No obstante, la innovaci\u00f3n debe ser un proceso constante para quienes buscan aumentar la optimizaci\u00f3n de los recursos, con el fin de responder a las necesidades del entorno. En Enel Colombia aplicamos el modelo de Open Innovability que re\u00fane soluciones innovadoras con enfoque sostenible, en l\u00ednea con los Objetivos de Desarrollo Sostenible de Naciones Unidas.<\/span><\/p><p><span data-contrast=\"none\">Este modelo transform\u00f3 nuestra cultura empresarial gracias a los esfuerzos por capacitar a los colaboradores, por desarrollar y optimizar nuevas tecnolog\u00edas, e integrar a otros actores del sistema de innovaci\u00f3n para eliminar paradigmas y fomentar la creatividad. Esto mientras impulsamos la transici\u00f3n energ\u00e9tica y aportamos energ\u00eda para la vida; es decir, creamos valor para la sociedad\u00bb.<\/span><\/p>\t\t\t\t\t\t<\/div>\n\t\t\t\t<\/div>\n\t\t\t\t\t<\/div>\n\t\t<\/div>\n\t\t\t\t\t\t\t<\/div>\n\t\t<\/section>\n\t\t\t\t\t\t\t<\/div>\n\t\t","protected":false},"excerpt":{"rendered":"<p>Enel La innovaci\u00f3n puede ser abierta y colaborativa La compa\u00f1\u00eda impulsa la integraci\u00f3n de un modelo que abarca innovaci\u00f3n y sostenibilidad, en favor del desarrollo de soluciones y la potenciaci\u00f3n de un ecosistema creativo. no de los componentes clave del ADN de Enel Colombia es la innovaci\u00f3n, resultado de la implementaci\u00f3n de mejores procesos, mecanismos [&hellip;]<\/p>\n","protected":false},"author":3,"featured_media":0,"parent":0,"menu_order":0,"comment_status":"closed","ping_status":"closed","template":"elementor_header_footer","meta":{"footnotes":""},"yoast_head":"<!-- This site is optimized with the Yoast SEO plugin v21.2 - https:\/\/yoast.com\/wordpress\/plugins\/seo\/ -->\n<title>Enel - Visi\u00f3n Estrat\u00e9gica l El Colombiano<\/title>\n<meta name=\"robots\" content=\"index, follow, max-snippet:-1, max-image-preview:large, max-video-preview:-1\" \/>\n<link rel=\"canonical\" href=\"https:\/\/visionestrategica.elcolombiano.com\/index.php\/enel\/\" \/>\n<meta property=\"og:locale\" content=\"es_ES\" \/>\n<meta property=\"og:type\" content=\"article\" \/>\n<meta property=\"og:title\" content=\"Enel - Visi\u00f3n Estrat\u00e9gica l El Colombiano\" \/>\n<meta property=\"og:description\" content=\"Enel La innovaci\u00f3n puede ser abierta y colaborativa La compa\u00f1\u00eda impulsa la integraci\u00f3n de un modelo que abarca innovaci\u00f3n y sostenibilidad, en favor del desarrollo de soluciones y la potenciaci\u00f3n de un ecosistema creativo. no de los componentes clave del ADN de Enel Colombia es la innovaci\u00f3n, resultado de la implementaci\u00f3n de mejores procesos, mecanismos [&hellip;]\" \/>\n<meta property=\"og:url\" content=\"https:\/\/visionestrategica.elcolombiano.com\/index.php\/enel\/\" \/>\n<meta property=\"og:site_name\" content=\"Visi\u00f3n Estrat\u00e9gica l El Colombiano\" \/>\n<meta property=\"article:modified_time\" content=\"2022-09-01T21:12:28+00:00\" \/>\n<meta property=\"og:image\" content=\"https:\/\/visionestrategica.elcolombiano.com\/wp-content\/uploads\/2022\/09\/LUCIO-RUBIO-1024x682.jpg\" \/>\n<meta name=\"twitter:card\" content=\"summary_large_image\" \/>\n<meta name=\"twitter:label1\" content=\"Tiempo de lectura\" \/>\n\t<meta name=\"twitter:data1\" content=\"4 minutos\" \/>\n<script type=\"application\/ld+json\" class=\"yoast-schema-graph\">{\"@context\":\"https:\/\/schema.org\",\"@graph\":[{\"@type\":\"WebPage\",\"@id\":\"https:\/\/visionestrategica.elcolombiano.com\/index.php\/enel\/\",\"url\":\"https:\/\/visionestrategica.elcolombiano.com\/index.php\/enel\/\",\"name\":\"Enel - Visi\u00f3n Estrat\u00e9gica l El Colombiano\",\"isPartOf\":{\"@id\":\"https:\/\/visionestrategica.elcolombiano.com\/#website\"},\"datePublished\":\"2022-09-01T16:29:21+00:00\",\"dateModified\":\"2022-09-01T21:12:28+00:00\",\"breadcrumb\":{\"@id\":\"https:\/\/visionestrategica.elcolombiano.com\/index.php\/enel\/#breadcrumb\"},\"inLanguage\":\"es\",\"potentialAction\":[{\"@type\":\"ReadAction\",\"target\":[\"https:\/\/visionestrategica.elcolombiano.com\/index.php\/enel\/\"]}]},{\"@type\":\"BreadcrumbList\",\"@id\":\"https:\/\/visionestrategica.elcolombiano.com\/index.php\/enel\/#breadcrumb\",\"itemListElement\":[{\"@type\":\"ListItem\",\"position\":1,\"name\":\"Home\",\"item\":\"https:\/\/visionestrategica.elcolombiano.com\/\"},{\"@type\":\"ListItem\",\"position\":2,\"name\":\"Enel\"}]},{\"@type\":\"WebSite\",\"@id\":\"https:\/\/visionestrategica.elcolombiano.com\/#website\",\"url\":\"https:\/\/visionestrategica.elcolombiano.com\/\",\"name\":\"Visi\u00f3n Estrat\u00e9gica l El Colombiano\",\"description\":\"Visi\u00f3n Estrat\u00e9gica l El Colombiano\",\"publisher\":{\"@id\":\"https:\/\/visionestrategica.elcolombiano.com\/#organization\"},\"potentialAction\":[{\"@type\":\"SearchAction\",\"target\":{\"@type\":\"EntryPoint\",\"urlTemplate\":\"https:\/\/visionestrategica.elcolombiano.com\/?s={search_term_string}\"},\"query-input\":\"required name=search_term_string\"}],\"inLanguage\":\"es\"},{\"@type\":\"Organization\",\"@id\":\"https:\/\/visionestrategica.elcolombiano.com\/#organization\",\"name\":\"Visi\u00f3n Estrat\u00e9gica l El Colombiano\",\"url\":\"https:\/\/visionestrategica.elcolombiano.com\/\",\"logo\":{\"@type\":\"ImageObject\",\"inLanguage\":\"es\",\"@id\":\"https:\/\/visionestrategica.elcolombiano.com\/#\/schema\/logo\/image\/\",\"url\":\"https:\/\/visionestrategica.elcolombiano.com\/wp-content\/uploads\/2022\/07\/cropped-Recurso-1-1.png\",\"contentUrl\":\"https:\/\/visionestrategica.elcolombiano.com\/wp-content\/uploads\/2022\/07\/cropped-Recurso-1-1.png\",\"width\":288,\"height\":107,\"caption\":\"Visi\u00f3n Estrat\u00e9gica l El Colombiano\"},\"image\":{\"@id\":\"https:\/\/visionestrategica.elcolombiano.com\/#\/schema\/logo\/image\/\"}}]}<\/script>\n<!-- \/ Yoast SEO plugin. -->","yoast_head_json":{"title":"Enel - Visi\u00f3n Estrat\u00e9gica l El Colombiano","robots":{"index":"index","follow":"follow","max-snippet":"max-snippet:-1","max-image-preview":"max-image-preview:large","max-video-preview":"max-video-preview:-1"},"canonical":"https:\/\/visionestrategica.elcolombiano.com\/index.php\/enel\/","og_locale":"es_ES","og_type":"article","og_title":"Enel - Visi\u00f3n Estrat\u00e9gica l El Colombiano","og_description":"Enel La innovaci\u00f3n puede ser abierta y colaborativa La compa\u00f1\u00eda impulsa la integraci\u00f3n de un modelo que abarca innovaci\u00f3n y sostenibilidad, en favor del desarrollo de soluciones y la potenciaci\u00f3n de un ecosistema creativo. no de los componentes clave del ADN de Enel Colombia es la innovaci\u00f3n, resultado de la implementaci\u00f3n de mejores procesos, mecanismos [&hellip;]","og_url":"https:\/\/visionestrategica.elcolombiano.com\/index.php\/enel\/","og_site_name":"Visi\u00f3n Estrat\u00e9gica l El Colombiano","article_modified_time":"2022-09-01T21:12:28+00:00","og_image":[{"url":"https:\/\/visionestrategica.elcolombiano.com\/wp-content\/uploads\/2022\/09\/LUCIO-RUBIO-1024x682.jpg"}],"twitter_card":"summary_large_image","twitter_misc":{"Tiempo de lectura":"4 minutos"},"schema":{"@context":"https:\/\/schema.org","@graph":[{"@type":"WebPage","@id":"https:\/\/visionestrategica.elcolombiano.com\/index.php\/enel\/","url":"https:\/\/visionestrategica.elcolombiano.com\/index.php\/enel\/","name":"Enel - Visi\u00f3n Estrat\u00e9gica l El Colombiano","isPartOf":{"@id":"https:\/\/visionestrategica.elcolombiano.com\/#website"},"datePublished":"2022-09-01T16:29:21+00:00","dateModified":"2022-09-01T21:12:28+00:00","breadcrumb":{"@id":"https:\/\/visionestrategica.elcolombiano.com\/index.php\/enel\/#breadcrumb"},"inLanguage":"es","potentialAction":[{"@type":"ReadAction","target":["https:\/\/visionestrategica.elcolombiano.com\/index.php\/enel\/"]}]},{"@type":"BreadcrumbList","@id":"https:\/\/visionestrategica.elcolombiano.com\/index.php\/enel\/#breadcrumb","itemListElement":[{"@type":"ListItem","position":1,"name":"Home","item":"https:\/\/visionestrategica.elcolombiano.com\/"},{"@type":"ListItem","position":2,"name":"Enel"}]},{"@type":"WebSite","@id":"https:\/\/visionestrategica.elcolombiano.com\/#website","url":"https:\/\/visionestrategica.elcolombiano.com\/","name":"Visi\u00f3n Estrat\u00e9gica l El Colombiano","description":"Visi\u00f3n Estrat\u00e9gica l El Colombiano","publisher":{"@id":"https:\/\/visionestrategica.elcolombiano.com\/#organization"},"potentialAction":[{"@type":"SearchAction","target":{"@type":"EntryPoint","urlTemplate":"https:\/\/visionestrategica.elcolombiano.com\/?s={search_term_string}"},"query-input":"required name=search_term_string"}],"inLanguage":"es"},{"@type":"Organization","@id":"https:\/\/visionestrategica.elcolombiano.com\/#organization","name":"Visi\u00f3n Estrat\u00e9gica l El Colombiano","url":"https:\/\/visionestrategica.elcolombiano.com\/","logo":{"@type":"ImageObject","inLanguage":"es","@id":"https:\/\/visionestrategica.elcolombiano.com\/#\/schema\/logo\/image\/","url":"https:\/\/visionestrategica.elcolombiano.com\/wp-content\/uploads\/2022\/07\/cropped-Recurso-1-1.png","contentUrl":"https:\/\/visionestrategica.elcolombiano.com\/wp-content\/uploads\/2022\/07\/cropped-Recurso-1-1.png","width":288,"height":107,"caption":"Visi\u00f3n Estrat\u00e9gica l El Colombiano"},"image":{"@id":"https:\/\/visionestrategica.elcolombiano.com\/#\/schema\/logo\/image\/"}}]}},"_links":{"self":[{"href":"https:\/\/visionestrategica.elcolombiano.com\/index.php\/wp-json\/wp\/v2\/pages\/2285"}],"collection":[{"href":"https:\/\/visionestrategica.elcolombiano.com\/index.php\/wp-json\/wp\/v2\/pages"}],"about":[{"href":"https:\/\/visionestrategica.elcolombiano.com\/index.php\/wp-json\/wp\/v2\/types\/page"}],"author":[{"embeddable":true,"href":"https:\/\/visionestrategica.elcolombiano.com\/index.php\/wp-json\/wp\/v2\/users\/3"}],"replies":[{"embeddable":true,"href":"https:\/\/visionestrategica.elcolombiano.com\/index.php\/wp-json\/wp\/v2\/comments?post=2285"}],"version-history":[{"count":16,"href":"https:\/\/visionestrategica.elcolombiano.com\/index.php\/wp-json\/wp\/v2\/pages\/2285\/revisions"}],"predecessor-version":[{"id":2379,"href":"https:\/\/visionestrategica.elcolombiano.com\/index.php\/wp-json\/wp\/v2\/pages\/2285\/revisions\/2379"}],"wp:attachment":[{"href":"https:\/\/visionestrategica.elcolombiano.com\/index.php\/wp-json\/wp\/v2\/media?parent=2285"}],"curies":[{"name":"wp","href":"https:\/\/api.w.org\/{rel}","templated":true}]}}