{"id":1244,"date":"2022-07-20T14:59:04","date_gmt":"2022-07-20T14:59:04","guid":{"rendered":"https:\/\/visionestrategica.elcolombiano.com\/?page_id=1244"},"modified":"2022-08-02T10:42:02","modified_gmt":"2022-08-02T10:42:02","slug":"region-eje-cafetero","status":"publish","type":"page","link":"https:\/\/visionestrategica.elcolombiano.com\/index.php\/region-eje-cafetero\/","title":{"rendered":"Region-eje-cafetero"},"content":{"rendered":"\t\t<div data-elementor-type=\"wp-page\" data-elementor-id=\"1244\" class=\"elementor elementor-1244\">\n\t\t\t\t\t\t\t\t\t<section class=\"elementor-section elementor-top-section elementor-element elementor-element-444c815 elementor-section-height-min-height elementor-section-content-middle elementor-section-boxed elementor-section-height-default elementor-section-items-middle\" data-id=\"444c815\" data-element_type=\"section\" data-settings=\"{&quot;background_background&quot;:&quot;classic&quot;}\">\n\t\t\t\t\t\t\t<div class=\"elementor-background-overlay\"><\/div>\n\t\t\t\t\t\t\t<div class=\"elementor-container elementor-column-gap-no\">\n\t\t\t\t\t<div class=\"elementor-column elementor-col-100 elementor-top-column elementor-element elementor-element-cf1df3e\" data-id=\"cf1df3e\" data-element_type=\"column\">\n\t\t\t<div class=\"elementor-widget-wrap elementor-element-populated\">\n\t\t\t\t\t\t\t\t<div class=\"elementor-element elementor-element-d54ae2b elementor-headline--style-rotate elementor-widget elementor-widget-animated-headline\" data-id=\"d54ae2b\" data-element_type=\"widget\" data-settings=\"{&quot;headline_style&quot;:&quot;rotate&quot;,&quot;animation_type&quot;:&quot;slide&quot;,&quot;rotating_text&quot;:&quot;EJE CAFETERO&quot;,&quot;loop&quot;:&quot;yes&quot;,&quot;rotate_iteration_delay&quot;:2500}\" data-widget_type=\"animated-headline.default\">\n\t\t\t\t<div class=\"elementor-widget-container\">\n\t\t\t<link rel=\"stylesheet\" href=\"https:\/\/visionestrategica.elcolombiano.com\/wp-content\/plugins\/elementor-pro\/assets\/css\/widget-animated-headline.min.css\">\t\t<h2 class=\"elementor-headline elementor-headline-animation-type-slide\">\n\t\t\t\t<span class=\"elementor-headline-dynamic-wrapper elementor-headline-text-wrapper\">\n\t\t\t\t\t<span class=\"elementor-headline-dynamic-text elementor-headline-text-active\">\n\t\t\t\tEJE&nbsp;CAFETERO\t\t\t<\/span>\n\t\t\t\t\t\t<\/span>\n\t\t\t\t<\/h2>\n\t\t\t\t<\/div>\n\t\t\t\t<\/div>\n\t\t\t\t\t<\/div>\n\t\t<\/div>\n\t\t\t\t\t\t\t<\/div>\n\t\t<\/section>\n\t\t\t\t<section class=\"elementor-section elementor-top-section elementor-element elementor-element-ed92bda elementor-section-boxed elementor-section-height-default elementor-section-height-default\" data-id=\"ed92bda\" data-element_type=\"section\" data-settings=\"{&quot;background_background&quot;:&quot;classic&quot;}\">\n\t\t\t\t\t\t<div class=\"elementor-container elementor-column-gap-default\">\n\t\t\t\t\t<div class=\"elementor-column elementor-col-100 elementor-top-column elementor-element elementor-element-25e3d8a\" data-id=\"25e3d8a\" data-element_type=\"column\">\n\t\t\t<div class=\"elementor-widget-wrap elementor-element-populated\">\n\t\t\t\t\t\t\t\t<div class=\"elementor-element elementor-element-c69c843 elementor-widget elementor-widget-text-editor\" data-id=\"c69c843\" data-element_type=\"widget\" data-widget_type=\"text-editor.default\">\n\t\t\t\t<div class=\"elementor-widget-container\">\n\t\t\t<style>\/*! elementor - v3.16.0 - 20-09-2023 *\/\n.elementor-widget-text-editor.elementor-drop-cap-view-stacked .elementor-drop-cap{background-color:#69727d;color:#fff}.elementor-widget-text-editor.elementor-drop-cap-view-framed .elementor-drop-cap{color:#69727d;border:3px solid;background-color:transparent}.elementor-widget-text-editor:not(.elementor-drop-cap-view-default) .elementor-drop-cap{margin-top:8px}.elementor-widget-text-editor:not(.elementor-drop-cap-view-default) .elementor-drop-cap-letter{width:1em;height:1em}.elementor-widget-text-editor .elementor-drop-cap{float:left;text-align:center;line-height:1;font-size:50px}.elementor-widget-text-editor .elementor-drop-cap-letter{display:inline-block}<\/style>\t\t\t\t<p>Las empresas m\u00e1s grandes del Eje Cafetero contin\u00faan con una evoluci\u00f3n gradual en el listado de la Superintendencia de Sociedades, pues mantuvieron la misma cantidad de compa\u00f1\u00edas para 2021, pero sus ingresos s\u00ed aumentaron para totalizar $15,21 billones. A su vez, se evidenciaron alzas respecto a los resultados de 2019.<\/p><p>La regi\u00f3n reparte por igual sus fortalezas sectoriales pues comercio y manufactura, con 13 compa\u00f1\u00edas cada una, son el principal motor de los departamentos de Caldas, Quind\u00edo y Risaralda. En tercer lugar, se posicion\u00f3 servicios con cinco empresas.<\/p><p>A pesar de su vocaci\u00f3n agr\u00edcola, ninguna organizaci\u00f3n de este sector productivo clasific\u00f3 entre las empresas m\u00e1s grandes del Eje Cafetero.<\/p>\t\t\t\t\t\t<\/div>\n\t\t\t\t<\/div>\n\t\t\t\t\t<\/div>\n\t\t<\/div>\n\t\t\t\t\t\t\t<\/div>\n\t\t<\/section>\n\t\t\t\t<section class=\"elementor-section elementor-top-section elementor-element elementor-element-bf56f81 elementor-section-boxed elementor-section-height-default elementor-section-height-default\" data-id=\"bf56f81\" data-element_type=\"section\" data-settings=\"{&quot;background_background&quot;:&quot;classic&quot;}\">\n\t\t\t\t\t\t<div class=\"elementor-container elementor-column-gap-default\">\n\t\t\t\t\t<div class=\"elementor-column elementor-col-50 elementor-top-column elementor-element elementor-element-697ae39\" data-id=\"697ae39\" data-element_type=\"column\">\n\t\t\t<div class=\"elementor-widget-wrap elementor-element-populated\">\n\t\t\t\t\t\t\t\t<div class=\"elementor-element elementor-element-3f64553 elementor-widget elementor-widget-image\" data-id=\"3f64553\" data-element_type=\"widget\" data-widget_type=\"image.default\">\n\t\t\t\t<div class=\"elementor-widget-container\">\n\t\t\t<style>\/*! elementor - v3.16.0 - 20-09-2023 *\/\n.elementor-widget-image{text-align:center}.elementor-widget-image a{display:inline-block}.elementor-widget-image a img[src$=\".svg\"]{width:48px}.elementor-widget-image img{vertical-align:middle;display:inline-block}<\/style>\t\t\t\t\t\t\t\t\t\t\t\t<img decoding=\"async\" loading=\"lazy\" width=\"800\" height=\"723\" src=\"https:\/\/visionestrategica.elcolombiano.com\/wp-content\/uploads\/2022\/08\/cafetero1-2.jpg\" class=\"attachment-large size-large wp-image-1907\" alt=\"\" srcset=\"https:\/\/visionestrategica.elcolombiano.com\/wp-content\/uploads\/2022\/08\/cafetero1-2.jpg 941w, https:\/\/visionestrategica.elcolombiano.com\/wp-content\/uploads\/2022\/08\/cafetero1-2-300x271.jpg 300w, https:\/\/visionestrategica.elcolombiano.com\/wp-content\/uploads\/2022\/08\/cafetero1-2-768x694.jpg 768w\" sizes=\"(max-width: 800px) 100vw, 800px\" \/>\t\t\t\t\t\t\t\t\t\t\t\t\t\t\t<\/div>\n\t\t\t\t<\/div>\n\t\t\t\t\t<\/div>\n\t\t<\/div>\n\t\t\t\t<div class=\"elementor-column elementor-col-50 elementor-top-column elementor-element elementor-element-cdfb66d\" data-id=\"cdfb66d\" data-element_type=\"column\">\n\t\t\t<div class=\"elementor-widget-wrap elementor-element-populated\">\n\t\t\t\t\t\t\t\t<div class=\"elementor-element elementor-element-91296b5 elementor-widget elementor-widget-image\" data-id=\"91296b5\" data-element_type=\"widget\" data-widget_type=\"image.default\">\n\t\t\t\t<div class=\"elementor-widget-container\">\n\t\t\t\t\t\t\t\t\t\t\t\t\t\t\t<img decoding=\"async\" loading=\"lazy\" width=\"800\" height=\"723\" src=\"https:\/\/visionestrategica.elcolombiano.com\/wp-content\/uploads\/2022\/08\/cafetero2.jpg\" class=\"attachment-large size-large wp-image-1908\" alt=\"\" srcset=\"https:\/\/visionestrategica.elcolombiano.com\/wp-content\/uploads\/2022\/08\/cafetero2.jpg 941w, https:\/\/visionestrategica.elcolombiano.com\/wp-content\/uploads\/2022\/08\/cafetero2-300x271.jpg 300w, https:\/\/visionestrategica.elcolombiano.com\/wp-content\/uploads\/2022\/08\/cafetero2-768x694.jpg 768w\" sizes=\"(max-width: 800px) 100vw, 800px\" \/>\t\t\t\t\t\t\t\t\t\t\t\t\t\t\t<\/div>\n\t\t\t\t<\/div>\n\t\t\t\t\t<\/div>\n\t\t<\/div>\n\t\t\t\t\t\t\t<\/div>\n\t\t<\/section>\n\t\t\t\t<section class=\"elementor-section elementor-top-section elementor-element elementor-element-126868b elementor-section-boxed elementor-section-height-default elementor-section-height-default\" data-id=\"126868b\" data-element_type=\"section\">\n\t\t\t\t\t\t<div class=\"elementor-container elementor-column-gap-default\">\n\t\t\t\t\t<div class=\"elementor-column elementor-col-100 elementor-top-column elementor-element elementor-element-0d0e0fe\" data-id=\"0d0e0fe\" data-element_type=\"column\">\n\t\t\t<div class=\"elementor-widget-wrap elementor-element-populated\">\n\t\t\t\t\t\t\t\t<div class=\"elementor-element elementor-element-c9d39fa elementor-widget-divider--view-line elementor-widget elementor-widget-divider\" data-id=\"c9d39fa\" data-element_type=\"widget\" data-widget_type=\"divider.default\">\n\t\t\t\t<div class=\"elementor-widget-container\">\n\t\t\t<style>\/*! elementor - v3.16.0 - 20-09-2023 *\/\n.elementor-widget-divider{--divider-border-style:none;--divider-border-width:1px;--divider-color:#0c0d0e;--divider-icon-size:20px;--divider-element-spacing:10px;--divider-pattern-height:24px;--divider-pattern-size:20px;--divider-pattern-url:none;--divider-pattern-repeat:repeat-x}.elementor-widget-divider .elementor-divider{display:flex}.elementor-widget-divider .elementor-divider__text{font-size:15px;line-height:1;max-width:95%}.elementor-widget-divider .elementor-divider__element{margin:0 var(--divider-element-spacing);flex-shrink:0}.elementor-widget-divider .elementor-icon{font-size:var(--divider-icon-size)}.elementor-widget-divider .elementor-divider-separator{display:flex;margin:0;direction:ltr}.elementor-widget-divider--view-line_icon .elementor-divider-separator,.elementor-widget-divider--view-line_text .elementor-divider-separator{align-items:center}.elementor-widget-divider--view-line_icon .elementor-divider-separator:after,.elementor-widget-divider--view-line_icon .elementor-divider-separator:before,.elementor-widget-divider--view-line_text .elementor-divider-separator:after,.elementor-widget-divider--view-line_text .elementor-divider-separator:before{display:block;content:\"\";border-bottom:0;flex-grow:1;border-top:var(--divider-border-width) var(--divider-border-style) var(--divider-color)}.elementor-widget-divider--element-align-left .elementor-divider .elementor-divider-separator>.elementor-divider__svg:first-of-type{flex-grow:0;flex-shrink:100}.elementor-widget-divider--element-align-left .elementor-divider-separator:before{content:none}.elementor-widget-divider--element-align-left .elementor-divider__element{margin-left:0}.elementor-widget-divider--element-align-right .elementor-divider .elementor-divider-separator>.elementor-divider__svg:last-of-type{flex-grow:0;flex-shrink:100}.elementor-widget-divider--element-align-right .elementor-divider-separator:after{content:none}.elementor-widget-divider--element-align-right .elementor-divider__element{margin-right:0}.elementor-widget-divider:not(.elementor-widget-divider--view-line_text):not(.elementor-widget-divider--view-line_icon) .elementor-divider-separator{border-top:var(--divider-border-width) var(--divider-border-style) var(--divider-color)}.elementor-widget-divider--separator-type-pattern{--divider-border-style:none}.elementor-widget-divider--separator-type-pattern.elementor-widget-divider--view-line .elementor-divider-separator,.elementor-widget-divider--separator-type-pattern:not(.elementor-widget-divider--view-line) .elementor-divider-separator:after,.elementor-widget-divider--separator-type-pattern:not(.elementor-widget-divider--view-line) .elementor-divider-separator:before,.elementor-widget-divider--separator-type-pattern:not([class*=elementor-widget-divider--view]) .elementor-divider-separator{width:100%;min-height:var(--divider-pattern-height);-webkit-mask-size:var(--divider-pattern-size) 100%;mask-size:var(--divider-pattern-size) 100%;-webkit-mask-repeat:var(--divider-pattern-repeat);mask-repeat:var(--divider-pattern-repeat);background-color:var(--divider-color);-webkit-mask-image:var(--divider-pattern-url);mask-image:var(--divider-pattern-url)}.elementor-widget-divider--no-spacing{--divider-pattern-size:auto}.elementor-widget-divider--bg-round{--divider-pattern-repeat:round}.rtl .elementor-widget-divider .elementor-divider__text{direction:rtl}.e-con-inner>.elementor-widget-divider,.e-con>.elementor-widget-divider{width:var(--container-widget-width,100%);--flex-grow:var(--container-widget-flex-grow)}<\/style>\t\t<div class=\"elementor-divider\">\n\t\t\t<span class=\"elementor-divider-separator\">\n\t\t\t\t\t\t<\/span>\n\t\t<\/div>\n\t\t\t\t<\/div>\n\t\t\t\t<\/div>\n\t\t\t\t<div class=\"elementor-element elementor-element-f5c7648 elementor-widget elementor-widget-heading\" data-id=\"f5c7648\" data-element_type=\"widget\" data-widget_type=\"heading.default\">\n\t\t\t\t<div class=\"elementor-widget-container\">\n\t\t\t<style>\/*! elementor - v3.16.0 - 20-09-2023 *\/\n.elementor-heading-title{padding:0;margin:0;line-height:1}.elementor-widget-heading .elementor-heading-title[class*=elementor-size-]>a{color:inherit;font-size:inherit;line-height:inherit}.elementor-widget-heading .elementor-heading-title.elementor-size-small{font-size:15px}.elementor-widget-heading .elementor-heading-title.elementor-size-medium{font-size:19px}.elementor-widget-heading .elementor-heading-title.elementor-size-large{font-size:29px}.elementor-widget-heading .elementor-heading-title.elementor-size-xl{font-size:39px}.elementor-widget-heading .elementor-heading-title.elementor-size-xxl{font-size:59px}<\/style><h2 class=\"elementor-heading-title elementor-size-default\">Empresas<\/h2>\t\t<\/div>\n\t\t\t\t<\/div>\n\t\t\t\t\t<\/div>\n\t\t<\/div>\n\t\t\t\t\t\t\t<\/div>\n\t\t<\/section>\n\t\t\t\t<section class=\"elementor-section elementor-top-section elementor-element elementor-element-be01cde elementor-section-boxed elementor-section-height-default elementor-section-height-default\" data-id=\"be01cde\" data-element_type=\"section\">\n\t\t\t\t\t\t<div class=\"elementor-container elementor-column-gap-default\">\n\t\t\t\t\t<div class=\"elementor-column elementor-col-25 elementor-top-column elementor-element elementor-element-92fe856\" data-id=\"92fe856\" data-element_type=\"column\">\n\t\t\t<div class=\"elementor-widget-wrap elementor-element-populated\">\n\t\t\t\t\t\t\t\t<div class=\"elementor-element elementor-element-bcd4775 elementor-widget elementor-widget-image\" data-id=\"bcd4775\" data-element_type=\"widget\" data-widget_type=\"image.default\">\n\t\t\t\t<div class=\"elementor-widget-container\">\n\t\t\t\t\t\t\t\t\t\t\t\t\t\t\t<img decoding=\"async\" loading=\"lazy\" width=\"800\" height=\"534\" src=\"https:\/\/visionestrategica.elcolombiano.com\/wp-content\/uploads\/2022\/07\/Magnetro\u0301n-min-1024x683.jpg\" class=\"attachment-large size-large wp-image-1602\" alt=\"\" srcset=\"https:\/\/visionestrategica.elcolombiano.com\/wp-content\/uploads\/2022\/07\/Magnetro\u0301n-min-1024x683.jpg 1024w, https:\/\/visionestrategica.elcolombiano.com\/wp-content\/uploads\/2022\/07\/Magnetro\u0301n-min-300x200.jpg 300w, https:\/\/visionestrategica.elcolombiano.com\/wp-content\/uploads\/2022\/07\/Magnetro\u0301n-min-768x513.jpg 768w, https:\/\/visionestrategica.elcolombiano.com\/wp-content\/uploads\/2022\/07\/Magnetro\u0301n-min-1536x1025.jpg 1536w, https:\/\/visionestrategica.elcolombiano.com\/wp-content\/uploads\/2022\/07\/Magnetro\u0301n-min-2048x1367.jpg 2048w\" sizes=\"(max-width: 800px) 100vw, 800px\" \/>\t\t\t\t\t\t\t\t\t\t\t\t\t\t\t<\/div>\n\t\t\t\t<\/div>\n\t\t\t\t<div class=\"elementor-element elementor-element-57458a2 elementor-widget elementor-widget-heading\" data-id=\"57458a2\" data-element_type=\"widget\" data-widget_type=\"heading.default\">\n\t\t\t\t<div class=\"elementor-widget-container\">\n\t\t\t<h2 class=\"elementor-heading-title elementor-size-default\">Magnetr\u00f3n<\/h2>\t\t<\/div>\n\t\t\t\t<\/div>\n\t\t\t\t\t<\/div>\n\t\t<\/div>\n\t\t\t\t<div class=\"elementor-column elementor-col-25 elementor-top-column elementor-element elementor-element-a35de91\" data-id=\"a35de91\" data-element_type=\"column\">\n\t\t\t<div class=\"elementor-widget-wrap\">\n\t\t\t\t\t\t\t\t\t<\/div>\n\t\t<\/div>\n\t\t\t\t<div class=\"elementor-column elementor-col-25 elementor-top-column elementor-element elementor-element-aaaa9f3\" data-id=\"aaaa9f3\" data-element_type=\"column\">\n\t\t\t<div class=\"elementor-widget-wrap\">\n\t\t\t\t\t\t\t\t\t<\/div>\n\t\t<\/div>\n\t\t\t\t<div class=\"elementor-column elementor-col-25 elementor-top-column elementor-element elementor-element-b78a037\" data-id=\"b78a037\" data-element_type=\"column\">\n\t\t\t<div class=\"elementor-widget-wrap\">\n\t\t\t\t\t\t\t\t\t<\/div>\n\t\t<\/div>\n\t\t\t\t\t\t\t<\/div>\n\t\t<\/section>\n\t\t\t\t\t\t\t<\/div>\n\t\t","protected":false},"excerpt":{"rendered":"<p>EJE&nbsp;CAFETERO Las empresas m\u00e1s grandes del Eje Cafetero contin\u00faan con una evoluci\u00f3n gradual en el listado de la Superintendencia de Sociedades, pues mantuvieron la misma cantidad de compa\u00f1\u00edas para 2021, pero sus ingresos s\u00ed aumentaron para totalizar $15,21 billones. A su vez, se evidenciaron alzas respecto a los resultados de 2019. La regi\u00f3n reparte por [&hellip;]<\/p>\n","protected":false},"author":3,"featured_media":0,"parent":0,"menu_order":0,"comment_status":"closed","ping_status":"closed","template":"elementor_header_footer","meta":{"footnotes":""},"yoast_head":"<!-- This site is optimized with the Yoast SEO plugin v21.2 - https:\/\/yoast.com\/wordpress\/plugins\/seo\/ -->\n<title>Region-eje-cafetero - Visi\u00f3n Estrat\u00e9gica l El Colombiano<\/title>\n<meta name=\"robots\" content=\"index, follow, max-snippet:-1, max-image-preview:large, max-video-preview:-1\" \/>\n<link rel=\"canonical\" href=\"https:\/\/visionestrategica.elcolombiano.com\/index.php\/region-eje-cafetero\/\" \/>\n<meta property=\"og:locale\" content=\"es_ES\" \/>\n<meta property=\"og:type\" content=\"article\" \/>\n<meta property=\"og:title\" content=\"Region-eje-cafetero - Visi\u00f3n Estrat\u00e9gica l El Colombiano\" \/>\n<meta property=\"og:description\" content=\"EJE&nbsp;CAFETERO Las empresas m\u00e1s grandes del Eje Cafetero contin\u00faan con una evoluci\u00f3n gradual en el listado de la Superintendencia de Sociedades, pues mantuvieron la misma cantidad de compa\u00f1\u00edas para 2021, pero sus ingresos s\u00ed aumentaron para totalizar $15,21 billones. A su vez, se evidenciaron alzas respecto a los resultados de 2019. La regi\u00f3n reparte por [&hellip;]\" \/>\n<meta property=\"og:url\" content=\"https:\/\/visionestrategica.elcolombiano.com\/index.php\/region-eje-cafetero\/\" \/>\n<meta property=\"og:site_name\" content=\"Visi\u00f3n Estrat\u00e9gica l El Colombiano\" \/>\n<meta property=\"article:modified_time\" content=\"2022-08-02T10:42:02+00:00\" \/>\n<meta property=\"og:image\" content=\"https:\/\/visionestrategica.elcolombiano.com\/wp-content\/uploads\/2022\/08\/cafetero1-2.jpg\" \/>\n<meta name=\"twitter:card\" content=\"summary_large_image\" \/>\n<meta name=\"twitter:label1\" content=\"Tiempo de lectura\" \/>\n\t<meta name=\"twitter:data1\" content=\"2 minutos\" \/>\n<script type=\"application\/ld+json\" class=\"yoast-schema-graph\">{\"@context\":\"https:\/\/schema.org\",\"@graph\":[{\"@type\":\"WebPage\",\"@id\":\"https:\/\/visionestrategica.elcolombiano.com\/index.php\/region-eje-cafetero\/\",\"url\":\"https:\/\/visionestrategica.elcolombiano.com\/index.php\/region-eje-cafetero\/\",\"name\":\"Region-eje-cafetero - Visi\u00f3n Estrat\u00e9gica l El Colombiano\",\"isPartOf\":{\"@id\":\"https:\/\/visionestrategica.elcolombiano.com\/#website\"},\"datePublished\":\"2022-07-20T14:59:04+00:00\",\"dateModified\":\"2022-08-02T10:42:02+00:00\",\"breadcrumb\":{\"@id\":\"https:\/\/visionestrategica.elcolombiano.com\/index.php\/region-eje-cafetero\/#breadcrumb\"},\"inLanguage\":\"es\",\"potentialAction\":[{\"@type\":\"ReadAction\",\"target\":[\"https:\/\/visionestrategica.elcolombiano.com\/index.php\/region-eje-cafetero\/\"]}]},{\"@type\":\"BreadcrumbList\",\"@id\":\"https:\/\/visionestrategica.elcolombiano.com\/index.php\/region-eje-cafetero\/#breadcrumb\",\"itemListElement\":[{\"@type\":\"ListItem\",\"position\":1,\"name\":\"Home\",\"item\":\"https:\/\/visionestrategica.elcolombiano.com\/\"},{\"@type\":\"ListItem\",\"position\":2,\"name\":\"Region-eje-cafetero\"}]},{\"@type\":\"WebSite\",\"@id\":\"https:\/\/visionestrategica.elcolombiano.com\/#website\",\"url\":\"https:\/\/visionestrategica.elcolombiano.com\/\",\"name\":\"Visi\u00f3n Estrat\u00e9gica l El Colombiano\",\"description\":\"Visi\u00f3n Estrat\u00e9gica l El Colombiano\",\"publisher\":{\"@id\":\"https:\/\/visionestrategica.elcolombiano.com\/#organization\"},\"potentialAction\":[{\"@type\":\"SearchAction\",\"target\":{\"@type\":\"EntryPoint\",\"urlTemplate\":\"https:\/\/visionestrategica.elcolombiano.com\/?s={search_term_string}\"},\"query-input\":\"required name=search_term_string\"}],\"inLanguage\":\"es\"},{\"@type\":\"Organization\",\"@id\":\"https:\/\/visionestrategica.elcolombiano.com\/#organization\",\"name\":\"Visi\u00f3n Estrat\u00e9gica l El Colombiano\",\"url\":\"https:\/\/visionestrategica.elcolombiano.com\/\",\"logo\":{\"@type\":\"ImageObject\",\"inLanguage\":\"es\",\"@id\":\"https:\/\/visionestrategica.elcolombiano.com\/#\/schema\/logo\/image\/\",\"url\":\"https:\/\/visionestrategica.elcolombiano.com\/wp-content\/uploads\/2022\/07\/cropped-Recurso-1-1.png\",\"contentUrl\":\"https:\/\/visionestrategica.elcolombiano.com\/wp-content\/uploads\/2022\/07\/cropped-Recurso-1-1.png\",\"width\":288,\"height\":107,\"caption\":\"Visi\u00f3n Estrat\u00e9gica l El Colombiano\"},\"image\":{\"@id\":\"https:\/\/visionestrategica.elcolombiano.com\/#\/schema\/logo\/image\/\"}}]}<\/script>\n<!-- \/ Yoast SEO plugin. -->","yoast_head_json":{"title":"Region-eje-cafetero - Visi\u00f3n Estrat\u00e9gica l El Colombiano","robots":{"index":"index","follow":"follow","max-snippet":"max-snippet:-1","max-image-preview":"max-image-preview:large","max-video-preview":"max-video-preview:-1"},"canonical":"https:\/\/visionestrategica.elcolombiano.com\/index.php\/region-eje-cafetero\/","og_locale":"es_ES","og_type":"article","og_title":"Region-eje-cafetero - Visi\u00f3n Estrat\u00e9gica l El Colombiano","og_description":"EJE&nbsp;CAFETERO Las empresas m\u00e1s grandes del Eje Cafetero contin\u00faan con una evoluci\u00f3n gradual en el listado de la Superintendencia de Sociedades, pues mantuvieron la misma cantidad de compa\u00f1\u00edas para 2021, pero sus ingresos s\u00ed aumentaron para totalizar $15,21 billones. A su vez, se evidenciaron alzas respecto a los resultados de 2019. La regi\u00f3n reparte por [&hellip;]","og_url":"https:\/\/visionestrategica.elcolombiano.com\/index.php\/region-eje-cafetero\/","og_site_name":"Visi\u00f3n Estrat\u00e9gica l El Colombiano","article_modified_time":"2022-08-02T10:42:02+00:00","og_image":[{"url":"https:\/\/visionestrategica.elcolombiano.com\/wp-content\/uploads\/2022\/08\/cafetero1-2.jpg"}],"twitter_card":"summary_large_image","twitter_misc":{"Tiempo de lectura":"2 minutos"},"schema":{"@context":"https:\/\/schema.org","@graph":[{"@type":"WebPage","@id":"https:\/\/visionestrategica.elcolombiano.com\/index.php\/region-eje-cafetero\/","url":"https:\/\/visionestrategica.elcolombiano.com\/index.php\/region-eje-cafetero\/","name":"Region-eje-cafetero - Visi\u00f3n Estrat\u00e9gica l El Colombiano","isPartOf":{"@id":"https:\/\/visionestrategica.elcolombiano.com\/#website"},"datePublished":"2022-07-20T14:59:04+00:00","dateModified":"2022-08-02T10:42:02+00:00","breadcrumb":{"@id":"https:\/\/visionestrategica.elcolombiano.com\/index.php\/region-eje-cafetero\/#breadcrumb"},"inLanguage":"es","potentialAction":[{"@type":"ReadAction","target":["https:\/\/visionestrategica.elcolombiano.com\/index.php\/region-eje-cafetero\/"]}]},{"@type":"BreadcrumbList","@id":"https:\/\/visionestrategica.elcolombiano.com\/index.php\/region-eje-cafetero\/#breadcrumb","itemListElement":[{"@type":"ListItem","position":1,"name":"Home","item":"https:\/\/visionestrategica.elcolombiano.com\/"},{"@type":"ListItem","position":2,"name":"Region-eje-cafetero"}]},{"@type":"WebSite","@id":"https:\/\/visionestrategica.elcolombiano.com\/#website","url":"https:\/\/visionestrategica.elcolombiano.com\/","name":"Visi\u00f3n Estrat\u00e9gica l El Colombiano","description":"Visi\u00f3n Estrat\u00e9gica l El Colombiano","publisher":{"@id":"https:\/\/visionestrategica.elcolombiano.com\/#organization"},"potentialAction":[{"@type":"SearchAction","target":{"@type":"EntryPoint","urlTemplate":"https:\/\/visionestrategica.elcolombiano.com\/?s={search_term_string}"},"query-input":"required name=search_term_string"}],"inLanguage":"es"},{"@type":"Organization","@id":"https:\/\/visionestrategica.elcolombiano.com\/#organization","name":"Visi\u00f3n Estrat\u00e9gica l El Colombiano","url":"https:\/\/visionestrategica.elcolombiano.com\/","logo":{"@type":"ImageObject","inLanguage":"es","@id":"https:\/\/visionestrategica.elcolombiano.com\/#\/schema\/logo\/image\/","url":"https:\/\/visionestrategica.elcolombiano.com\/wp-content\/uploads\/2022\/07\/cropped-Recurso-1-1.png","contentUrl":"https:\/\/visionestrategica.elcolombiano.com\/wp-content\/uploads\/2022\/07\/cropped-Recurso-1-1.png","width":288,"height":107,"caption":"Visi\u00f3n Estrat\u00e9gica l El Colombiano"},"image":{"@id":"https:\/\/visionestrategica.elcolombiano.com\/#\/schema\/logo\/image\/"}}]}},"_links":{"self":[{"href":"https:\/\/visionestrategica.elcolombiano.com\/index.php\/wp-json\/wp\/v2\/pages\/1244"}],"collection":[{"href":"https:\/\/visionestrategica.elcolombiano.com\/index.php\/wp-json\/wp\/v2\/pages"}],"about":[{"href":"https:\/\/visionestrategica.elcolombiano.com\/index.php\/wp-json\/wp\/v2\/types\/page"}],"author":[{"embeddable":true,"href":"https:\/\/visionestrategica.elcolombiano.com\/index.php\/wp-json\/wp\/v2\/users\/3"}],"replies":[{"embeddable":true,"href":"https:\/\/visionestrategica.elcolombiano.com\/index.php\/wp-json\/wp\/v2\/comments?post=1244"}],"version-history":[{"count":17,"href":"https:\/\/visionestrategica.elcolombiano.com\/index.php\/wp-json\/wp\/v2\/pages\/1244\/revisions"}],"predecessor-version":[{"id":1911,"href":"https:\/\/visionestrategica.elcolombiano.com\/index.php\/wp-json\/wp\/v2\/pages\/1244\/revisions\/1911"}],"wp:attachment":[{"href":"https:\/\/visionestrategica.elcolombiano.com\/index.php\/wp-json\/wp\/v2\/media?parent=1244"}],"curies":[{"name":"wp","href":"https:\/\/api.w.org\/{rel}","templated":true}]}}